{"id":21084,"date":"2021-02-21T14:42:32","date_gmt":"2021-02-21T14:42:32","guid":{"rendered":"https:\/\/www.autonvaraosahaku.fi\/?product=ridex-273c0611-alatukivarsi"},"modified":"2021-02-21T14:42:32","modified_gmt":"2021-02-21T14:42:32","slug":"ridex-273c0611-alatukivarsi","status":"publish","type":"product","link":"https:\/\/www.autonvaraosahaku.fi\/?product=ridex-273c0611-alatukivarsi","title":{"rendered":"RIDEX 273C0611 Alatukivarsi"},"content":{"rendered":"<p>Materiaali: Ter\u00e4slevy; Ohjausmalli: Poikittaistukivarsi; Asennuspuoli: etuakseli molemminpuoleinen, Alla; Paino [kg]: 1,2, 1,2; Tarvittava kappalem\u00e4\u00e4r\u00e4: 2; Alustanumeroon: 81-D-077 973; VW: PASSAT Variant 32B,PASSAT 32B,PASSAT 32,PASSAT Stufenheck 32B,PASSAT Variant 33,SANTANA 32B; AUDI: 80 89, 89Q, 8A, B3,80 81, 85, B2,90 89, 89Q, 8A, B3,COUPE 81, 85,80 80, 82, B1,90 81, 85, B2; 811407147, 811407147A, 811407147B, 811407153A, 893407147G, 811407147, 811407147A, 811407147B, 811407153A, 893407147G; Tukivarsi,Tukivarsi, Py\u00f6r\u00e4ntuenta<\/p>\n","protected":false},"excerpt":{"rendered":"<p>RIDEX Alatukivarsi 273C0611 Tukivarsi,Tukivarsi, Py\u00f6r\u00e4ntuenta VW,AUDI,PASSAT Variant 32B,PASSAT 32B,PASSAT 32,PASSAT Stufenheck 32B,PASSAT Variant 33<\/p>\n","protected":false},"featured_media":0,"template":"","meta":{"site-sidebar-layout":"default","site-content-layout":"default","ast-global-header-display":"","ast-main-header-display":"","ast-hfb-above-header-display":"","ast-hfb-below-header-display":"","ast-hfb-mobile-header-display":"","site-post-title":"","ast-breadcrumbs-content":"","ast-featured-img":"","footer-sml-layout":"","theme-transparent-header-meta":"","adv-header-id-meta":"","stick-header-meta":"","header-above-stick-meta":"","header-main-stick-meta":"","header-below-stick-meta":""},"pwb-brand":[157],"product_cat":[62],"product_tag":[],"class_list":{"0":"post-21084","1":"product","2":"type-product","3":"status-publish","5":"pwb-brand-ridex","6":"product_cat-alatukivarsi","7":"desktop-align-left","8":"tablet-align-left","9":"mobile-align-left","11":"first","12":"instock","13":"product-type-external"},"brands":[{"id":157,"name":"RIDEX","slug":"ridex"}],"_links":{"self":[{"href":"https:\/\/www.autonvaraosahaku.fi\/index.php?rest_route=\/wp\/v2\/product\/21084","targetHints":{"allow":["GET"]}}],"collection":[{"href":"https:\/\/www.autonvaraosahaku.fi\/index.php?rest_route=\/wp\/v2\/product"}],"about":[{"href":"https:\/\/www.autonvaraosahaku.fi\/index.php?rest_route=\/wp\/v2\/types\/product"}],"wp:attachment":[{"href":"https:\/\/www.autonvaraosahaku.fi\/index.php?rest_route=%2Fwp%2Fv2%2Fmedia&parent=21084"}],"wp:term":[{"taxonomy":"pwb-brand","embeddable":true,"href":"https:\/\/www.autonvaraosahaku.fi\/index.php?rest_route=%2Fwp%2Fv2%2Fpwb-brand&post=21084"},{"taxonomy":"product_cat","embeddable":true,"href":"https:\/\/www.autonvaraosahaku.fi\/index.php?rest_route=%2Fwp%2Fv2%2Fproduct_cat&post=21084"},{"taxonomy":"product_tag","embeddable":true,"href":"https:\/\/www.autonvaraosahaku.fi\/index.php?rest_route=%2Fwp%2Fv2%2Fproduct_tag&post=21084"}],"curies":[{"name":"wp","href":"https:\/\/api.w.org\/{rel}","templated":true}]}}