{"id":21118,"date":"2021-02-21T14:42:36","date_gmt":"2021-02-21T14:42:36","guid":{"rendered":"https:\/\/www.autonvaraosahaku.fi\/?product=seim-803660-kasijarruvaijeri"},"modified":"2021-02-21T14:42:38","modified_gmt":"2021-02-21T14:42:38","slug":"seim-803660-kasijarruvaijeri","status":"publish","type":"product","link":"https:\/\/www.autonvaraosahaku.fi\/?product=seim-803660-kasijarruvaijeri","title":{"rendered":"SEIM 803660 K\u00e4sijarruvaijeri"},"content":{"rendered":"<p>Asennuspuoli: Takana; Pituus 1 \/ pituus 2: 1372\/1085+1387\/1100; Tarvittava kappalem\u00e4\u00e4r\u00e4: 1; Jarrutyyppi: Rumpujarru; T\u00e4yssarja: ; PEUGEOT: 205 II 20A\/C,205 I Cabriolet 741B, 20D,205 I 741A\/C,205 Kasten; 3349808036604, 474555, 474556, 474563, 474564, 9151913980, 9151914080; Jarruvaijeri,Vaijeri, K\u00e4sijarru<\/p>\n","protected":false},"excerpt":{"rendered":"<p>SEIM K\u00e4sijarruvaijeri 803660 Jarruvaijeri,Vaijeri, K\u00e4sijarru PEUGEOT,205 II 20A\/C,205 I Cabriolet 741B, 20D,205 I 741A\/C,205 Kasten<\/p>\n","protected":false},"featured_media":0,"template":"","meta":{"site-sidebar-layout":"default","site-content-layout":"default","ast-global-header-display":"","ast-main-header-display":"","ast-hfb-above-header-display":"","ast-hfb-below-header-display":"","ast-hfb-mobile-header-display":"","site-post-title":"","ast-breadcrumbs-content":"","ast-featured-img":"","footer-sml-layout":"","theme-transparent-header-meta":"","adv-header-id-meta":"","stick-header-meta":"","header-above-stick-meta":"","header-main-stick-meta":"","header-below-stick-meta":""},"pwb-brand":[191],"product_cat":[210],"product_tag":[],"class_list":{"0":"post-21118","1":"product","2":"type-product","3":"status-publish","5":"pwb-brand-seim","6":"product_cat-kasijarruvaijeri","7":"desktop-align-left","8":"tablet-align-left","9":"mobile-align-left","11":"first","12":"instock","13":"product-type-external"},"brands":[{"id":191,"name":"SEIM","slug":"seim"}],"_links":{"self":[{"href":"https:\/\/www.autonvaraosahaku.fi\/index.php?rest_route=\/wp\/v2\/product\/21118","targetHints":{"allow":["GET"]}}],"collection":[{"href":"https:\/\/www.autonvaraosahaku.fi\/index.php?rest_route=\/wp\/v2\/product"}],"about":[{"href":"https:\/\/www.autonvaraosahaku.fi\/index.php?rest_route=\/wp\/v2\/types\/product"}],"wp:attachment":[{"href":"https:\/\/www.autonvaraosahaku.fi\/index.php?rest_route=%2Fwp%2Fv2%2Fmedia&parent=21118"}],"wp:term":[{"taxonomy":"pwb-brand","embeddable":true,"href":"https:\/\/www.autonvaraosahaku.fi\/index.php?rest_route=%2Fwp%2Fv2%2Fpwb-brand&post=21118"},{"taxonomy":"product_cat","embeddable":true,"href":"https:\/\/www.autonvaraosahaku.fi\/index.php?rest_route=%2Fwp%2Fv2%2Fproduct_cat&post=21118"},{"taxonomy":"product_tag","embeddable":true,"href":"https:\/\/www.autonvaraosahaku.fi\/index.php?rest_route=%2Fwp%2Fv2%2Fproduct_tag&post=21118"}],"curies":[{"name":"wp","href":"https:\/\/api.w.org\/{rel}","templated":true}]}}