{"id":21181,"date":"2021-02-21T14:42:52","date_gmt":"2021-02-21T14:42:52","guid":{"rendered":"https:\/\/www.autonvaraosahaku.fi\/?product=jp-group-1517600400-muut-luokat"},"modified":"2021-02-21T14:42:52","modified_gmt":"2021-02-21T14:42:52","slug":"jp-group-1517600400-muut-luokat","status":"publish","type":"product","link":"https:\/\/www.autonvaraosahaku.fi\/?product=jp-group-1517600400-muut-luokat","title":{"rendered":"JP GROUP 1517600400 Muut luokat"},"content":{"rendered":"<p>Sy\u00f6tt\u00f6 \/ paluu: Sis\u00e4\u00e4nvirtaukselle; Moottorinumeroon: 1179740; FORD: FIESTA V JH_, JD_,FIESTA VI,FUSION JU_; CITRO\u00cbN: C1 PM_, PN_,C2 JM_,C3 I FC_,C3 II,XSARA N1,C3 Pluriel HB_,XSARA Coupe N0,NEMO Kasten AA_,NEMO Kombi,C2 ENTERPRISE; PEUGEOT: 206 Schr\u00e4gheck 2A\/C,207 WA_, WC_,307 3A\/C,107,206+ T3E,1007 KM_,206 Stufenheck,BIPPER AA_,BIPPER Tepee,206 Van,207 Van; 037936, 037939, 037941, 037953, 037962, 1202486, 1219455, 1319613, 1404780, 1479851, 2S6Q6K679AA, 2S6Q6K679AB, 2S6Q6K679AC, 2S6Q6K679AD, 2S6Q6K679AE, 037936, 037939, 037941, 037953, 037962<\/p>\n","protected":false},"excerpt":{"rendered":"<p>JP GROUP \u00d6ljyjohdin Ahdin JP Group 1517600400  FORD,CITRO\u00cbN,PEUGEOT,FIESTA V JH_, JD_,FIESTA VI,FUSION JU_,C1 PM_, PN_,C2 JM_,C3 I FC_,C3 II,XSARA N1<\/p>\n","protected":false},"featured_media":0,"template":"","meta":{"site-sidebar-layout":"default","site-content-layout":"default","ast-global-header-display":"","ast-main-header-display":"","ast-hfb-above-header-display":"","ast-hfb-below-header-display":"","ast-hfb-mobile-header-display":"","site-post-title":"","ast-breadcrumbs-content":"","ast-featured-img":"","footer-sml-layout":"","theme-transparent-header-meta":"","adv-header-id-meta":"","stick-header-meta":"","header-above-stick-meta":"","header-main-stick-meta":"","header-below-stick-meta":""},"pwb-brand":[131],"product_cat":[37],"product_tag":[],"class_list":{"0":"post-21181","1":"product","2":"type-product","3":"status-publish","5":"pwb-brand-jp-group","6":"product_cat-muut-luokat","7":"desktop-align-left","8":"tablet-align-left","9":"mobile-align-left","11":"first","12":"instock","13":"product-type-external"},"brands":[{"id":131,"name":"JP GROUP","slug":"jp-group"}],"_links":{"self":[{"href":"https:\/\/www.autonvaraosahaku.fi\/index.php?rest_route=\/wp\/v2\/product\/21181","targetHints":{"allow":["GET"]}}],"collection":[{"href":"https:\/\/www.autonvaraosahaku.fi\/index.php?rest_route=\/wp\/v2\/product"}],"about":[{"href":"https:\/\/www.autonvaraosahaku.fi\/index.php?rest_route=\/wp\/v2\/types\/product"}],"wp:attachment":[{"href":"https:\/\/www.autonvaraosahaku.fi\/index.php?rest_route=%2Fwp%2Fv2%2Fmedia&parent=21181"}],"wp:term":[{"taxonomy":"pwb-brand","embeddable":true,"href":"https:\/\/www.autonvaraosahaku.fi\/index.php?rest_route=%2Fwp%2Fv2%2Fpwb-brand&post=21181"},{"taxonomy":"product_cat","embeddable":true,"href":"https:\/\/www.autonvaraosahaku.fi\/index.php?rest_route=%2Fwp%2Fv2%2Fproduct_cat&post=21181"},{"taxonomy":"product_tag","embeddable":true,"href":"https:\/\/www.autonvaraosahaku.fi\/index.php?rest_route=%2Fwp%2Fv2%2Fproduct_tag&post=21181"}],"curies":[{"name":"wp","href":"https:\/\/api.w.org\/{rel}","templated":true}]}}