{"id":21207,"date":"2021-02-21T14:42:56","date_gmt":"2021-02-21T14:42:56","guid":{"rendered":"https:\/\/www.autonvaraosahaku.fi\/?product=freccia-r6771-scr-imuventtiili"},"modified":"2021-02-21T14:42:57","modified_gmt":"2021-02-21T14:42:57","slug":"freccia-r6771-scr-imuventtiili","status":"publish","type":"product","link":"https:\/\/www.autonvaraosahaku.fi\/?product=freccia-r6771-scr-imuventtiili","title":{"rendered":"FRECCIA R6771\/SCR Imuventtiili"},"content":{"rendered":"<p>Venttiililautasen l\u00e4pimitta [mm]: 24,8; Venttiilinvarren l\u00e4pimitta [mm]: 5; Pituus (mm): 94; venttiiliistukan kulma [astetta]: 45; Korvaava tuote\/korvaava tiedote 2: venttiilinvarsi kromattu, Venttilivarren p\u00e4\u00e4 karkaistu; Liittimet: I; Materiaali: Kromi-siliciumter\u00e4s; TECDOC-moottorinumero: 26136; BMW: 1 F20,1 F21; MINI: MINI R56,MINI CLUBMAN R55,MINI Cabriolet R57,MINI COUNTRYMAN R60,MINI PACEMAN R61,MINI CLUBVAN R55; 11347812618<\/p>\n","protected":false},"excerpt":{"rendered":"<p>FRECCIA Imuventtiili R6771\/SCR  BMW,MINI,1 F20,1 F21,MINI R56,MINI CLUBMAN R55,MINI Cabriolet R57,MINI COUNTRYMAN R60,MINI PACEMAN R61<\/p>\n","protected":false},"featured_media":0,"template":"","meta":{"site-sidebar-layout":"default","site-content-layout":"default","ast-global-header-display":"","ast-main-header-display":"","ast-hfb-above-header-display":"","ast-hfb-below-header-display":"","ast-hfb-mobile-header-display":"","site-post-title":"","ast-breadcrumbs-content":"","ast-featured-img":"","footer-sml-layout":"","theme-transparent-header-meta":"","adv-header-id-meta":"","stick-header-meta":"","header-above-stick-meta":"","header-main-stick-meta":"","header-below-stick-meta":""},"pwb-brand":[345],"product_cat":[274],"product_tag":[],"class_list":{"0":"post-21207","1":"product","2":"type-product","3":"status-publish","5":"pwb-brand-freccia","6":"product_cat-imuventtiili","7":"desktop-align-left","8":"tablet-align-left","9":"mobile-align-left","11":"first","12":"instock","13":"product-type-external"},"brands":[{"id":345,"name":"FRECCIA","slug":"freccia"}],"_links":{"self":[{"href":"https:\/\/www.autonvaraosahaku.fi\/index.php?rest_route=\/wp\/v2\/product\/21207","targetHints":{"allow":["GET"]}}],"collection":[{"href":"https:\/\/www.autonvaraosahaku.fi\/index.php?rest_route=\/wp\/v2\/product"}],"about":[{"href":"https:\/\/www.autonvaraosahaku.fi\/index.php?rest_route=\/wp\/v2\/types\/product"}],"wp:attachment":[{"href":"https:\/\/www.autonvaraosahaku.fi\/index.php?rest_route=%2Fwp%2Fv2%2Fmedia&parent=21207"}],"wp:term":[{"taxonomy":"pwb-brand","embeddable":true,"href":"https:\/\/www.autonvaraosahaku.fi\/index.php?rest_route=%2Fwp%2Fv2%2Fpwb-brand&post=21207"},{"taxonomy":"product_cat","embeddable":true,"href":"https:\/\/www.autonvaraosahaku.fi\/index.php?rest_route=%2Fwp%2Fv2%2Fproduct_cat&post=21207"},{"taxonomy":"product_tag","embeddable":true,"href":"https:\/\/www.autonvaraosahaku.fi\/index.php?rest_route=%2Fwp%2Fv2%2Fproduct_tag&post=21207"}],"curies":[{"name":"wp","href":"https:\/\/api.w.org\/{rel}","templated":true}]}}