{"id":21213,"date":"2021-02-21T14:42:56","date_gmt":"2021-02-21T14:42:56","guid":{"rendered":"https:\/\/www.autonvaraosahaku.fi\/?product=diederichs-lid10070-lamput-hehkulamppu"},"modified":"2021-02-21T14:42:58","modified_gmt":"2021-02-21T14:42:58","slug":"diederichs-lid10070-lamput-hehkulamppu","status":"publish","type":"product","link":"https:\/\/www.autonvaraosahaku.fi\/?product=diederichs-lid10070-lamput-hehkulamppu","title":{"rendered":"DIEDERICHS LID10070 Lamput (hehkulamppu)"},"content":{"rendered":"<p>J\u00e4nnite (V): 12; Nimellisteho (W): 55; Lamppumalli: H11; Kantamalli: PGJ19-2; Tuotelinja: More Light +120%; VW: GOLF V 1K1,TOURAN 1T1, 1T2,PASSAT Variant 3C5,PASSAT 3C2,GOLF VII 5G1, BE1,CADDY III Kombi 2KB, 2KJ, 2CB, 2CJ,GOLF V Variant 1K5,CADDY III Kasten 2KA, 2KH, 2CA, 2CH,GOLF VII Kombi BA5,PASSAT CC 357,PHAETON 3D_,JETTA III 1K2,GOLF SPORTSVAN AM1,MULTIVAN VI SGF, SGM, SGN,TRANSPORTER VI Bus SGB, SGG, SGJ,GOLF ALLTRACK BA5; AUDI: A4 Avant 8K5, B8,A3 Sportback 8PA,A4 Avant 8ED, B7,A4 8K2, B8,Q5 8R,A6 4F2, C6,A4 Cabriolet 8H7, B6, 8HE, B7,A4 8EC, B7,Q7 4L,TT 8J3,Q3 8U,A6 4G2, C7, 4GC,A1 8X1, 8XF,A1 Sportback 8XA, 8XK,A4 Allroad 8KH, B8,TT Roadster 8J9,A3 Cabriolet 8P7,A6 Allroad 4GH, 4GJ; MAZDA: 5 CR19,CX-5 KE, GH,6 Kombi GH,2 DE,CX-7 ER,3 BL,5 CW,3 BM,6 Kombi GJ, GH,6 Schr\u00e4gheck GH,6 GH,6 Stufenheck GJ, GH,3 Stufenheck BL,3 Stufenheck BM,CX-9 TB; NISSAN: QASHQAI \/ QASHQAI +2 J10, JJ10,NAVARA D40,PATHFINDER R51,X-TRAIL T31,MICRA IV K13,PRIMERA Kombi WP12,PRIMERA P12,NAVARA Pritsche\/Fahrgestell D40,NOTE E12,QASHQAI J11, J11_,X-TRAIL T32,PULSAR Schr\u00e4gheck C13,NV400 Bus,NV400 Pritsche\/Fahrgestell; JEEP: GRAND CHEROKEE III WH, WK,COMPASS MK49,COMMANDER XK,RENEGADE Gel\u00e4ndewagen geschlossen BU,CHEROKEE KL; ABARTH: PUNTO 199_; LADA: NIVA II 2123,KALINA Kombi 1117,KALINA Schr\u00e4gheck 1119,PRIORA Kombi 2171,KALINA Stufenheck 1118,PRIORA Schr\u00e4gheck 2172; SUZUKI: SWIFT III MZ, EZ,SWIFT IV FZ, NZ,SX4 EY, GY,SPLASH,ALTO HA25, HA35,SX4 S-Cross,KIZASHI FR,SX4 Stufenheck GY; SEAT: EXEO ST 3R5,EXEO 3R2; MERCEDES-BENZ: C-CLASS W204,A-CLASS W169,B-CLASS W245,C-CLASS T-Model S204,E-CLASS W212,B-CLASS W246, W242,M-CLASS W164,GLK-CLASS X204,A-CLASS W176,SPRINTER 3,5-t Kasten 906,S-CLASS W221,CLS C219,R-CLASS W251, V251,G-CLASS W463,E-CLASS Coupe C207,CLK Cabriolet A209,CLA Coupe C117,C-CLASS Coupe C204,SPRINTER 3,5-t Bus 906,E-CLASS Cabriolet A207,CLC-CLASS CL203,GL-CLASS X164,CLS C218,SPRINTER 3,5-t Pritsche\/Fahrgestell 906,S-CLASS Coupe C216,SPRINTER 3-t Bus 906,CLS Shooting Brake X218,SPRINTER 5-t Pritsche\/Fahrgestell 906,G-CLASS Cabrio W463,V-CLASS W447,GLA-CLASS X156,VITO Tourer W447,CLA Shooting Brake X117,VITO Kasten W447,VITO Mixto W447; N000000001606; Polttimo, Ajovalo<\/p>\n","protected":false},"excerpt":{"rendered":"<p>DIEDERICHS Ajovalopolttimo LID10070 Polttimo, Ajovalo VW,AUDI,MAZDA,GOLF V 1K1,TOURAN 1T1, 1T2,PASSAT Variant 3C5,PASSAT 3C2,GOLF VII 5G1, BE1<\/p>\n","protected":false},"featured_media":0,"template":"","meta":{"site-sidebar-layout":"default","site-content-layout":"default","ast-global-header-display":"","ast-main-header-display":"","ast-hfb-above-header-display":"","ast-hfb-below-header-display":"","ast-hfb-mobile-header-display":"","site-post-title":"","ast-breadcrumbs-content":"","ast-featured-img":"","footer-sml-layout":"","theme-transparent-header-meta":"","adv-header-id-meta":"","stick-header-meta":"","header-above-stick-meta":"","header-main-stick-meta":"","header-below-stick-meta":""},"pwb-brand":[227],"product_cat":[151],"product_tag":[],"class_list":{"0":"post-21213","1":"product","2":"type-product","3":"status-publish","5":"pwb-brand-diederichs","6":"product_cat-lamput-hehkulamppu","7":"desktop-align-left","8":"tablet-align-left","9":"mobile-align-left","11":"first","12":"instock","13":"product-type-external"},"brands":[{"id":227,"name":"DIEDERICHS","slug":"diederichs"}],"_links":{"self":[{"href":"https:\/\/www.autonvaraosahaku.fi\/index.php?rest_route=\/wp\/v2\/product\/21213","targetHints":{"allow":["GET"]}}],"collection":[{"href":"https:\/\/www.autonvaraosahaku.fi\/index.php?rest_route=\/wp\/v2\/product"}],"about":[{"href":"https:\/\/www.autonvaraosahaku.fi\/index.php?rest_route=\/wp\/v2\/types\/product"}],"wp:attachment":[{"href":"https:\/\/www.autonvaraosahaku.fi\/index.php?rest_route=%2Fwp%2Fv2%2Fmedia&parent=21213"}],"wp:term":[{"taxonomy":"pwb-brand","embeddable":true,"href":"https:\/\/www.autonvaraosahaku.fi\/index.php?rest_route=%2Fwp%2Fv2%2Fpwb-brand&post=21213"},{"taxonomy":"product_cat","embeddable":true,"href":"https:\/\/www.autonvaraosahaku.fi\/index.php?rest_route=%2Fwp%2Fv2%2Fproduct_cat&post=21213"},{"taxonomy":"product_tag","embeddable":true,"href":"https:\/\/www.autonvaraosahaku.fi\/index.php?rest_route=%2Fwp%2Fv2%2Fproduct_tag&post=21213"}],"curies":[{"name":"wp","href":"https:\/\/api.w.org\/{rel}","templated":true}]}}