{"id":21215,"date":"2021-02-21T14:42:56","date_gmt":"2021-02-21T14:42:56","guid":{"rendered":"https:\/\/www.autonvaraosahaku.fi\/?product=topran-723-814-painemuunnin"},"modified":"2021-02-21T14:42:58","modified_gmt":"2021-02-21T14:42:58","slug":"topran-723-814-painemuunnin","status":"publish","type":"product","link":"https:\/\/www.autonvaraosahaku.fi\/?product=topran-723-814-painemuunnin","title":{"rendered":"TOPRAN 723 814 Painemuunnin"},"content":{"rendered":"<p>K\u00e4ytt\u00f6: S\u00e4hk\u00f6-pneumaattinen; Napojen m\u00e4\u00e4r\u00e4: 2; Pistokkeen kotelon muoto: suorakulmainen (rectangular); Venttiilimalli: Magneettiventtiili; Liittimi\u00e4: 3; Kotelomalli: Muovikotelo; Kotelomateriaali: Lasikuitu-muovi; Nimellisj\u00e4nnite (V): 12; Moottorinumero: G8DA; VOLVO: V50 MW,V70 III BW,C30,S40 II MS,S80 II AS; FORD: FOCUS C-MAX; CITRO\u00cbN: BERLINGO MF,XSARA PICASSO N68,C2 JM_,BERLINGO B9,C5 III Break TD_,C4 Picasso I UD_,C4 Grand Picasso I UA_,C4 I LC_,BERLINGO Kasten M_,C5 II Break RE_,C3 Picasso,C5 III RD_,C5 II RC_,BERLINGO Kasten B9,C4 Stufenheck L; PEUGEOT: 206 Schr\u00e4gheck 2A\/C,206 CC 2D,207 WA_, WC_,307 SW 3H,207 CC WD_,407 SW 6E_,307 3A\/C,207 SW WK_,308 SW,206 SW 2E\/K,308 4A_, 4C_,5008,307 Break 3E,607 9D, 9U,407 6D_,3008,PARTNER Tepee,1007 KM_,PARTNER Combispace 5F,PARTNER Kasten 5,PARTNER Kasten; 1618C9, 9652570180, 9652997580, 1230655, 1254383, 1313848, 3M5Q9E882CA, 3M5Q9E882CB, 3M5Q9E882CC, 1618C9, 9652570180, 9652997580, 30711101<\/p>\n","protected":false},"excerpt":{"rendered":"<p>TOPRAN Painemuunnin 723 814  VOLVO,FORD,CITRO\u00cbN,V50 MW,V70 III BW,C30,S40 II MS,S80 II AS,FOCUS C-MAX,BERLINGO MF,XSARA PICASSO N68,C2 JM_,BERLINGO B9<\/p>\n","protected":false},"featured_media":0,"template":"","meta":{"site-sidebar-layout":"default","site-content-layout":"default","ast-global-header-display":"","ast-main-header-display":"","ast-hfb-above-header-display":"","ast-hfb-below-header-display":"","ast-hfb-mobile-header-display":"","site-post-title":"","ast-breadcrumbs-content":"","ast-featured-img":"","footer-sml-layout":"","theme-transparent-header-meta":"","adv-header-id-meta":"","stick-header-meta":"","header-above-stick-meta":"","header-main-stick-meta":"","header-below-stick-meta":""},"pwb-brand":[18],"product_cat":[205],"product_tag":[],"class_list":{"0":"post-21215","1":"product","2":"type-product","3":"status-publish","5":"pwb-brand-topran","6":"product_cat-painemuunnin","7":"desktop-align-left","8":"tablet-align-left","9":"mobile-align-left","11":"first","12":"instock","13":"product-type-external"},"brands":[{"id":18,"name":"TOPRAN","slug":"topran"}],"_links":{"self":[{"href":"https:\/\/www.autonvaraosahaku.fi\/index.php?rest_route=\/wp\/v2\/product\/21215","targetHints":{"allow":["GET"]}}],"collection":[{"href":"https:\/\/www.autonvaraosahaku.fi\/index.php?rest_route=\/wp\/v2\/product"}],"about":[{"href":"https:\/\/www.autonvaraosahaku.fi\/index.php?rest_route=\/wp\/v2\/types\/product"}],"wp:attachment":[{"href":"https:\/\/www.autonvaraosahaku.fi\/index.php?rest_route=%2Fwp%2Fv2%2Fmedia&parent=21215"}],"wp:term":[{"taxonomy":"pwb-brand","embeddable":true,"href":"https:\/\/www.autonvaraosahaku.fi\/index.php?rest_route=%2Fwp%2Fv2%2Fpwb-brand&post=21215"},{"taxonomy":"product_cat","embeddable":true,"href":"https:\/\/www.autonvaraosahaku.fi\/index.php?rest_route=%2Fwp%2Fv2%2Fproduct_cat&post=21215"},{"taxonomy":"product_tag","embeddable":true,"href":"https:\/\/www.autonvaraosahaku.fi\/index.php?rest_route=%2Fwp%2Fv2%2Fproduct_tag&post=21215"}],"curies":[{"name":"wp","href":"https:\/\/api.w.org\/{rel}","templated":true}]}}