{"id":21216,"date":"2021-02-21T14:42:56","date_gmt":"2021-02-21T14:42:56","guid":{"rendered":"https:\/\/www.autonvaraosahaku.fi\/?product=topran-723-095-kampiakselin-asentotunnistin"},"modified":"2021-02-21T14:42:58","modified_gmt":"2021-02-21T14:42:58","slug":"topran-723-095-kampiakselin-asentotunnistin","status":"publish","type":"product","link":"https:\/\/www.autonvaraosahaku.fi\/?product=topran-723-095-kampiakselin-asentotunnistin","title":{"rendered":"TOPRAN 723 095 Kampiakselin asentotunnistin"},"content":{"rendered":"<p>Napojen m\u00e4\u00e4r\u00e4: 3; Korvaava tuote\/korvaava tiedote 2: ilman kaapelia; Moottorinumero: Y650; MAZDA: 3 BL,5 CW,3 Stufenheck BL; VOLVO: V50 MW,C30,S40 II MS,S80 II AS; MINI: MINI R56,MINI CLUBMAN R55; LANCIA: PHEDRA 179; FORD: MONDEO IV Turnier BA7,S-MAX WA6,GALAXY WA6,FUSION JU_,MONDEO IV BA7,MONDEO IV Stufenheck BA7; TOYOTA: AYGO WNB1_, KGB1_,PROACE Kasten\/Kombi; FIAT: SCUDO 270_,SCUDO Kasten 270_,SCUDO Pritsche\/Fahrgestell 270_; CITRO\u00cbN: C1 PM_, PN_,BERLINGO MF,XSARA PICASSO N68,C2 JM_,C3 I FC_,BERLINGO B9,C5 III Break TD_,C4 Grand Picasso I UA_,C8 EA_, EB_,C4 I LC_,DS3,BERLINGO Kasten M_,C3 Picasso,C5 III RD_,C3 II,C3 Pluriel HB_,C4 II B7,C-CROSSER EP_,JUMPY,BERLINGO Kasten B9,C6 TD_,JUMPY Kasten,C4 Grand Picasso II,C4 Picasso II,DS4,NEMO Kasten AA_,DS5,C4 AIRCROSS,NEMO Kombi,C-ELYSEE,C4 CACTUS,SPACETOURER,C3 AIRCROSS II; PEUGEOT: 207 WA_, WC_,307 SW 3H,207 CC WD_,407 SW 6E_,307 3A\/C,207 SW WK_,107,308 SW,206 SW 2E\/K,208,807 E,308 4A_, 4C_,5008,307 Break 3E,508 SW,607 9D, 9U,407 6D_,3008,PARTNER Tepee,1007 KM_,PARTNER Combispace 5F,4007 GP_,2008,PARTNER Kasten 5,508,EXPERT Tepee VF3V_,EXPERT Kasten VF3A_, VF3U_, VF3X_,PARTNER Kasten,BIPPER AA_,308 II,BIPPER Tepee,4008,308 SW II,EXPERT Pritsche\/Fahrgestell; DS: DS5; 1920PW, 1920PW, 9664387280, 9664387380, 1517990, 8S6Q9E731AA, 9664387280, 9664387380, Y60318221, 13627808449, 7808449, MN982334, 1920PW, SU00100873, 31216677; Kampiakselin Anturi,Impulssianturi, Kampiakseli<\/p>\n","protected":false},"excerpt":{"rendered":"<p>TOPRAN Kampiakselin Asentotunnistin 723 095 Kampiakselin Anturi,Impulssianturi, Kampiakseli MAZDA,VOLVO,MINI,3 BL,5 CW,3 Stufenheck BL,V50 MW,C30<\/p>\n","protected":false},"featured_media":0,"template":"","meta":{"site-sidebar-layout":"default","site-content-layout":"default","ast-global-header-display":"","ast-main-header-display":"","ast-hfb-above-header-display":"","ast-hfb-below-header-display":"","ast-hfb-mobile-header-display":"","site-post-title":"","ast-breadcrumbs-content":"","ast-featured-img":"","footer-sml-layout":"","theme-transparent-header-meta":"","adv-header-id-meta":"","stick-header-meta":"","header-above-stick-meta":"","header-main-stick-meta":"","header-below-stick-meta":""},"pwb-brand":[18],"product_cat":[184],"product_tag":[],"class_list":{"0":"post-21216","1":"product","2":"type-product","3":"status-publish","5":"pwb-brand-topran","6":"product_cat-kampiakselin-asentotunnistin","7":"desktop-align-left","8":"tablet-align-left","9":"mobile-align-left","11":"first","12":"instock","13":"product-type-external"},"brands":[{"id":18,"name":"TOPRAN","slug":"topran"}],"_links":{"self":[{"href":"https:\/\/www.autonvaraosahaku.fi\/index.php?rest_route=\/wp\/v2\/product\/21216","targetHints":{"allow":["GET"]}}],"collection":[{"href":"https:\/\/www.autonvaraosahaku.fi\/index.php?rest_route=\/wp\/v2\/product"}],"about":[{"href":"https:\/\/www.autonvaraosahaku.fi\/index.php?rest_route=\/wp\/v2\/types\/product"}],"wp:attachment":[{"href":"https:\/\/www.autonvaraosahaku.fi\/index.php?rest_route=%2Fwp%2Fv2%2Fmedia&parent=21216"}],"wp:term":[{"taxonomy":"pwb-brand","embeddable":true,"href":"https:\/\/www.autonvaraosahaku.fi\/index.php?rest_route=%2Fwp%2Fv2%2Fpwb-brand&post=21216"},{"taxonomy":"product_cat","embeddable":true,"href":"https:\/\/www.autonvaraosahaku.fi\/index.php?rest_route=%2Fwp%2Fv2%2Fproduct_cat&post=21216"},{"taxonomy":"product_tag","embeddable":true,"href":"https:\/\/www.autonvaraosahaku.fi\/index.php?rest_route=%2Fwp%2Fv2%2Fproduct_tag&post=21216"}],"curies":[{"name":"wp","href":"https:\/\/api.w.org\/{rel}","templated":true}]}}