{"id":21236,"date":"2021-02-21T14:43:00","date_gmt":"2021-02-21T14:43:00","guid":{"rendered":"https:\/\/www.autonvaraosahaku.fi\/?product=bts-turbo-cp41903-hydraulinen-venttiilinnostin"},"modified":"2021-02-21T14:43:02","modified_gmt":"2021-02-21T14:43:02","slug":"bts-turbo-cp41903-hydraulinen-venttiilinnostin","status":"publish","type":"product","link":"https:\/\/www.autonvaraosahaku.fi\/?product=bts-turbo-cp41903-hydraulinen-venttiilinnostin","title":{"rendered":"BTS TURBO CP41903 Hydraulinen venttiilinnostin"},"content":{"rendered":"<p>Moottorinumero: M102.981,M102.998; MERCEDES-BENZ: 190 W201,Stufenheck W123,G-CLASS W460,COUPE C123,KOMBI Kombi S123,T1 Bus 601,T1 Pritsche\/Fahrgestell 601,T1 Kasten 601; 1020550001<\/p>\n","protected":false},"excerpt":{"rendered":"<p>BTS TURBO Keinuvipu, Moottorins\u00e4\u00e4t\u00f6 CP41903  MERCEDES-BENZ,190 W201,Stufenheck W123,G-CLASS W460,COUPE C123,KOMBI Kombi S123,T1 Bus 601<\/p>\n","protected":false},"featured_media":0,"template":"","meta":{"site-sidebar-layout":"default","site-content-layout":"default","ast-global-header-display":"","ast-main-header-display":"","ast-hfb-above-header-display":"","ast-hfb-below-header-display":"","ast-hfb-mobile-header-display":"","site-post-title":"","ast-breadcrumbs-content":"","ast-featured-img":"","footer-sml-layout":"","theme-transparent-header-meta":"","adv-header-id-meta":"","stick-header-meta":"","header-above-stick-meta":"","header-main-stick-meta":"","header-below-stick-meta":""},"pwb-brand":[426],"product_cat":[126],"product_tag":[],"class_list":{"0":"post-21236","1":"product","2":"type-product","3":"status-publish","5":"pwb-brand-bts-turbo","6":"product_cat-hydraulinen-venttiilinnostin","7":"desktop-align-left","8":"tablet-align-left","9":"mobile-align-left","11":"first","12":"instock","13":"product-type-external"},"brands":[{"id":426,"name":"BTS TURBO","slug":"bts-turbo"}],"_links":{"self":[{"href":"https:\/\/www.autonvaraosahaku.fi\/index.php?rest_route=\/wp\/v2\/product\/21236","targetHints":{"allow":["GET"]}}],"collection":[{"href":"https:\/\/www.autonvaraosahaku.fi\/index.php?rest_route=\/wp\/v2\/product"}],"about":[{"href":"https:\/\/www.autonvaraosahaku.fi\/index.php?rest_route=\/wp\/v2\/types\/product"}],"wp:attachment":[{"href":"https:\/\/www.autonvaraosahaku.fi\/index.php?rest_route=%2Fwp%2Fv2%2Fmedia&parent=21236"}],"wp:term":[{"taxonomy":"pwb-brand","embeddable":true,"href":"https:\/\/www.autonvaraosahaku.fi\/index.php?rest_route=%2Fwp%2Fv2%2Fpwb-brand&post=21236"},{"taxonomy":"product_cat","embeddable":true,"href":"https:\/\/www.autonvaraosahaku.fi\/index.php?rest_route=%2Fwp%2Fv2%2Fproduct_cat&post=21236"},{"taxonomy":"product_tag","embeddable":true,"href":"https:\/\/www.autonvaraosahaku.fi\/index.php?rest_route=%2Fwp%2Fv2%2Fproduct_tag&post=21236"}],"curies":[{"name":"wp","href":"https:\/\/api.w.org\/{rel}","templated":true}]}}