{"id":21244,"date":"2021-02-21T14:43:04","date_gmt":"2021-02-21T14:43:04","guid":{"rendered":"https:\/\/www.autonvaraosahaku.fi\/?product=ridex-1914m0253-sivupeilin-lasi"},"modified":"2021-02-21T14:43:05","modified_gmt":"2021-02-21T14:43:05","slug":"ridex-1914m0253-sivupeilin-lasi","status":"publish","type":"product","link":"https:\/\/www.autonvaraosahaku.fi\/?product=ridex-1914m0253-sivupeilin-lasi","title":{"rendered":"RIDEX 1914M0253 Sivupeilin lasi"},"content":{"rendered":"<p>Asennuspuoli: Oikea; Vasen \/ oikea liikenne: Oikean-\/vasemmanpuolinen ohjaus, Oikean-\/vasemmanpuolinen ohjaus; Ulko-\/sis\u00e4peili: L\u00e4mmitetty, Kupera, L\u00e4mmitetty, Kupera; Valmistusvuoteen: 07\/2013; VW: PASSAT Variant 365,EOS 1F7, 1F8,SCIROCCO 137, 138,PASSAT CC 357,PASSAT 362,BEETLE 5C1,JETTA IV 162, 163,PASSAT ALLTRACK 365,BEETLE Cabriolet 5C7; 3C8857522, 5C6857522D; Peililasi, Ulkopeili<\/p>\n","protected":false},"excerpt":{"rendered":"<p>RIDEX Sivupeilin Lasi 1914M0253 Peililasi, Ulkopeili VW,PASSAT Variant 365,EOS 1F7, 1F8,SCIROCCO 137, 138,PASSAT CC 357,PASSAT 362,BEETLE 5C1<\/p>\n","protected":false},"featured_media":0,"template":"","meta":{"site-sidebar-layout":"default","site-content-layout":"default","ast-global-header-display":"","ast-main-header-display":"","ast-hfb-above-header-display":"","ast-hfb-below-header-display":"","ast-hfb-mobile-header-display":"","site-post-title":"","ast-breadcrumbs-content":"","ast-featured-img":"","footer-sml-layout":"","theme-transparent-header-meta":"","adv-header-id-meta":"","stick-header-meta":"","header-above-stick-meta":"","header-main-stick-meta":"","header-below-stick-meta":""},"pwb-brand":[157],"product_cat":[196],"product_tag":[],"class_list":{"0":"post-21244","1":"product","2":"type-product","3":"status-publish","5":"pwb-brand-ridex","6":"product_cat-sivupeilin-lasi","7":"desktop-align-left","8":"tablet-align-left","9":"mobile-align-left","11":"first","12":"instock","13":"product-type-external"},"brands":[{"id":157,"name":"RIDEX","slug":"ridex"}],"_links":{"self":[{"href":"https:\/\/www.autonvaraosahaku.fi\/index.php?rest_route=\/wp\/v2\/product\/21244","targetHints":{"allow":["GET"]}}],"collection":[{"href":"https:\/\/www.autonvaraosahaku.fi\/index.php?rest_route=\/wp\/v2\/product"}],"about":[{"href":"https:\/\/www.autonvaraosahaku.fi\/index.php?rest_route=\/wp\/v2\/types\/product"}],"wp:attachment":[{"href":"https:\/\/www.autonvaraosahaku.fi\/index.php?rest_route=%2Fwp%2Fv2%2Fmedia&parent=21244"}],"wp:term":[{"taxonomy":"pwb-brand","embeddable":true,"href":"https:\/\/www.autonvaraosahaku.fi\/index.php?rest_route=%2Fwp%2Fv2%2Fpwb-brand&post=21244"},{"taxonomy":"product_cat","embeddable":true,"href":"https:\/\/www.autonvaraosahaku.fi\/index.php?rest_route=%2Fwp%2Fv2%2Fproduct_cat&post=21244"},{"taxonomy":"product_tag","embeddable":true,"href":"https:\/\/www.autonvaraosahaku.fi\/index.php?rest_route=%2Fwp%2Fv2%2Fproduct_tag&post=21244"}],"curies":[{"name":"wp","href":"https:\/\/api.w.org\/{rel}","templated":true}]}}