{"id":21281,"date":"2021-02-21T14:43:12","date_gmt":"2021-02-21T14:43:12","guid":{"rendered":"https:\/\/www.autonvaraosahaku.fi\/?product=maxgear-27-0467-jarrusatula-korjaussarja"},"modified":"2021-02-21T14:43:13","modified_gmt":"2021-02-21T14:43:13","slug":"maxgear-27-0467-jarrusatula-korjaussarja","status":"publish","type":"product","link":"https:\/\/www.autonvaraosahaku.fi\/?product=maxgear-27-0467-jarrusatula-korjaussarja","title":{"rendered":"MAXGEAR 27-0467 Jarrusatula korjaussarja"},"content":{"rendered":"<p>Asennuspuoli: Etuakseli; L\u00e4pimitta [mm]: 54; Jarruj\u00e4rjestelm\u00e4: LUCAS; HONDA: CIVIC VII Hatchback EU, EP, EV,CIVIC VI Hatchback EJ, EK,CIVIC VI Fastback MA, MB,CIVIC VI Aerodeck MB, MC,CIVIC VII Coupe EM2,CIVIC V Coupe EJ,CIVIC VII Stufenheck ES,CONCERTO HW,CONCERTO Stufenheck HWW; VOLVO: V40 Kombi VW,S40 I VS; ROVER: 25 RF,200 RF,45 Stufenheck RT,45 RT,400 RT,CABRIOLET XW,400 Hatchback RT,STREETWISE,200 Hatchback XW,200 Coupe XW,400 Tourer XW,200 XH,400 XW,COUPE; SMART: FORFOUR 454; PEUGEOT: 206 Schr\u00e4gheck 2A\/C; MG: MG ZR,MG ZS,EXPRESS Kasten; MITSUBISHI: COLT VI Z3_A, Z2_A,SPACE STAR DG_A,CARISMA DA_,COLT CZC Cabriolet RG,CARISMA Stufenheck DA_; EJP1440, SEG100170; Korjaussarja, Jarrusatula<\/p>\n","protected":false},"excerpt":{"rendered":"<p>MAXGEAR Jarrusatula Korjaussarja 27-0467 Korjaussarja, Jarrusatula HONDA,VOLVO,ROVER,CIVIC VII Hatchback EU, EP, EV,CIVIC VI Hatchback EJ, EK<\/p>\n","protected":false},"featured_media":0,"template":"","meta":{"site-sidebar-layout":"default","site-content-layout":"default","ast-global-header-display":"","ast-main-header-display":"","ast-hfb-above-header-display":"","ast-hfb-below-header-display":"","ast-hfb-mobile-header-display":"","site-post-title":"","ast-breadcrumbs-content":"","ast-featured-img":"","footer-sml-layout":"","theme-transparent-header-meta":"","adv-header-id-meta":"","stick-header-meta":"","header-above-stick-meta":"","header-main-stick-meta":"","header-below-stick-meta":""},"pwb-brand":[48],"product_cat":[57],"product_tag":[],"class_list":{"0":"post-21281","1":"product","2":"type-product","3":"status-publish","5":"pwb-brand-maxgear","6":"product_cat-jarrusatula-korjaussarja","7":"desktop-align-left","8":"tablet-align-left","9":"mobile-align-left","11":"first","12":"instock","13":"product-type-external"},"brands":[{"id":48,"name":"MAXGEAR","slug":"maxgear"}],"_links":{"self":[{"href":"https:\/\/www.autonvaraosahaku.fi\/index.php?rest_route=\/wp\/v2\/product\/21281","targetHints":{"allow":["GET"]}}],"collection":[{"href":"https:\/\/www.autonvaraosahaku.fi\/index.php?rest_route=\/wp\/v2\/product"}],"about":[{"href":"https:\/\/www.autonvaraosahaku.fi\/index.php?rest_route=\/wp\/v2\/types\/product"}],"wp:attachment":[{"href":"https:\/\/www.autonvaraosahaku.fi\/index.php?rest_route=%2Fwp%2Fv2%2Fmedia&parent=21281"}],"wp:term":[{"taxonomy":"pwb-brand","embeddable":true,"href":"https:\/\/www.autonvaraosahaku.fi\/index.php?rest_route=%2Fwp%2Fv2%2Fpwb-brand&post=21281"},{"taxonomy":"product_cat","embeddable":true,"href":"https:\/\/www.autonvaraosahaku.fi\/index.php?rest_route=%2Fwp%2Fv2%2Fproduct_cat&post=21281"},{"taxonomy":"product_tag","embeddable":true,"href":"https:\/\/www.autonvaraosahaku.fi\/index.php?rest_route=%2Fwp%2Fv2%2Fproduct_tag&post=21281"}],"curies":[{"name":"wp","href":"https:\/\/api.w.org\/{rel}","templated":true}]}}