{"id":21284,"date":"2021-02-21T14:43:12","date_gmt":"2021-02-21T14:43:12","guid":{"rendered":"https:\/\/www.autonvaraosahaku.fi\/?product=ackoja-a38-0506-oljynsuodatin"},"modified":"2021-02-21T14:43:13","modified_gmt":"2021-02-21T14:43:13","slug":"ackoja-a38-0506-oljynsuodatin","status":"publish","type":"product","link":"https:\/\/www.autonvaraosahaku.fi\/?product=ackoja-a38-0506-oljynsuodatin","title":{"rendered":"ACKOJA A38-0506 \u00d6ljynsuodatin"},"content":{"rendered":"<p>Suodatintyyppi: Suodatinpanos; Pakkausleveys [cm]: 12,3, 8,3; Pakkauskorkeus [mm]: 7,1, 9, 9; Sis\u00e4l\u00e4pimitta 1 [mm]: 24; Korkeus (mm): 113; Sis\u00e4l\u00e4pimitta [mm]: 24; Ulkol\u00e4pimitta [mm]: 57; Paino [kg]: 0,092; Moottorinumero: M9R-780; MERCEDES-BENZ: C-CLASS T-Model S205,C-CLASS W205; OPEL: VIVARO Kasten F7,VIVARO Combi J7,MOVANO Kasten F9,MOVANO B Kasten,MOVANO B Bus,MOVANO Combi J9,VIVARO Pritsche\/Fahrgestell E7,MOVANO Pritsche\/Fahrgestell U9, E9,MOVANO B Pritsche\/Fahrgestell,MOVANO Kipper H9,VIVARO Combi,VIVARO Kasten; RENAULT: SC\u00c9NIC II JM0\/1_,MEGANE III Grandtour KZ0\/1,ESPACE IV JK0\/1_,LAGUNA II Grandtour KG0\/1_,MEGANE II Kombi KM0\/1_,MEGANE II Coup\u00e9-Cabriolet EM0\/1_,SC\u00c9NIC III JZ0\/1_,LAGUNA III Grandtour KT0\/1,MEGANE III Schr\u00e4gheck BZ0_,LAGUNA II BG0\/1_,MEGANE II BM0\/1_, CM0\/1_,TRAFIC II Bus JL,GRAND SC\u00c9NIC III JZ0\/1_,MASTER II Kasten FD,TRAFIC II Kasten FL,MEGANE III Coupe DZ0\/1_,KOLEOS HY_,GRAND SC\u00c9NIC II JM0\/1_,LAGUNA III BT0\/1,MASTER III Kasten FV,MEGANE II Stufenheck LM0\/1_,MASTER II Pritsche\/Fahrgestell ED\/HD\/UD,MEGANE CC EZ0\/1_,VEL SATIS BJ0_,MASTER II Bus JD,LAGUNA Coupe DT0\/1,MASTER III Bus JV,MASTER III Pritsche\/Fahrgestell EV, HV, UV,FLUENCE L30_,LATITUDE L70_,TRAFIC II Pritsche\/Fahrgestell EL,TRAFIC III Kasten,TRAFIC III Bus; NISSAN: QASHQAI \/ QASHQAI +2 J10, JJ10,X-TRAIL T31,PRIMASTAR Bus X83,PRIMASTAR Kasten X83,INTERSTAR Kasten X70,QASHQAI J11, J11_,NV400 Kasten,INTERSTAR Bus X70,X-TRAIL T32,NV400 Bus,NAVARA Pick-up D23,INTERSTAR Pritsche\/Fahrgestell,NV400 Pritsche\/Fahrgestell,PRIMASTAR Pritsche\/Fahrgestell; VAUXHALL: VIVARO Kasten F7,MOVANO Mk I A Van FD,MOVANO Mk II B VAN,VIVARO Combi,VIVARO Combi J7,VIVARO Pritsche\/Fahrgestell E7,MOVANO Mk I A Combi JD,MOVANO Mk II B Chassis\/Cab; 93161665, 1520900Q0A, 04431215, 4431215, 93161665, 8200362442, 8671018392, 4431215, 93161665<\/p>\n","protected":false},"excerpt":{"rendered":"<p>ACKOJA \u00d6ljynsuodatin Original Ersatzteil A38-0506  MERCEDES-BENZ,OPEL,RENAULT,C-CLASS T-Model S205,C-CLASS W205,VIVARO Kasten F7,VIVARO Combi J7<\/p>\n","protected":false},"featured_media":0,"template":"","meta":{"site-sidebar-layout":"default","site-content-layout":"default","ast-global-header-display":"","ast-main-header-display":"","ast-hfb-above-header-display":"","ast-hfb-below-header-display":"","ast-hfb-mobile-header-display":"","site-post-title":"","ast-breadcrumbs-content":"","ast-featured-img":"","footer-sml-layout":"","theme-transparent-header-meta":"","adv-header-id-meta":"","stick-header-meta":"","header-above-stick-meta":"","header-main-stick-meta":"","header-below-stick-meta":""},"pwb-brand":[386],"product_cat":[30],"product_tag":[],"class_list":{"0":"post-21284","1":"product","2":"type-product","3":"status-publish","5":"pwb-brand-ackoja","6":"product_cat-oljynsuodatin","7":"desktop-align-left","8":"tablet-align-left","9":"mobile-align-left","11":"first","12":"instock","13":"product-type-external"},"brands":[{"id":386,"name":"ACKOJA","slug":"ackoja"}],"_links":{"self":[{"href":"https:\/\/www.autonvaraosahaku.fi\/index.php?rest_route=\/wp\/v2\/product\/21284","targetHints":{"allow":["GET"]}}],"collection":[{"href":"https:\/\/www.autonvaraosahaku.fi\/index.php?rest_route=\/wp\/v2\/product"}],"about":[{"href":"https:\/\/www.autonvaraosahaku.fi\/index.php?rest_route=\/wp\/v2\/types\/product"}],"wp:attachment":[{"href":"https:\/\/www.autonvaraosahaku.fi\/index.php?rest_route=%2Fwp%2Fv2%2Fmedia&parent=21284"}],"wp:term":[{"taxonomy":"pwb-brand","embeddable":true,"href":"https:\/\/www.autonvaraosahaku.fi\/index.php?rest_route=%2Fwp%2Fv2%2Fpwb-brand&post=21284"},{"taxonomy":"product_cat","embeddable":true,"href":"https:\/\/www.autonvaraosahaku.fi\/index.php?rest_route=%2Fwp%2Fv2%2Fproduct_cat&post=21284"},{"taxonomy":"product_tag","embeddable":true,"href":"https:\/\/www.autonvaraosahaku.fi\/index.php?rest_route=%2Fwp%2Fv2%2Fproduct_tag&post=21284"}],"curies":[{"name":"wp","href":"https:\/\/api.w.org\/{rel}","templated":true}]}}