{"id":21288,"date":"2021-02-21T14:43:12","date_gmt":"2021-02-21T14:43:12","guid":{"rendered":"https:\/\/www.autonvaraosahaku.fi\/?product=dakatec-150150-raidetangon-paa"},"modified":"2021-02-21T14:43:14","modified_gmt":"2021-02-21T14:43:14","slug":"dakatec-150150-raidetangon-paa","status":"publish","type":"product","link":"https:\/\/www.autonvaraosahaku.fi\/?product=dakatec-150150-raidetangon-paa","title":{"rendered":"DAKAtec 150150 Raidetangon p\u00e4\u00e4"},"content":{"rendered":"<p>Kartiomitta (mm): 13; Kierremalli: Oikealla kierteell\u00e4; Kierremitta: 12&#215;1,25; Asennuspuoli: etuakseli molemminpuoleinen, au\u00dfen; Paino [g]: 400; NISSAN: PRIMERA P11,PRIMERA Kombi WP12,PRIMERA P12,PRIMERA Traveller WP11,PRIMERA Hatchback P11,PRIMERA Hatchback P12,ALMERA I Hatchback N15,200 SX S13,ALMERA I N15,SERENA C23M,PRIMERA P10,SUNNY II Coupe B12,SUNNY III Liftback N14,PULSAR V Schr\u00e4gheck N14,PRIMERA Hatchback P10,SUNNY II Hatchback N13,VANETTE CARGO Kasten HC 23,VANETTE CARGO Bus HC 23,SUNNY II N13; 4852002E26, 485200M025, 4852035F25, 485204B000, 485204B025, 4852053M25, 4852073J25, 485209C000, 485209C025, 48520Q5601<\/p>\n","protected":false},"excerpt":{"rendered":"<p>DAKAtec Raidetangon P\u00e4\u00e4 150150  NISSAN,PRIMERA P11,PRIMERA Kombi WP12,PRIMERA P12,PRIMERA Traveller WP11,PRIMERA Hatchback P11,PRIMERA Hatchback P12<\/p>\n","protected":false},"featured_media":0,"template":"","meta":{"site-sidebar-layout":"default","site-content-layout":"default","ast-global-header-display":"","ast-main-header-display":"","ast-hfb-above-header-display":"","ast-hfb-below-header-display":"","ast-hfb-mobile-header-display":"","site-post-title":"","ast-breadcrumbs-content":"","ast-featured-img":"","footer-sml-layout":"","theme-transparent-header-meta":"","adv-header-id-meta":"","stick-header-meta":"","header-above-stick-meta":"","header-main-stick-meta":"","header-below-stick-meta":""},"pwb-brand":[283],"product_cat":[96],"product_tag":[],"class_list":{"0":"post-21288","1":"product","2":"type-product","3":"status-publish","5":"pwb-brand-dakatec","6":"product_cat-raidetangon-paa","7":"desktop-align-left","8":"tablet-align-left","9":"mobile-align-left","11":"first","12":"instock","13":"product-type-external"},"brands":[{"id":283,"name":"DAKAtec","slug":"dakatec"}],"_links":{"self":[{"href":"https:\/\/www.autonvaraosahaku.fi\/index.php?rest_route=\/wp\/v2\/product\/21288","targetHints":{"allow":["GET"]}}],"collection":[{"href":"https:\/\/www.autonvaraosahaku.fi\/index.php?rest_route=\/wp\/v2\/product"}],"about":[{"href":"https:\/\/www.autonvaraosahaku.fi\/index.php?rest_route=\/wp\/v2\/types\/product"}],"wp:attachment":[{"href":"https:\/\/www.autonvaraosahaku.fi\/index.php?rest_route=%2Fwp%2Fv2%2Fmedia&parent=21288"}],"wp:term":[{"taxonomy":"pwb-brand","embeddable":true,"href":"https:\/\/www.autonvaraosahaku.fi\/index.php?rest_route=%2Fwp%2Fv2%2Fpwb-brand&post=21288"},{"taxonomy":"product_cat","embeddable":true,"href":"https:\/\/www.autonvaraosahaku.fi\/index.php?rest_route=%2Fwp%2Fv2%2Fproduct_cat&post=21288"},{"taxonomy":"product_tag","embeddable":true,"href":"https:\/\/www.autonvaraosahaku.fi\/index.php?rest_route=%2Fwp%2Fv2%2Fproduct_tag&post=21288"}],"curies":[{"name":"wp","href":"https:\/\/api.w.org\/{rel}","templated":true}]}}