{"id":21293,"date":"2021-02-21T14:43:12","date_gmt":"2021-02-21T14:43:12","guid":{"rendered":"https:\/\/www.autonvaraosahaku.fi\/?product=dakatec-140116-raidetangon-sisapaa"},"modified":"2021-02-21T14:43:14","modified_gmt":"2021-02-21T14:43:14","slug":"dakatec-140116-raidetangon-sisapaa","status":"publish","type":"product","link":"https:\/\/www.autonvaraosahaku.fi\/?product=dakatec-140116-raidetangon-sisapaa","title":{"rendered":"DAKAtec 140116 Raidetangon sis\u00e4p\u00e4\u00e4"},"content":{"rendered":"<p>Asennuspuoli: etuakseli molemminpuoleinen; Kierre 1: M14x1,5; kierre 2: M14x1,5; Kokonaispituus (mm): 316,0; Paino [g]: 550; PEUGEOT: 206 Schr\u00e4gheck 2A\/C,206 CC 2D,307 3A\/C,206 SW 2E\/K,206+ T3E,206 Stufenheck; 3812C5; Raidetangon P\u00e4\u00e4 Sisempi,Raidetangon P\u00e4\u00e4, Suora<\/p>\n","protected":false},"excerpt":{"rendered":"<p>DAKAtec Raidetangon Sis\u00e4p\u00e4\u00e4 140116 Raidetangon P\u00e4\u00e4 Sisempi,Raidetangon P\u00e4\u00e4, Suora PEUGEOT,206 Schr\u00e4gheck 2A\/C,206 CC 2D,307 3A\/C,206 SW 2E\/K,206+ T3E<\/p>\n","protected":false},"featured_media":0,"template":"","meta":{"site-sidebar-layout":"default","site-content-layout":"default","ast-global-header-display":"","ast-main-header-display":"","ast-hfb-above-header-display":"","ast-hfb-below-header-display":"","ast-hfb-mobile-header-display":"","site-post-title":"","ast-breadcrumbs-content":"","ast-featured-img":"","footer-sml-layout":"","theme-transparent-header-meta":"","adv-header-id-meta":"","stick-header-meta":"","header-above-stick-meta":"","header-main-stick-meta":"","header-below-stick-meta":""},"pwb-brand":[283],"product_cat":[208],"product_tag":[],"class_list":{"0":"post-21293","1":"product","2":"type-product","3":"status-publish","5":"pwb-brand-dakatec","6":"product_cat-raidetangon-sisapaa","7":"desktop-align-left","8":"tablet-align-left","9":"mobile-align-left","11":"first","12":"instock","13":"product-type-external"},"brands":[{"id":283,"name":"DAKAtec","slug":"dakatec"}],"_links":{"self":[{"href":"https:\/\/www.autonvaraosahaku.fi\/index.php?rest_route=\/wp\/v2\/product\/21293","targetHints":{"allow":["GET"]}}],"collection":[{"href":"https:\/\/www.autonvaraosahaku.fi\/index.php?rest_route=\/wp\/v2\/product"}],"about":[{"href":"https:\/\/www.autonvaraosahaku.fi\/index.php?rest_route=\/wp\/v2\/types\/product"}],"wp:attachment":[{"href":"https:\/\/www.autonvaraosahaku.fi\/index.php?rest_route=%2Fwp%2Fv2%2Fmedia&parent=21293"}],"wp:term":[{"taxonomy":"pwb-brand","embeddable":true,"href":"https:\/\/www.autonvaraosahaku.fi\/index.php?rest_route=%2Fwp%2Fv2%2Fpwb-brand&post=21293"},{"taxonomy":"product_cat","embeddable":true,"href":"https:\/\/www.autonvaraosahaku.fi\/index.php?rest_route=%2Fwp%2Fv2%2Fproduct_cat&post=21293"},{"taxonomy":"product_tag","embeddable":true,"href":"https:\/\/www.autonvaraosahaku.fi\/index.php?rest_route=%2Fwp%2Fv2%2Fproduct_tag&post=21293"}],"curies":[{"name":"wp","href":"https:\/\/api.w.org\/{rel}","templated":true}]}}