{"id":21305,"date":"2021-02-21T14:43:16","date_gmt":"2021-02-21T14:43:16","guid":{"rendered":"https:\/\/www.autonvaraosahaku.fi\/?product=dolz-skd015-jakohihna"},"modified":"2021-02-21T14:43:17","modified_gmt":"2021-02-21T14:43:17","slug":"dolz-skd015-jakohihna","status":"publish","type":"product","link":"https:\/\/www.autonvaraosahaku.fi\/?product=dolz-skd015-jakohihna","title":{"rendered":"DOLZ SKD015 Jakohihna"},"content":{"rendered":"<p>Hammasluku: 144; Leveys (mm): 25,4; Hihnojen m\u00e4\u00e4r\u00e4: 1; Paino [kg]: 1,98; tuotenumerolle: KD015; Valmistusvuoteen: 12\/2009; MAZDA: 2 DY,2 DE; TOYOTA: AYGO WNB1_, KGB1_; CITRO\u00cbN: C1 PM_, PN_,C2 JM_,C3 I FC_,C3 II,XSARA N1,C3 Pluriel HB_,XSARA Break N2,XSARA Coupe N0,NEMO Kasten AA_,NEMO Kombi; PEUGEOT: 206 Schr\u00e4gheck 2A\/C,207 WA_, WC_,307 3A\/C,107,206 SW 2E\/K,206+ T3E,307 Break 3E,1007 KM_,206 Stufenheck,BIPPER AA_,BIPPER Tepee,206 Van; Hammashihnasarja<\/p>\n","protected":false},"excerpt":{"rendered":"<p>DOLZ Jakohihnasarja SKD015 Hammashihnasarja MAZDA,TOYOTA,CITRO\u00cbN,2 DY,2 DE,AYGO WNB1_, KGB1_,C1 PM_, PN_,C2 JM_,C3 I FC_,C3 II,XSARA N1,C3 Pluriel HB_<\/p>\n","protected":false},"featured_media":0,"template":"","meta":{"site-sidebar-layout":"default","site-content-layout":"default","ast-global-header-display":"","ast-main-header-display":"","ast-hfb-above-header-display":"","ast-hfb-below-header-display":"","ast-hfb-mobile-header-display":"","site-post-title":"","ast-breadcrumbs-content":"","ast-featured-img":"","footer-sml-layout":"","theme-transparent-header-meta":"","adv-header-id-meta":"","stick-header-meta":"","header-above-stick-meta":"","header-main-stick-meta":"","header-below-stick-meta":""},"pwb-brand":[265],"product_cat":[266],"product_tag":[],"class_list":{"0":"post-21305","1":"product","2":"type-product","3":"status-publish","5":"pwb-brand-dolz","6":"product_cat-jakohihna","7":"desktop-align-left","8":"tablet-align-left","9":"mobile-align-left","11":"first","12":"instock","13":"product-type-external"},"brands":[{"id":265,"name":"DOLZ","slug":"dolz"}],"_links":{"self":[{"href":"https:\/\/www.autonvaraosahaku.fi\/index.php?rest_route=\/wp\/v2\/product\/21305","targetHints":{"allow":["GET"]}}],"collection":[{"href":"https:\/\/www.autonvaraosahaku.fi\/index.php?rest_route=\/wp\/v2\/product"}],"about":[{"href":"https:\/\/www.autonvaraosahaku.fi\/index.php?rest_route=\/wp\/v2\/types\/product"}],"wp:attachment":[{"href":"https:\/\/www.autonvaraosahaku.fi\/index.php?rest_route=%2Fwp%2Fv2%2Fmedia&parent=21305"}],"wp:term":[{"taxonomy":"pwb-brand","embeddable":true,"href":"https:\/\/www.autonvaraosahaku.fi\/index.php?rest_route=%2Fwp%2Fv2%2Fpwb-brand&post=21305"},{"taxonomy":"product_cat","embeddable":true,"href":"https:\/\/www.autonvaraosahaku.fi\/index.php?rest_route=%2Fwp%2Fv2%2Fproduct_cat&post=21305"},{"taxonomy":"product_tag","embeddable":true,"href":"https:\/\/www.autonvaraosahaku.fi\/index.php?rest_route=%2Fwp%2Fv2%2Fproduct_tag&post=21305"}],"curies":[{"name":"wp","href":"https:\/\/api.w.org\/{rel}","templated":true}]}}