{"id":21313,"date":"2021-02-21T14:43:16","date_gmt":"2021-02-21T14:43:16","guid":{"rendered":"https:\/\/www.autonvaraosahaku.fi\/?product=oximo-wc4006001-pyyhkijansulat"},"modified":"2021-02-21T14:43:19","modified_gmt":"2021-02-21T14:43:19","slug":"oximo-wc4006001-pyyhkijansulat","status":"publish","type":"product","link":"https:\/\/www.autonvaraosahaku.fi\/?product=oximo-wc4006001-pyyhkijansulat","title":{"rendered":"OXIMO WC4006001 Pyyhkij\u00e4nsulat"},"content":{"rendered":"<p>Asennuspuoli: Edess\u00e4; Pituus 1 (mm): 600; Pituus 2 (mm): 400; M\u00e4\u00e4r\u00e4yksikk\u00f6: Sarja; Pyyhkij\u00e4nsulkatyyppi: Flatblade-pyyhinsulka (rungoton); VW: POLO 6R, 6C,UP,POLO Van 6R; AUDI: A1 8X1, 8XF,A1 Sportback 8XA, 8XK; BMW: 5 Touring F11,5 F10, F18,7 F01, F02, F03, F04,5 Gran Turismo F07; SKODA: CITIGO,RAPID Spaceback NH1,RAPID NH3,FABIA NJ3,FABIA Kombi NJ5; SEAT: Mii KF1_,TOLEDO IV KG3; ALPINA: D5 F10,B5 Kombi F11,B5 F10; 8X1955426, 61612147361, 6R1955425A, 6R1955426A, 6R1998002; Tuulilasinpyyhkimet,Pyyhkij\u00e4t,Pyyhkij\u00e4nsulka<\/p>\n","protected":false},"excerpt":{"rendered":"<p>OXIMO Pyyhkij\u00e4nsulat WC4006001 Tuulilasinpyyhkimet,Pyyhkij\u00e4t VW,AUDI,BMW,POLO 6R, 6C,UP,POLO Van 6R,A1 8X1, 8XF,A1 Sportback 8XA, 8XK,5 Touring F11<\/p>\n","protected":false},"featured_media":0,"template":"","meta":{"site-sidebar-layout":"default","site-content-layout":"default","ast-global-header-display":"","ast-main-header-display":"","ast-hfb-above-header-display":"","ast-hfb-below-header-display":"","ast-hfb-mobile-header-display":"","site-post-title":"","ast-breadcrumbs-content":"","ast-featured-img":"","footer-sml-layout":"","theme-transparent-header-meta":"","adv-header-id-meta":"","stick-header-meta":"","header-above-stick-meta":"","header-main-stick-meta":"","header-below-stick-meta":""},"pwb-brand":[382],"product_cat":[33],"product_tag":[],"class_list":{"0":"post-21313","1":"product","2":"type-product","3":"status-publish","5":"pwb-brand-oximo","6":"product_cat-pyyhkijansulat","7":"desktop-align-left","8":"tablet-align-left","9":"mobile-align-left","11":"first","12":"instock","13":"product-type-external"},"brands":[{"id":382,"name":"OXIMO","slug":"oximo"}],"_links":{"self":[{"href":"https:\/\/www.autonvaraosahaku.fi\/index.php?rest_route=\/wp\/v2\/product\/21313","targetHints":{"allow":["GET"]}}],"collection":[{"href":"https:\/\/www.autonvaraosahaku.fi\/index.php?rest_route=\/wp\/v2\/product"}],"about":[{"href":"https:\/\/www.autonvaraosahaku.fi\/index.php?rest_route=\/wp\/v2\/types\/product"}],"wp:attachment":[{"href":"https:\/\/www.autonvaraosahaku.fi\/index.php?rest_route=%2Fwp%2Fv2%2Fmedia&parent=21313"}],"wp:term":[{"taxonomy":"pwb-brand","embeddable":true,"href":"https:\/\/www.autonvaraosahaku.fi\/index.php?rest_route=%2Fwp%2Fv2%2Fpwb-brand&post=21313"},{"taxonomy":"product_cat","embeddable":true,"href":"https:\/\/www.autonvaraosahaku.fi\/index.php?rest_route=%2Fwp%2Fv2%2Fproduct_cat&post=21313"},{"taxonomy":"product_tag","embeddable":true,"href":"https:\/\/www.autonvaraosahaku.fi\/index.php?rest_route=%2Fwp%2Fv2%2Fproduct_tag&post=21313"}],"curies":[{"name":"wp","href":"https:\/\/api.w.org\/{rel}","templated":true}]}}