{"id":21333,"date":"2021-02-21T14:43:21","date_gmt":"2021-02-21T14:43:21","guid":{"rendered":"https:\/\/www.autonvaraosahaku.fi\/?product=topran-633-212-keskuslukitus"},"modified":"2021-02-21T14:43:23","modified_gmt":"2021-02-21T14:43:23","slug":"topran-633-212-keskuslukitus","status":"publish","type":"product","link":"https:\/\/www.autonvaraosahaku.fi\/?product=topran-633-212-keskuslukitus","title":{"rendered":"TOPRAN 633 212 Keskuslukitus"},"content":{"rendered":"<p>K\u00e4ytt\u00f6: S\u00e4hk\u00f6inen; Nimellisj\u00e4nnite (V): 12; Asennuspuoli: Auton s\u00e4ili\u00f6nluukku; Napojen m\u00e4\u00e4r\u00e4: 2; Pistokkeen kotelon muoto: suorakulmainen (rectangular); Kotelomateriaali: Lasikuitu-muovi; PR-numerolle: 2W3; VW: TOUAREG 7P5,POLO AW1, BZ1,T-ROC A11; SKODA: OCTAVIA Combi 5E5,YETI 5L,OCTAVIA 5E3,FABIA NJ3,FABIA Kombi NJ5; SEAT: LEON 5F1,LEON ST 5F8; 7P0810773, 7P0810773A, 7P0810773B, 7P0810773C, 7P0810773D, 7P0810773F, 7P0810773, 7P0810773A, 7P0810773B, 7P0810773C, 7P0810773D, 7P0810773F, 7P0810773, 7P0810773A, 7P0810773B, 7P0810773C, 7P0810773D, 7P0810773F; Keskuslukitussarja,S\u00e4\u00e4t\u00f6elementti, Keskuslukitus<\/p>\n","protected":false},"excerpt":{"rendered":"<p>TOPRAN Keskuslukitus 633 212 Keskuslukitussarja,S\u00e4\u00e4t\u00f6elementti, Keskuslukitus VW,SKODA,SEAT,TOUAREG 7P5,POLO AW1, BZ1,T-ROC A11,OCTAVIA Combi 5E5<\/p>\n","protected":false},"featured_media":0,"template":"","meta":{"site-sidebar-layout":"default","site-content-layout":"default","ast-global-header-display":"","ast-main-header-display":"","ast-hfb-above-header-display":"","ast-hfb-below-header-display":"","ast-hfb-mobile-header-display":"","site-post-title":"","ast-breadcrumbs-content":"","ast-featured-img":"","footer-sml-layout":"","theme-transparent-header-meta":"","adv-header-id-meta":"","stick-header-meta":"","header-above-stick-meta":"","header-main-stick-meta":"","header-below-stick-meta":""},"pwb-brand":[18],"product_cat":[202],"product_tag":[],"class_list":{"0":"post-21333","1":"product","2":"type-product","3":"status-publish","5":"pwb-brand-topran","6":"product_cat-keskuslukitus","7":"desktop-align-left","8":"tablet-align-left","9":"mobile-align-left","11":"first","12":"instock","13":"product-type-external"},"brands":[{"id":18,"name":"TOPRAN","slug":"topran"}],"_links":{"self":[{"href":"https:\/\/www.autonvaraosahaku.fi\/index.php?rest_route=\/wp\/v2\/product\/21333","targetHints":{"allow":["GET"]}}],"collection":[{"href":"https:\/\/www.autonvaraosahaku.fi\/index.php?rest_route=\/wp\/v2\/product"}],"about":[{"href":"https:\/\/www.autonvaraosahaku.fi\/index.php?rest_route=\/wp\/v2\/types\/product"}],"wp:attachment":[{"href":"https:\/\/www.autonvaraosahaku.fi\/index.php?rest_route=%2Fwp%2Fv2%2Fmedia&parent=21333"}],"wp:term":[{"taxonomy":"pwb-brand","embeddable":true,"href":"https:\/\/www.autonvaraosahaku.fi\/index.php?rest_route=%2Fwp%2Fv2%2Fpwb-brand&post=21333"},{"taxonomy":"product_cat","embeddable":true,"href":"https:\/\/www.autonvaraosahaku.fi\/index.php?rest_route=%2Fwp%2Fv2%2Fproduct_cat&post=21333"},{"taxonomy":"product_tag","embeddable":true,"href":"https:\/\/www.autonvaraosahaku.fi\/index.php?rest_route=%2Fwp%2Fv2%2Fproduct_tag&post=21333"}],"curies":[{"name":"wp","href":"https:\/\/api.w.org\/{rel}","templated":true}]}}