{"id":21341,"date":"2021-02-21T14:43:25","date_gmt":"2021-02-21T14:43:25","guid":{"rendered":"https:\/\/www.autonvaraosahaku.fi\/?product=mahle-original-ab-18-000p-lammityslaitteen-puhallin"},"modified":"2021-02-21T14:43:25","modified_gmt":"2021-02-21T14:43:25","slug":"mahle-original-ab-18-000p-lammityslaitteen-puhallin","status":"publish","type":"product","link":"https:\/\/www.autonvaraosahaku.fi\/?product=mahle-original-ab-18-000p-lammityslaitteen-puhallin","title":{"rendered":"MAHLE ORIGINAL AB 18 000P L\u00e4mmityslaitteen puhallin"},"content":{"rendered":"<p>Varusteet: Autoihin, joissa autom. ilmastointi, Autoihin, joissa ilmastointi, Autoihin, joissa ilmastointi; Nimellisj\u00e4nnite (V): 12; Nimellisteho (W): 325; L\u00e4pimitta [mm]: 175; Vasen \/ oikea liikenne: Ohjaus vasemmalla; VW: POLO 9N_,POLO 6R, 6C,POLO Stufenheck,POLO Stufenheck 9A4; AUDI: A2 8Z0; SKODA: FABIA Combi 6Y5,FABIA,FABIA 6Y2,FABIA Combi,ROOMSTER 5J,FABIA Stufenheck 6Y3,ROOMSTER Praktik 5J,FABIA Praktik; SEAT: IBIZA IV 6L1,IBIZA V 6J5, 6P5,IBIZA V ST 6J8, 6P8,IBIZA V SPORTCOUPE 6J1, 6P1,CORDOBA 6L2; 6Q1820015, 6Q1820015C, 6Q1820015E, 6Q1820015G, 6Q1820015H, 6Q1820015, 6Q1820015C, 6Q1820015E, 6Q1820015G, 6Q1820015H; Sis\u00e4tilan Puhallin,Sis\u00e4tilapuhallin<\/p>\n","protected":false},"excerpt":{"rendered":"<p>MAHLE ORIGINAL L\u00e4mmityslaitteen Puhallin AB 18 000P Sis\u00e4tilan Puhallin,Sis\u00e4tilapuhallin VW,AUDI,SKODA,POLO 9N_,POLO 6R, 6C,POLO Stufenheck<\/p>\n","protected":false},"featured_media":0,"template":"","meta":{"site-sidebar-layout":"default","site-content-layout":"default","ast-global-header-display":"","ast-main-header-display":"","ast-hfb-above-header-display":"","ast-hfb-below-header-display":"","ast-hfb-mobile-header-display":"","site-post-title":"","ast-breadcrumbs-content":"","ast-featured-img":"","footer-sml-layout":"","theme-transparent-header-meta":"","adv-header-id-meta":"","stick-header-meta":"","header-above-stick-meta":"","header-main-stick-meta":"","header-below-stick-meta":""},"pwb-brand":[153],"product_cat":[86],"product_tag":[],"class_list":{"0":"post-21341","1":"product","2":"type-product","3":"status-publish","5":"pwb-brand-mahle-original","6":"product_cat-lammityslaitteen-puhallin","7":"desktop-align-left","8":"tablet-align-left","9":"mobile-align-left","11":"first","12":"instock","13":"product-type-external"},"brands":[{"id":153,"name":"MAHLE ORIGINAL","slug":"mahle-original"}],"_links":{"self":[{"href":"https:\/\/www.autonvaraosahaku.fi\/index.php?rest_route=\/wp\/v2\/product\/21341","targetHints":{"allow":["GET"]}}],"collection":[{"href":"https:\/\/www.autonvaraosahaku.fi\/index.php?rest_route=\/wp\/v2\/product"}],"about":[{"href":"https:\/\/www.autonvaraosahaku.fi\/index.php?rest_route=\/wp\/v2\/types\/product"}],"wp:attachment":[{"href":"https:\/\/www.autonvaraosahaku.fi\/index.php?rest_route=%2Fwp%2Fv2%2Fmedia&parent=21341"}],"wp:term":[{"taxonomy":"pwb-brand","embeddable":true,"href":"https:\/\/www.autonvaraosahaku.fi\/index.php?rest_route=%2Fwp%2Fv2%2Fpwb-brand&post=21341"},{"taxonomy":"product_cat","embeddable":true,"href":"https:\/\/www.autonvaraosahaku.fi\/index.php?rest_route=%2Fwp%2Fv2%2Fproduct_cat&post=21341"},{"taxonomy":"product_tag","embeddable":true,"href":"https:\/\/www.autonvaraosahaku.fi\/index.php?rest_route=%2Fwp%2Fv2%2Fproduct_tag&post=21341"}],"curies":[{"name":"wp","href":"https:\/\/api.w.org\/{rel}","templated":true}]}}