{"id":21352,"date":"2021-02-21T14:43:25","date_gmt":"2021-02-21T14:43:25","guid":{"rendered":"https:\/\/www.autonvaraosahaku.fi\/?product=febi-bilstein-104788-automaattivaihteiston-suodatin"},"modified":"2021-02-21T14:43:26","modified_gmt":"2021-02-21T14:43:26","slug":"febi-bilstein-104788-automaattivaihteiston-suodatin","status":"publish","type":"product","link":"https:\/\/www.autonvaraosahaku.fi\/?product=febi-bilstein-104788-automaattivaihteiston-suodatin","title":{"rendered":"FEBI BILSTEIN 104788 Automaattivaihteiston suodatin"},"content":{"rendered":"<p>Korkeus (mm): 109; Ulkol\u00e4pimitta [mm]: 35,0; Paino [kg]: 0,08; Vaihteistomalli: f\u00fcr Doppelkupplungsgetriebe 6 Gang; FORD USA: EDGE; VOLVO: V50 MW,XC60,V70 III BW,V60,S40 II MS,C70 II Cabriolet,V40 Schr\u00e4gheck,S80 II AS,S60 II; FORD: FOCUS II Kombi DA_,MONDEO IV Turnier BA7,FOCUS II DA_,S-MAX WA6,FOCUS III Turnier,GALAXY WA6,KUGA I,C-MAX DM2,FOCUS III,C-MAX II,MONDEO IV BA7,KUGA II DM2,FOCUS II Stufenheck DA_,FOCUS III Stufenheck,MONDEO IV Stufenheck BA7,TOURNEO CONNECT \/ GRAND TOURNEO CONNECT Kombi,TRANSIT CONNECT Kasten,MONDEO V Turnier,S-MAX,MONDEO V Stufenheck,GALAXY,MONDEO V Schr\u00e4gheck,C-MAX II Van,TRANSIT CONNECT Kombi,KUGA II Van,FOCUS III Kasten\/Schr\u00e4gheck; 1564960, 1564965, 1589089, 7M5R6C631AB, 7M5R6C631AC, 7M5R6C631AD, 31256837, 31259415<\/p>\n","protected":false},"excerpt":{"rendered":"<p>FEBI BILSTEIN Hydrauliikkasuodatin, Automaattivaihteisto 104788  FORD USA,VOLVO,FORD,EDGE,V50 MW,XC60,V70 III BW,V60,S40 II MS,C70 II Cabriolet<\/p>\n","protected":false},"featured_media":0,"template":"","meta":{"site-sidebar-layout":"default","site-content-layout":"default","ast-global-header-display":"","ast-main-header-display":"","ast-hfb-above-header-display":"","ast-hfb-below-header-display":"","ast-hfb-mobile-header-display":"","site-post-title":"","ast-breadcrumbs-content":"","ast-featured-img":"","footer-sml-layout":"","theme-transparent-header-meta":"","adv-header-id-meta":"","stick-header-meta":"","header-above-stick-meta":"","header-main-stick-meta":"","header-below-stick-meta":""},"pwb-brand":[50],"product_cat":[141],"product_tag":[],"class_list":{"0":"post-21352","1":"product","2":"type-product","3":"status-publish","5":"pwb-brand-febi-bilstein","6":"product_cat-automaattivaihteiston-suodatin","7":"desktop-align-left","8":"tablet-align-left","9":"mobile-align-left","11":"first","12":"instock","13":"product-type-external"},"brands":[{"id":50,"name":"FEBI BILSTEIN","slug":"febi-bilstein"}],"_links":{"self":[{"href":"https:\/\/www.autonvaraosahaku.fi\/index.php?rest_route=\/wp\/v2\/product\/21352","targetHints":{"allow":["GET"]}}],"collection":[{"href":"https:\/\/www.autonvaraosahaku.fi\/index.php?rest_route=\/wp\/v2\/product"}],"about":[{"href":"https:\/\/www.autonvaraosahaku.fi\/index.php?rest_route=\/wp\/v2\/types\/product"}],"wp:attachment":[{"href":"https:\/\/www.autonvaraosahaku.fi\/index.php?rest_route=%2Fwp%2Fv2%2Fmedia&parent=21352"}],"wp:term":[{"taxonomy":"pwb-brand","embeddable":true,"href":"https:\/\/www.autonvaraosahaku.fi\/index.php?rest_route=%2Fwp%2Fv2%2Fpwb-brand&post=21352"},{"taxonomy":"product_cat","embeddable":true,"href":"https:\/\/www.autonvaraosahaku.fi\/index.php?rest_route=%2Fwp%2Fv2%2Fproduct_cat&post=21352"},{"taxonomy":"product_tag","embeddable":true,"href":"https:\/\/www.autonvaraosahaku.fi\/index.php?rest_route=%2Fwp%2Fv2%2Fproduct_tag&post=21352"}],"curies":[{"name":"wp","href":"https:\/\/api.w.org\/{rel}","templated":true}]}}