{"id":21358,"date":"2021-02-21T14:43:25","date_gmt":"2021-02-21T14:43:25","guid":{"rendered":"https:\/\/www.autonvaraosahaku.fi\/?product=esen-skv-94skv063-lammityslaitteen-puhaltimen-vastus"},"modified":"2021-02-21T14:43:27","modified_gmt":"2021-02-21T14:43:27","slug":"esen-skv-94skv063-lammityslaitteen-puhaltimen-vastus","status":"publish","type":"product","link":"https:\/\/www.autonvaraosahaku.fi\/?product=esen-skv-94skv063-lammityslaitteen-puhaltimen-vastus","title":{"rendered":"ESEN SKV 94SKV063 L\u00e4mmityslaitteen puhaltimen vastus"},"content":{"rendered":"<p>Paino [kg]: 0,26; FIAT: GRANDE PUNTO 199,PUNTO Van 199; CITRO\u00cbN: BERLINGO B9,C4 Picasso I UD_,C4 Grand Picasso I UA_,C3 Picasso,BERLINGO Kasten B9,BERLINGO Pritsche\/Fahrgestell B9; PEUGEOT: PARTNER Tepee,PARTNER Kasten,PARTNER Pritsche\/Fahrgestell; 6441CE, 55702441, 55702441, 6845788, 6441CE; Vastus, Sis\u00e4ilmantuuletin<\/p>\n","protected":false},"excerpt":{"rendered":"<p>ESEN SKV L\u00e4mmityslaitteen Puhaltimen Vastus 94SKV063 Vastus, Sis\u00e4ilmantuuletin FIAT,CITRO\u00cbN,PEUGEOT,GRANDE PUNTO 199,PUNTO Van 199,BERLINGO B9<\/p>\n","protected":false},"featured_media":0,"template":"","meta":{"site-sidebar-layout":"default","site-content-layout":"default","ast-global-header-display":"","ast-main-header-display":"","ast-hfb-above-header-display":"","ast-hfb-below-header-display":"","ast-hfb-mobile-header-display":"","site-post-title":"","ast-breadcrumbs-content":"","ast-featured-img":"","footer-sml-layout":"","theme-transparent-header-meta":"","adv-header-id-meta":"","stick-header-meta":"","header-above-stick-meta":"","header-main-stick-meta":"","header-below-stick-meta":""},"pwb-brand":[384],"product_cat":[134],"product_tag":[],"class_list":{"0":"post-21358","1":"product","2":"type-product","3":"status-publish","5":"pwb-brand-esen-skv","6":"product_cat-lammityslaitteen-puhaltimen-vastus","7":"desktop-align-left","8":"tablet-align-left","9":"mobile-align-left","11":"first","12":"instock","13":"product-type-external"},"brands":[{"id":384,"name":"ESEN SKV","slug":"esen-skv"}],"_links":{"self":[{"href":"https:\/\/www.autonvaraosahaku.fi\/index.php?rest_route=\/wp\/v2\/product\/21358","targetHints":{"allow":["GET"]}}],"collection":[{"href":"https:\/\/www.autonvaraosahaku.fi\/index.php?rest_route=\/wp\/v2\/product"}],"about":[{"href":"https:\/\/www.autonvaraosahaku.fi\/index.php?rest_route=\/wp\/v2\/types\/product"}],"wp:attachment":[{"href":"https:\/\/www.autonvaraosahaku.fi\/index.php?rest_route=%2Fwp%2Fv2%2Fmedia&parent=21358"}],"wp:term":[{"taxonomy":"pwb-brand","embeddable":true,"href":"https:\/\/www.autonvaraosahaku.fi\/index.php?rest_route=%2Fwp%2Fv2%2Fpwb-brand&post=21358"},{"taxonomy":"product_cat","embeddable":true,"href":"https:\/\/www.autonvaraosahaku.fi\/index.php?rest_route=%2Fwp%2Fv2%2Fproduct_cat&post=21358"},{"taxonomy":"product_tag","embeddable":true,"href":"https:\/\/www.autonvaraosahaku.fi\/index.php?rest_route=%2Fwp%2Fv2%2Fproduct_tag&post=21358"}],"curies":[{"name":"wp","href":"https:\/\/api.w.org\/{rel}","templated":true}]}}