{"id":21360,"date":"2021-02-21T14:43:29","date_gmt":"2021-02-21T14:43:29","guid":{"rendered":"https:\/\/www.autonvaraosahaku.fi\/?product=mannol-mn8301-1-muut-luokat"},"modified":"2021-02-21T14:43:29","modified_gmt":"2021-02-21T14:43:29","slug":"mannol-mn8301-1-muut-luokat","status":"publish","type":"product","link":"https:\/\/www.autonvaraosahaku.fi\/?product=mannol-mn8301-1-muut-luokat","title":{"rendered":"MANNOL MN8301-1 Muut luokat"},"content":{"rendered":"<p>Tuotelinja: LHM+ Fluid; Tilavuus (litra): 1; Erittely: DIN 51524.3, ISO 7308; Valmistajan hyv\u00e4ksym\u00e4: PSA B 71 2710, FIAT 9.55597, IVECO 18-1823, NH 610 A, SDFG OF1611S; Pakkaustyyppi: Pullo; Hydrauli\u00f6ljy,\u00d6ljyt<\/p>\n","protected":false},"excerpt":{"rendered":"<p>MANNOL Hydrauliikka\u00f6ljy MN8301-1 Hydrauli\u00f6ljy,\u00d6ljyt<\/p>\n","protected":false},"featured_media":0,"template":"","meta":{"site-sidebar-layout":"default","site-content-layout":"default","ast-global-header-display":"","ast-main-header-display":"","ast-hfb-above-header-display":"","ast-hfb-below-header-display":"","ast-hfb-mobile-header-display":"","site-post-title":"","ast-breadcrumbs-content":"","ast-featured-img":"","footer-sml-layout":"","theme-transparent-header-meta":"","adv-header-id-meta":"","stick-header-meta":"","header-above-stick-meta":"","header-main-stick-meta":"","header-below-stick-meta":""},"pwb-brand":[167],"product_cat":[37],"product_tag":[],"class_list":{"0":"post-21360","1":"product","2":"type-product","3":"status-publish","5":"pwb-brand-mannol","6":"product_cat-muut-luokat","7":"desktop-align-left","8":"tablet-align-left","9":"mobile-align-left","11":"first","12":"instock","13":"product-type-external"},"brands":[{"id":167,"name":"MANNOL","slug":"mannol"}],"_links":{"self":[{"href":"https:\/\/www.autonvaraosahaku.fi\/index.php?rest_route=\/wp\/v2\/product\/21360","targetHints":{"allow":["GET"]}}],"collection":[{"href":"https:\/\/www.autonvaraosahaku.fi\/index.php?rest_route=\/wp\/v2\/product"}],"about":[{"href":"https:\/\/www.autonvaraosahaku.fi\/index.php?rest_route=\/wp\/v2\/types\/product"}],"wp:attachment":[{"href":"https:\/\/www.autonvaraosahaku.fi\/index.php?rest_route=%2Fwp%2Fv2%2Fmedia&parent=21360"}],"wp:term":[{"taxonomy":"pwb-brand","embeddable":true,"href":"https:\/\/www.autonvaraosahaku.fi\/index.php?rest_route=%2Fwp%2Fv2%2Fpwb-brand&post=21360"},{"taxonomy":"product_cat","embeddable":true,"href":"https:\/\/www.autonvaraosahaku.fi\/index.php?rest_route=%2Fwp%2Fv2%2Fproduct_cat&post=21360"},{"taxonomy":"product_tag","embeddable":true,"href":"https:\/\/www.autonvaraosahaku.fi\/index.php?rest_route=%2Fwp%2Fv2%2Fproduct_tag&post=21360"}],"curies":[{"name":"wp","href":"https:\/\/api.w.org\/{rel}","templated":true}]}}