{"id":21364,"date":"2021-02-21T14:43:29","date_gmt":"2021-02-21T14:43:29","guid":{"rendered":"https:\/\/www.autonvaraosahaku.fi\/?product=maxgear-ac279046-jaahdytin"},"modified":"2021-02-21T14:43:29","modified_gmt":"2021-02-21T14:43:29","slug":"maxgear-ac279046-jaahdytin","status":"publish","type":"product","link":"https:\/\/www.autonvaraosahaku.fi\/?product=maxgear-ac279046-jaahdytin","title":{"rendered":"MAXGEAR AC279046 J\u00e4\u00e4hdytin"},"content":{"rendered":"<p>Leveys (mm): 346; Korkeus (mm): 349; Paksuus [mm]: 24; Laatu \/ luokka: EASY FIT; Materiaali: Alumiini; J\u00e4\u00e4hdytintyyppi: J\u00e4\u00e4hdytysrivat juotetut; Vaihteistomalli: Schaltgetriebe; HONDA: CIVIC VI Hatchback EJ, EK,CIVIC VI Fastback MA, MB,CRX III EH, EG,CIVIC VI Aerodeck MB, MC,HR-V GH,CRX II ED, EE,CIVIC V Hatchback EG,CIVIC VI Stufenheck EJ, EK,CIVIC V Coupe EJ,CIVIC V Stufenheck EG, EH; 19010P01003, 19010P01004, 19010P01014, 19010P03505, 19010P04G01, 19010P07024, 19010P08003, 19010P08004, 19010P08013, 19010P08014, 19010P1KE01, 19010P1KE02, 19010P28A01, 19010P28A03, 19010P2J003, 19010P2J013, 19010PEL003, 19010PELJ01; Syyl\u00e4ri,J\u00e4\u00e4hdytin,Moottorin J\u00e4\u00e4hdytys<\/p>\n","protected":false},"excerpt":{"rendered":"<p>MAXGEAR J\u00e4\u00e4hdytin AC279046 Syyl\u00e4ri,J\u00e4\u00e4hdytin,Moottorin J\u00e4\u00e4hdytys HONDA,CIVIC VI Hatchback EJ, EK,CIVIC VI Fastback MA, MB,CRX III EH, EG<\/p>\n","protected":false},"featured_media":0,"template":"","meta":{"site-sidebar-layout":"default","site-content-layout":"default","ast-global-header-display":"","ast-main-header-display":"","ast-hfb-above-header-display":"","ast-hfb-below-header-display":"","ast-hfb-mobile-header-display":"","site-post-title":"","ast-breadcrumbs-content":"","ast-featured-img":"","footer-sml-layout":"","theme-transparent-header-meta":"","adv-header-id-meta":"","stick-header-meta":"","header-above-stick-meta":"","header-main-stick-meta":"","header-below-stick-meta":""},"pwb-brand":[48],"product_cat":[421],"product_tag":[],"class_list":{"0":"post-21364","1":"product","2":"type-product","3":"status-publish","5":"pwb-brand-maxgear","6":"product_cat-jaahdytin","7":"desktop-align-left","8":"tablet-align-left","9":"mobile-align-left","11":"first","12":"instock","13":"product-type-external"},"brands":[{"id":48,"name":"MAXGEAR","slug":"maxgear"}],"_links":{"self":[{"href":"https:\/\/www.autonvaraosahaku.fi\/index.php?rest_route=\/wp\/v2\/product\/21364","targetHints":{"allow":["GET"]}}],"collection":[{"href":"https:\/\/www.autonvaraosahaku.fi\/index.php?rest_route=\/wp\/v2\/product"}],"about":[{"href":"https:\/\/www.autonvaraosahaku.fi\/index.php?rest_route=\/wp\/v2\/types\/product"}],"wp:attachment":[{"href":"https:\/\/www.autonvaraosahaku.fi\/index.php?rest_route=%2Fwp%2Fv2%2Fmedia&parent=21364"}],"wp:term":[{"taxonomy":"pwb-brand","embeddable":true,"href":"https:\/\/www.autonvaraosahaku.fi\/index.php?rest_route=%2Fwp%2Fv2%2Fpwb-brand&post=21364"},{"taxonomy":"product_cat","embeddable":true,"href":"https:\/\/www.autonvaraosahaku.fi\/index.php?rest_route=%2Fwp%2Fv2%2Fproduct_cat&post=21364"},{"taxonomy":"product_tag","embeddable":true,"href":"https:\/\/www.autonvaraosahaku.fi\/index.php?rest_route=%2Fwp%2Fv2%2Fproduct_tag&post=21364"}],"curies":[{"name":"wp","href":"https:\/\/api.w.org\/{rel}","templated":true}]}}