{"id":21369,"date":"2021-02-21T14:43:29","date_gmt":"2021-02-21T14:43:29","guid":{"rendered":"https:\/\/www.autonvaraosahaku.fi\/?product=maxgear-ac240864-jaahdytin"},"modified":"2021-02-21T14:43:30","modified_gmt":"2021-02-21T14:43:30","slug":"maxgear-ac240864-jaahdytin","status":"publish","type":"product","link":"https:\/\/www.autonvaraosahaku.fi\/?product=maxgear-ac240864-jaahdytin","title":{"rendered":"MAXGEAR AC240864 J\u00e4\u00e4hdytin"},"content":{"rendered":"<p>Leveys (mm): 415; Korkeus (mm): 790; Paksuus [mm]: 29, 34; Laatu \/ luokka: EASY FIT; Materiaali: Alumiini; Versio: Alternative; J\u00e4\u00e4hdytintyyppi: J\u00e4\u00e4hdytysrivat mekaan. kiinnitetyt; Alustanumeroon: 16116163; FIAT: DUCATO Kasten 250,DUCATO Pritsche\/Fahrgestell 250,DUCATO Pritsche\/Fahrgestell 230,DUCATO Bus 230,DUCATO Kasten 244,DUCATO Pritsche\/Fahrgestell 244,DUCATO Kasten 230L,DUCATO Bus 244, Z_; PEUGEOT: BOXER Kasten,BOXER Kasten 230L,BOXER Kasten 244,BOXER Bus,BOXER Pritsche\/Fahrgestell,BOXER Bus 230P,BOXER Bus 244, Z_,BOXER Pritsche\/Fahrgestell ZCT_,BOXER Pritsche\/Fahrgestell 244; CITRO\u00cbN: JUMPER Kasten 244,JUMPER Kasten 230L,JUMPER Bus 244, Z_,JUMPER Bus 230P,JUMPER Pritsche\/Fahrgestell 244,JUMPER Pritsche\/Fahrgestell 230; 1301HQ, 1301HS, 1301N0, 1301N1, 1301N2, 1301N3, 1301N4, 1301P6, 1301P7, 1329225080, 133017, 133097, 133098, 1330C8, 1330E4, 1330F1, 1330L2, 1330L3, 1330L5, 1330L6, 1330L8, 1330W1, 1330X8, 1331Q4, 1331RT, 1331SS, 133386, 71735350, 1301HS, 1301P6, 1307390080, 1307391080, 1307394080, 1307395080, 1311003080, 1311004080, 1317828080, 1324816080, 1327478080, 1329225080, 1329226080, 1329227080, 1338278080, 1341513080, 1341514080, 1341515080, 1364128080, 71735348, 71735350, 71735359, 71749745, 71749746, 1301HQ, 1301HS, 1301N0, 1301N1, 1301N2, 1301N3, 1301N4, 1301P6, 1301P7, 1329225080, 13300000, 133017, 133097, 133098, 1330C8, 1330E4, 1330F1, 1330L2, 1330L3, 1330L5, 1330L8, 1330W1, 1330X8, 1331Q4, 1331RT, 1331SS, 133386; Syyl\u00e4ri,J\u00e4\u00e4hdytin,Moottorin J\u00e4\u00e4hdytys<\/p>\n","protected":false},"excerpt":{"rendered":"<p>MAXGEAR J\u00e4\u00e4hdytin AC240864 Syyl\u00e4ri,J\u00e4\u00e4hdytin,Moottorin J\u00e4\u00e4hdytys FIAT,PEUGEOT,CITRO\u00cbN,DUCATO Kasten 250,DUCATO Pritsche\/Fahrgestell 250<\/p>\n","protected":false},"featured_media":0,"template":"","meta":{"site-sidebar-layout":"default","site-content-layout":"default","ast-global-header-display":"","ast-main-header-display":"","ast-hfb-above-header-display":"","ast-hfb-below-header-display":"","ast-hfb-mobile-header-display":"","site-post-title":"","ast-breadcrumbs-content":"","ast-featured-img":"","footer-sml-layout":"","theme-transparent-header-meta":"","adv-header-id-meta":"","stick-header-meta":"","header-above-stick-meta":"","header-main-stick-meta":"","header-below-stick-meta":""},"pwb-brand":[48],"product_cat":[421],"product_tag":[],"class_list":{"0":"post-21369","1":"product","2":"type-product","3":"status-publish","5":"pwb-brand-maxgear","6":"product_cat-jaahdytin","7":"desktop-align-left","8":"tablet-align-left","9":"mobile-align-left","11":"first","12":"instock","13":"product-type-external"},"brands":[{"id":48,"name":"MAXGEAR","slug":"maxgear"}],"_links":{"self":[{"href":"https:\/\/www.autonvaraosahaku.fi\/index.php?rest_route=\/wp\/v2\/product\/21369","targetHints":{"allow":["GET"]}}],"collection":[{"href":"https:\/\/www.autonvaraosahaku.fi\/index.php?rest_route=\/wp\/v2\/product"}],"about":[{"href":"https:\/\/www.autonvaraosahaku.fi\/index.php?rest_route=\/wp\/v2\/types\/product"}],"wp:attachment":[{"href":"https:\/\/www.autonvaraosahaku.fi\/index.php?rest_route=%2Fwp%2Fv2%2Fmedia&parent=21369"}],"wp:term":[{"taxonomy":"pwb-brand","embeddable":true,"href":"https:\/\/www.autonvaraosahaku.fi\/index.php?rest_route=%2Fwp%2Fv2%2Fpwb-brand&post=21369"},{"taxonomy":"product_cat","embeddable":true,"href":"https:\/\/www.autonvaraosahaku.fi\/index.php?rest_route=%2Fwp%2Fv2%2Fproduct_cat&post=21369"},{"taxonomy":"product_tag","embeddable":true,"href":"https:\/\/www.autonvaraosahaku.fi\/index.php?rest_route=%2Fwp%2Fv2%2Fproduct_tag&post=21369"}],"curies":[{"name":"wp","href":"https:\/\/api.w.org\/{rel}","templated":true}]}}