{"id":21403,"date":"2021-02-21T14:43:37","date_gmt":"2021-02-21T14:43:37","guid":{"rendered":"https:\/\/www.autonvaraosahaku.fi\/?product=vemo-v10-92-1487-abs-keha"},"modified":"2021-02-21T14:43:37","modified_gmt":"2021-02-21T14:43:37","slug":"vemo-v10-92-1487-abs-keha","status":"publish","type":"product","link":"https:\/\/www.autonvaraosahaku.fi\/?product=vemo-v10-92-1487-abs-keha","title":{"rendered":"VEMO V10-92-1487 ABS keh\u00e4"},"content":{"rendered":"<p>Ulkol\u00e4pimitta [mm]: 133,4; Leveys (mm): 23,5; Hammasluku, ABS-keh\u00e4: 43; Sis\u00e4l\u00e4pimitta [mm]: 80; Asennuspuoli: Etuakseli; lis\u00e4tieto: Original VEMO Quality; Alustanumerosta: 1G-KB000001; VW: LUPO 6X1, 6E1,GOLF III 1H1,POLO 6N2,POLO 6N1,GOLF II 19E, 1G1,PASSAT Variant 3A5, 35I,GOLF III Variant 1H5,PASSAT 3A2, 35I,CADDY II Kasten 9K9A,POLO Variant 6KV5,POLO CLASSIC 6KV2,VENTO 1H2,JETTA II 19E, 1G2, 165,CADDY II Kombi 9K9B; SEAT: AROSA 6H,IBIZA II 6K1,CORDOBA 6K1, 6K2,CORDOBA Vario 6K1,INCA 6K9; 357614150, 357614150EOT, 357614150, 357614150EOT, 357614150; ABS Hammaskeh\u00e4,ABS Rengas,Anturirengas, ABS<\/p>\n","protected":false},"excerpt":{"rendered":"<p>VEMO ABS Keh\u00e4 V10-92-1487 ABS Hammaskeh\u00e4,ABS Rengas VW,SEAT,LUPO 6X1, 6E1,GOLF III 1H1,POLO 6N2,POLO 6N1,GOLF II 19E, 1G1,PASSAT Variant 3A5, 35I<\/p>\n","protected":false},"featured_media":0,"template":"","meta":{"site-sidebar-layout":"default","site-content-layout":"default","ast-global-header-display":"","ast-main-header-display":"","ast-hfb-above-header-display":"","ast-hfb-below-header-display":"","ast-hfb-mobile-header-display":"","site-post-title":"","ast-breadcrumbs-content":"","ast-featured-img":"","footer-sml-layout":"","theme-transparent-header-meta":"","adv-header-id-meta":"","stick-header-meta":"","header-above-stick-meta":"","header-main-stick-meta":"","header-below-stick-meta":""},"pwb-brand":[168],"product_cat":[273],"product_tag":[],"class_list":{"0":"post-21403","1":"product","2":"type-product","3":"status-publish","5":"pwb-brand-vemo","6":"product_cat-abs-keha","7":"desktop-align-left","8":"tablet-align-left","9":"mobile-align-left","11":"first","12":"instock","13":"product-type-external"},"brands":[{"id":168,"name":"VEMO","slug":"vemo"}],"_links":{"self":[{"href":"https:\/\/www.autonvaraosahaku.fi\/index.php?rest_route=\/wp\/v2\/product\/21403","targetHints":{"allow":["GET"]}}],"collection":[{"href":"https:\/\/www.autonvaraosahaku.fi\/index.php?rest_route=\/wp\/v2\/product"}],"about":[{"href":"https:\/\/www.autonvaraosahaku.fi\/index.php?rest_route=\/wp\/v2\/types\/product"}],"wp:attachment":[{"href":"https:\/\/www.autonvaraosahaku.fi\/index.php?rest_route=%2Fwp%2Fv2%2Fmedia&parent=21403"}],"wp:term":[{"taxonomy":"pwb-brand","embeddable":true,"href":"https:\/\/www.autonvaraosahaku.fi\/index.php?rest_route=%2Fwp%2Fv2%2Fpwb-brand&post=21403"},{"taxonomy":"product_cat","embeddable":true,"href":"https:\/\/www.autonvaraosahaku.fi\/index.php?rest_route=%2Fwp%2Fv2%2Fproduct_cat&post=21403"},{"taxonomy":"product_tag","embeddable":true,"href":"https:\/\/www.autonvaraosahaku.fi\/index.php?rest_route=%2Fwp%2Fv2%2Fproduct_tag&post=21403"}],"curies":[{"name":"wp","href":"https:\/\/api.w.org\/{rel}","templated":true}]}}