{"id":21410,"date":"2021-02-21T14:43:37","date_gmt":"2021-02-21T14:43:37","guid":{"rendered":"https:\/\/www.autonvaraosahaku.fi\/?product=valeo-836589-vauhtipyora"},"modified":"2021-02-21T14:43:38","modified_gmt":"2021-02-21T14:43:38","slug":"valeo-836589-vauhtipyora","status":"publish","type":"product","link":"https:\/\/www.autonvaraosahaku.fi\/?product=valeo-836589-vauhtipyora","title":{"rendered":"VALEO 836589 Vauhtipy\u00f6r\u00e4"},"content":{"rendered":"<p>Moottorimalli: Moottoreihin, joissa kaksoismassa vauhtipy\u00f6r\u00e4; Ulkol\u00e4pimitta [mm]: 311,25; Kiinnitysreikien lukum\u00e4\u00e4r\u00e4: 8; Korvaava tuote\/korvaava tiedote 2: Ruuvisarjalla; Vauhtipy\u00f6r\u00e4syvyys [mm]: 65,18; Paino [kg]: 15,31; Valmistusvuosi alkaen: 09\/2007; BMW: 3 Touring E91,3 E90,5 E60,1 E87,5 Touring E61,X3 E83,X1 E84,1 E81,X3 F25,3 Coupe E92,3 Cabriolet E93,1 Cabriolet E88,1 Coupe E82; 21207567829, 21207577479, 21207637279, 7567829, 7577479, 7637279<\/p>\n","protected":false},"excerpt":{"rendered":"<p>VALEO Vauhtipy\u00f6r\u00e4 836589  BMW,3 Touring E91,3 E90,5 E60,1 E87,5 Touring E61,X3 E83,X1 E84,1 E81,X3 F25,3 Coupe E92,3 Cabriolet E93,1 Cabriolet E88<\/p>\n","protected":false},"featured_media":0,"template":"","meta":{"site-sidebar-layout":"default","site-content-layout":"default","ast-global-header-display":"","ast-main-header-display":"","ast-hfb-above-header-display":"","ast-hfb-below-header-display":"","ast-hfb-mobile-header-display":"","site-post-title":"","ast-breadcrumbs-content":"","ast-featured-img":"","footer-sml-layout":"","theme-transparent-header-meta":"","adv-header-id-meta":"","stick-header-meta":"","header-above-stick-meta":"","header-main-stick-meta":"","header-below-stick-meta":""},"pwb-brand":[28],"product_cat":[68],"product_tag":[],"class_list":{"0":"post-21410","1":"product","2":"type-product","3":"status-publish","5":"pwb-brand-valeo","6":"product_cat-vauhtipyora","7":"desktop-align-left","8":"tablet-align-left","9":"mobile-align-left","11":"first","12":"instock","13":"product-type-external"},"brands":[{"id":28,"name":"VALEO","slug":"valeo"}],"_links":{"self":[{"href":"https:\/\/www.autonvaraosahaku.fi\/index.php?rest_route=\/wp\/v2\/product\/21410","targetHints":{"allow":["GET"]}}],"collection":[{"href":"https:\/\/www.autonvaraosahaku.fi\/index.php?rest_route=\/wp\/v2\/product"}],"about":[{"href":"https:\/\/www.autonvaraosahaku.fi\/index.php?rest_route=\/wp\/v2\/types\/product"}],"wp:attachment":[{"href":"https:\/\/www.autonvaraosahaku.fi\/index.php?rest_route=%2Fwp%2Fv2%2Fmedia&parent=21410"}],"wp:term":[{"taxonomy":"pwb-brand","embeddable":true,"href":"https:\/\/www.autonvaraosahaku.fi\/index.php?rest_route=%2Fwp%2Fv2%2Fpwb-brand&post=21410"},{"taxonomy":"product_cat","embeddable":true,"href":"https:\/\/www.autonvaraosahaku.fi\/index.php?rest_route=%2Fwp%2Fv2%2Fproduct_cat&post=21410"},{"taxonomy":"product_tag","embeddable":true,"href":"https:\/\/www.autonvaraosahaku.fi\/index.php?rest_route=%2Fwp%2Fv2%2Fproduct_tag&post=21410"}],"curies":[{"name":"wp","href":"https:\/\/api.w.org\/{rel}","templated":true}]}}