{"id":21434,"date":"2021-02-21T14:43:41","date_gmt":"2021-02-21T14:43:41","guid":{"rendered":"https:\/\/www.autonvaraosahaku.fi\/?product=alanko-10439832-starttimoottori"},"modified":"2021-02-21T14:43:43","modified_gmt":"2021-02-21T14:43:43","slug":"alanko-10439832-starttimoottori","status":"publish","type":"product","link":"https:\/\/www.autonvaraosahaku.fi\/?product=alanko-10439832-starttimoottori","title":{"rendered":"ALANKO 10439832 Starttimoottori"},"content":{"rendered":"<p>J\u00e4nnite (V): 12; K\u00e4ynnistinmoottori teho (kW): 0,9; Hammasluku: 8-11; Kiinnitysreikien lukum\u00e4\u00e4r\u00e4: 3, 2; kierrereiki\u00e4 [kpl]: 1; Laippa \u00d8(mm): 64; Py\u00f6rimissuunta: Py\u00f6rimissuunta my\u00f6t\u00e4p\u00e4iv\u00e4\u00e4n; M\u00e4\u00e4r\u00e4yksikk\u00f6: Kappale; Uusi osa: , ; Varusteet: f\u00fcr Fahrzeuge ohne Start-Stopp-Funktion; FORD: KA RU8; FIAT: GRANDE PUNTO 199,PUNTO 188,PANDA 169,500 312,STILO 192,BRAVO II 198,PUNTO EVO 199,DOBLO Cargo 223,500 C 312,STILO Multi Wagon 192,DOBLO 119,DOBLO Kasten\/Kombi 263,PANDA Van 169,PUNTO 199,IDEA,PANDA 312,QUBO 225,500L,DOBLO Gro\u00dfraumlimousine 152, 263,FIORINO Kasten\/Kombi 225,LINEA 323,PUNTO Van 199,DOBLO Pritsche\/Fahrgestell 263,SIENA 178_,PANDA VAN 312; ALFA ROMEO: GIULIETTA 940,MITO 955; LANCIA: YPSILON 843,DELTA III 844,MUSA 350; ABARTH: 500 \/ 595 312_,500C \/ 595C 312_,PUNTO 199_; 46813058, 46813064, 46816793, 46816973, 51772325, 517723250, 51812501, 51832950, 51832951, 51832952, 51890631, 51890632, 55192483, 55193355, 55193356, 55201360, 1542468, 1567033, 9S5111000AA, 9S5111000AB; Startti,K\u00e4ynnistinmoottori<\/p>\n","protected":false},"excerpt":{"rendered":"<p>ALANKO Starttimoottori 10439832 Startti,K\u00e4ynnistinmoottori FORD,FIAT,ALFA ROMEO,KA RU8,GRANDE PUNTO 199,PUNTO 188,PANDA 169,500 312,STILO 192<\/p>\n","protected":false},"featured_media":0,"template":"","meta":{"site-sidebar-layout":"default","site-content-layout":"default","ast-global-header-display":"","ast-main-header-display":"","ast-hfb-above-header-display":"","ast-hfb-below-header-display":"","ast-hfb-mobile-header-display":"","site-post-title":"","ast-breadcrumbs-content":"","ast-featured-img":"","footer-sml-layout":"","theme-transparent-header-meta":"","adv-header-id-meta":"","stick-header-meta":"","header-above-stick-meta":"","header-main-stick-meta":"","header-below-stick-meta":""},"pwb-brand":[324],"product_cat":[295],"product_tag":[],"class_list":{"0":"post-21434","1":"product","2":"type-product","3":"status-publish","5":"pwb-brand-alanko","6":"product_cat-starttimoottori","7":"desktop-align-left","8":"tablet-align-left","9":"mobile-align-left","11":"first","12":"instock","13":"product-type-external"},"brands":[{"id":324,"name":"ALANKO","slug":"alanko"}],"_links":{"self":[{"href":"https:\/\/www.autonvaraosahaku.fi\/index.php?rest_route=\/wp\/v2\/product\/21434","targetHints":{"allow":["GET"]}}],"collection":[{"href":"https:\/\/www.autonvaraosahaku.fi\/index.php?rest_route=\/wp\/v2\/product"}],"about":[{"href":"https:\/\/www.autonvaraosahaku.fi\/index.php?rest_route=\/wp\/v2\/types\/product"}],"wp:attachment":[{"href":"https:\/\/www.autonvaraosahaku.fi\/index.php?rest_route=%2Fwp%2Fv2%2Fmedia&parent=21434"}],"wp:term":[{"taxonomy":"pwb-brand","embeddable":true,"href":"https:\/\/www.autonvaraosahaku.fi\/index.php?rest_route=%2Fwp%2Fv2%2Fpwb-brand&post=21434"},{"taxonomy":"product_cat","embeddable":true,"href":"https:\/\/www.autonvaraosahaku.fi\/index.php?rest_route=%2Fwp%2Fv2%2Fproduct_cat&post=21434"},{"taxonomy":"product_tag","embeddable":true,"href":"https:\/\/www.autonvaraosahaku.fi\/index.php?rest_route=%2Fwp%2Fv2%2Fproduct_tag&post=21434"}],"curies":[{"name":"wp","href":"https:\/\/api.w.org\/{rel}","templated":true}]}}