{"id":21436,"date":"2021-02-21T14:43:41","date_gmt":"2021-02-21T14:43:41","guid":{"rendered":"https:\/\/www.autonvaraosahaku.fi\/?product=maxgear-67-0042-termostaatti"},"modified":"2021-02-21T14:43:43","modified_gmt":"2021-02-21T14:43:43","slug":"maxgear-67-0042-termostaatti","status":"publish","type":"product","link":"https:\/\/www.autonvaraosahaku.fi\/?product=maxgear-67-0042-termostaatti","title":{"rendered":"MAXGEAR 67-0042 Termostaatti"},"content":{"rendered":"<p>Avausl\u00e4mp\u00f6tila [\u00b0C]: 90; Lis\u00e4tarvike\/lis\u00e4tieto: Tiivisteill\u00e4; L\u00e4pimitta 2 [mm]: 23; Korkeus 1 (mm): 39; Kotelomalli: Muovikotelo; Valmistusvuosi alkaen: 11\/2005; FORD: MONDEO III Kombi BWY,MONDEO IV Turnier BA7,S-MAX WA6,GALAXY WA6,MONDEO III B5Y,MAVERICK,MONDEO IV BA7,MONDEO III Stufenheck B4Y,MONDEO IV Stufenheck BA7; MAZDA: 3 BK,6 Station Wagon GY,6 Kombi GH,CX-7 ER,6 Hatchback GG,6 GG,3 BL,TRIBUTE EP,MX-5 III NC,6 Schr\u00e4gheck GH,6 GH,MPV II LW; VOLVO: V70 III BW,S80 II AS; 1235840, 1312126, 1351105, 1357711, 1445179, 1452949, 1476205, 1505640, 4L5G6575BC, 4L5G8575AA, 4L5G8575AC, 4L5G8575AD, 4L5G8575AE, 4L5G8575BB, 4L5G8575BC, 4L5Z8575B, 8G9G8575AA, L33615170, L35615170A, L35615170C, L35715170A, L35715170B, LFE215170, 31251246; Termostaatti, J\u00e4\u00e4hdytysneste<\/p>\n","protected":false},"excerpt":{"rendered":"<p>MAXGEAR Termostaatti 67-0042 Termostaatti, J\u00e4\u00e4hdytysneste FORD,MAZDA,VOLVO,MONDEO III Kombi BWY,MONDEO IV Turnier BA7,S-MAX WA6,GALAXY WA6<\/p>\n","protected":false},"featured_media":0,"template":"","meta":{"site-sidebar-layout":"default","site-content-layout":"default","ast-global-header-display":"","ast-main-header-display":"","ast-hfb-above-header-display":"","ast-hfb-below-header-display":"","ast-hfb-mobile-header-display":"","site-post-title":"","ast-breadcrumbs-content":"","ast-featured-img":"","footer-sml-layout":"","theme-transparent-header-meta":"","adv-header-id-meta":"","stick-header-meta":"","header-above-stick-meta":"","header-main-stick-meta":"","header-below-stick-meta":""},"pwb-brand":[48],"product_cat":[174],"product_tag":[],"class_list":{"0":"post-21436","1":"product","2":"type-product","3":"status-publish","5":"pwb-brand-maxgear","6":"product_cat-termostaatti","7":"desktop-align-left","8":"tablet-align-left","9":"mobile-align-left","11":"first","12":"instock","13":"product-type-external"},"brands":[{"id":48,"name":"MAXGEAR","slug":"maxgear"}],"_links":{"self":[{"href":"https:\/\/www.autonvaraosahaku.fi\/index.php?rest_route=\/wp\/v2\/product\/21436","targetHints":{"allow":["GET"]}}],"collection":[{"href":"https:\/\/www.autonvaraosahaku.fi\/index.php?rest_route=\/wp\/v2\/product"}],"about":[{"href":"https:\/\/www.autonvaraosahaku.fi\/index.php?rest_route=\/wp\/v2\/types\/product"}],"wp:attachment":[{"href":"https:\/\/www.autonvaraosahaku.fi\/index.php?rest_route=%2Fwp%2Fv2%2Fmedia&parent=21436"}],"wp:term":[{"taxonomy":"pwb-brand","embeddable":true,"href":"https:\/\/www.autonvaraosahaku.fi\/index.php?rest_route=%2Fwp%2Fv2%2Fpwb-brand&post=21436"},{"taxonomy":"product_cat","embeddable":true,"href":"https:\/\/www.autonvaraosahaku.fi\/index.php?rest_route=%2Fwp%2Fv2%2Fproduct_cat&post=21436"},{"taxonomy":"product_tag","embeddable":true,"href":"https:\/\/www.autonvaraosahaku.fi\/index.php?rest_route=%2Fwp%2Fv2%2Fproduct_tag&post=21436"}],"curies":[{"name":"wp","href":"https:\/\/api.w.org\/{rel}","templated":true}]}}