{"id":21444,"date":"2021-02-21T14:43:45","date_gmt":"2021-02-21T14:43:45","guid":{"rendered":"https:\/\/www.autonvaraosahaku.fi\/?product=snr-kblf43-jousijalan-tukilaakeri"},"modified":"2021-02-21T14:43:46","modified_gmt":"2021-02-21T14:43:46","slug":"snr-kblf43-jousijalan-tukilaakeri","status":"publish","type":"product","link":"https:\/\/www.autonvaraosahaku.fi\/?product=snr-kblf43-jousijalan-tukilaakeri","title":{"rendered":"SNR KBLF43 Jousijalan tukilaakeri"},"content":{"rendered":"<p>Paino [g]: 450; Sis\u00e4l\u00e4pimitta 1 [mm]: 13; Leveys 1 (mm): 122; Pituus (mm): 135; Korkeus (mm): 36,7; Materiaali: Kumi-metalli; Asennuspuoli: etuakseli molemminpuoleinen; Valmistusvuoteen: 12\/2012; RENAULT: CLIO III BR0\/1, CR0\/1,MODUS \/ GRAND MODUS F\/JP0_,CLIO IV,CLIO Grandtour KR0\/1_,CAPTUR,CLIO Grandtour IV,ZOE,CLIO III Kasten SB_, SR_; 543024644R; Iskarin Yl\u00e4p\u00e4\u00e4,Iskunvaimentimen Yl\u00e4p\u00e4\u00e4<\/p>\n","protected":false},"excerpt":{"rendered":"<p>SNR Jousijalan Tukilaakeri KBLF43 Iskarin Yl\u00e4p\u00e4\u00e4,Iskunvaimentimen Yl\u00e4p\u00e4\u00e4 RENAULT,CLIO III BR0\/1, CR0\/1,MODUS \/ GRAND MODUS F\/JP0_,CLIO IV<\/p>\n","protected":false},"featured_media":0,"template":"","meta":{"site-sidebar-layout":"default","site-content-layout":"default","ast-global-header-display":"","ast-main-header-display":"","ast-hfb-above-header-display":"","ast-hfb-below-header-display":"","ast-hfb-mobile-header-display":"","site-post-title":"","ast-breadcrumbs-content":"","ast-featured-img":"","footer-sml-layout":"","theme-transparent-header-meta":"","adv-header-id-meta":"","stick-header-meta":"","header-above-stick-meta":"","header-main-stick-meta":"","header-below-stick-meta":""},"pwb-brand":[342],"product_cat":[45],"product_tag":[],"class_list":{"0":"post-21444","1":"product","2":"type-product","3":"status-publish","5":"pwb-brand-snr","6":"product_cat-jousijalan-tukilaakeri","7":"desktop-align-left","8":"tablet-align-left","9":"mobile-align-left","11":"first","12":"instock","13":"product-type-external"},"brands":[{"id":342,"name":"SNR","slug":"snr"}],"_links":{"self":[{"href":"https:\/\/www.autonvaraosahaku.fi\/index.php?rest_route=\/wp\/v2\/product\/21444","targetHints":{"allow":["GET"]}}],"collection":[{"href":"https:\/\/www.autonvaraosahaku.fi\/index.php?rest_route=\/wp\/v2\/product"}],"about":[{"href":"https:\/\/www.autonvaraosahaku.fi\/index.php?rest_route=\/wp\/v2\/types\/product"}],"wp:attachment":[{"href":"https:\/\/www.autonvaraosahaku.fi\/index.php?rest_route=%2Fwp%2Fv2%2Fmedia&parent=21444"}],"wp:term":[{"taxonomy":"pwb-brand","embeddable":true,"href":"https:\/\/www.autonvaraosahaku.fi\/index.php?rest_route=%2Fwp%2Fv2%2Fpwb-brand&post=21444"},{"taxonomy":"product_cat","embeddable":true,"href":"https:\/\/www.autonvaraosahaku.fi\/index.php?rest_route=%2Fwp%2Fv2%2Fproduct_cat&post=21444"},{"taxonomy":"product_tag","embeddable":true,"href":"https:\/\/www.autonvaraosahaku.fi\/index.php?rest_route=%2Fwp%2Fv2%2Fproduct_tag&post=21444"}],"curies":[{"name":"wp","href":"https:\/\/api.w.org\/{rel}","templated":true}]}}