{"id":21447,"date":"2021-02-21T14:43:45","date_gmt":"2021-02-21T14:43:45","guid":{"rendered":"https:\/\/www.autonvaraosahaku.fi\/?product=alkar-9228907-sivupeilit"},"modified":"2021-02-21T14:43:46","modified_gmt":"2021-02-21T14:43:46","slug":"alkar-9228907-sivupeilit","status":"publish","type":"product","link":"https:\/\/www.autonvaraosahaku.fi\/?product=alkar-9228907-sivupeilit","title":{"rendered":"ALKAR 9228907 Sivupeilit"},"content":{"rendered":"<p>Asennuspuoli: Oikea; Laatu: ALKAR; Lamppumalli: W16W; K\u00e4ytt\u00f6: S\u00e4hk\u00f6inen; Valotoiminto: vilkkuvalolla; Vasen \/ oikea liikenne: Ohjaus vasemmalla; Liittimi\u00e4: 9; Ulko-\/sis\u00e4peili: L\u00e4mp\u00f6tilan tunnistimella, L\u00e4mmitetty, Peili, kokonainen, Laajakulmapeilill\u00e4, Kupera; Vilkun v\u00e4ri: Keltainen; NISSAN: NV400 Kasten,NV400 Bus,NV400 Pritsche\/Fahrgestell; OPEL: MOVANO B Kasten,MOVANO B Bus,MOVANO B Pritsche\/Fahrgestell; RENAULT: MASTER III Kasten FV,MASTER III Bus JV,MASTER III Pritsche\/Fahrgestell EV, HV, UV; 4406886, 4419417, 4419995, 261603141R, 963016903R, 963655132R; Ulkopeilit,Ulkopeili<\/p>\n","protected":false},"excerpt":{"rendered":"<p>ALKAR Sivupeilit 9228907 Ulkopeilit,Ulkopeili NISSAN,OPEL,RENAULT,NV400 Kasten,NV400 Bus,NV400 Pritsche\/Fahrgestell,MOVANO B Kasten,MOVANO B Bus<\/p>\n","protected":false},"featured_media":0,"template":"","meta":{"site-sidebar-layout":"default","site-content-layout":"default","ast-global-header-display":"","ast-main-header-display":"","ast-hfb-above-header-display":"","ast-hfb-below-header-display":"","ast-hfb-mobile-header-display":"","site-post-title":"","ast-breadcrumbs-content":"","ast-featured-img":"","footer-sml-layout":"","theme-transparent-header-meta":"","adv-header-id-meta":"","stick-header-meta":"","header-above-stick-meta":"","header-main-stick-meta":"","header-below-stick-meta":""},"pwb-brand":[320],"product_cat":[220],"product_tag":[],"class_list":{"0":"post-21447","1":"product","2":"type-product","3":"status-publish","5":"pwb-brand-alkar","6":"product_cat-sivupeilit","7":"desktop-align-left","8":"tablet-align-left","9":"mobile-align-left","11":"first","12":"instock","13":"product-type-external"},"brands":[{"id":320,"name":"ALKAR","slug":"alkar"}],"_links":{"self":[{"href":"https:\/\/www.autonvaraosahaku.fi\/index.php?rest_route=\/wp\/v2\/product\/21447","targetHints":{"allow":["GET"]}}],"collection":[{"href":"https:\/\/www.autonvaraosahaku.fi\/index.php?rest_route=\/wp\/v2\/product"}],"about":[{"href":"https:\/\/www.autonvaraosahaku.fi\/index.php?rest_route=\/wp\/v2\/types\/product"}],"wp:attachment":[{"href":"https:\/\/www.autonvaraosahaku.fi\/index.php?rest_route=%2Fwp%2Fv2%2Fmedia&parent=21447"}],"wp:term":[{"taxonomy":"pwb-brand","embeddable":true,"href":"https:\/\/www.autonvaraosahaku.fi\/index.php?rest_route=%2Fwp%2Fv2%2Fpwb-brand&post=21447"},{"taxonomy":"product_cat","embeddable":true,"href":"https:\/\/www.autonvaraosahaku.fi\/index.php?rest_route=%2Fwp%2Fv2%2Fproduct_cat&post=21447"},{"taxonomy":"product_tag","embeddable":true,"href":"https:\/\/www.autonvaraosahaku.fi\/index.php?rest_route=%2Fwp%2Fv2%2Fproduct_tag&post=21447"}],"curies":[{"name":"wp","href":"https:\/\/api.w.org\/{rel}","templated":true}]}}