{"id":21474,"date":"2021-02-21T14:43:49","date_gmt":"2021-02-21T14:43:49","guid":{"rendered":"https:\/\/www.autonvaraosahaku.fi\/?product=sachs-317-474-iskunvaimennin"},"modified":"2021-02-21T14:43:51","modified_gmt":"2021-02-21T14:43:51","slug":"sachs-317-474-iskunvaimennin","status":"publish","type":"product","link":"https:\/\/www.autonvaraosahaku.fi\/?product=sachs-317-474-iskunvaimennin","title":{"rendered":"SACHS 317 474 Iskunvaimennin"},"content":{"rendered":"<p>Iskunvaimennusj\u00e4rjestelm\u00e4: Yksiputki; Iskunvaimennin tyyppi: Kaasupaine; Tunnusluku: ETOV36\/11X179.6A; Iskunvaimennin asennustapa: Tappi ylh\u00e4\u00e4ll\u00e4, Silmukka alhaalla; Asennuspuoli: Hinterachse; MERCEDES-BENZ: B-CLASS W246, W242,A-CLASS W176,CLA Coupe C117,CLA Shooting Brake X117; Iskarit,Iskunvaimennin<\/p>\n","protected":false},"excerpt":{"rendered":"<p>SACHS Iskunvaimentimet 317 474 Iskarit,Iskunvaimennin MERCEDES-BENZ,B-CLASS W246, W242,A-CLASS W176,CLA Coupe C117,CLA Shooting Brake X117<\/p>\n","protected":false},"featured_media":0,"template":"","meta":{"site-sidebar-layout":"default","site-content-layout":"default","ast-global-header-display":"","ast-main-header-display":"","ast-hfb-above-header-display":"","ast-hfb-below-header-display":"","ast-hfb-mobile-header-display":"","site-post-title":"","ast-breadcrumbs-content":"","ast-featured-img":"","footer-sml-layout":"","theme-transparent-header-meta":"","adv-header-id-meta":"","stick-header-meta":"","header-above-stick-meta":"","header-main-stick-meta":"","header-below-stick-meta":""},"pwb-brand":[91],"product_cat":[80],"product_tag":[],"class_list":{"0":"post-21474","1":"product","2":"type-product","3":"status-publish","5":"pwb-brand-sachs","6":"product_cat-iskunvaimennin","7":"desktop-align-left","8":"tablet-align-left","9":"mobile-align-left","11":"first","12":"instock","13":"product-type-external"},"brands":[{"id":91,"name":"SACHS","slug":"sachs"}],"_links":{"self":[{"href":"https:\/\/www.autonvaraosahaku.fi\/index.php?rest_route=\/wp\/v2\/product\/21474","targetHints":{"allow":["GET"]}}],"collection":[{"href":"https:\/\/www.autonvaraosahaku.fi\/index.php?rest_route=\/wp\/v2\/product"}],"about":[{"href":"https:\/\/www.autonvaraosahaku.fi\/index.php?rest_route=\/wp\/v2\/types\/product"}],"wp:attachment":[{"href":"https:\/\/www.autonvaraosahaku.fi\/index.php?rest_route=%2Fwp%2Fv2%2Fmedia&parent=21474"}],"wp:term":[{"taxonomy":"pwb-brand","embeddable":true,"href":"https:\/\/www.autonvaraosahaku.fi\/index.php?rest_route=%2Fwp%2Fv2%2Fpwb-brand&post=21474"},{"taxonomy":"product_cat","embeddable":true,"href":"https:\/\/www.autonvaraosahaku.fi\/index.php?rest_route=%2Fwp%2Fv2%2Fproduct_cat&post=21474"},{"taxonomy":"product_tag","embeddable":true,"href":"https:\/\/www.autonvaraosahaku.fi\/index.php?rest_route=%2Fwp%2Fv2%2Fproduct_tag&post=21474"}],"curies":[{"name":"wp","href":"https:\/\/api.w.org\/{rel}","templated":true}]}}