{"id":21479,"date":"2021-02-21T14:43:53","date_gmt":"2021-02-21T14:43:53","guid":{"rendered":"https:\/\/www.autonvaraosahaku.fi\/?product=hella-8dz-355-209-101-muut-luokat"},"modified":"2021-02-21T14:43:53","modified_gmt":"2021-02-21T14:43:53","slug":"hella-8dz-355-209-101-muut-luokat","status":"publish","type":"product","link":"https:\/\/www.autonvaraosahaku.fi\/?product=hella-8dz-355-209-101-muut-luokat","title":{"rendered":"HELLA 8DZ 355 209-101 Muut luokat"},"content":{"rendered":"<p>Pituus (mm): 18,9; Kierremitta: M10x1,5; Materiaali: Ter\u00e4s; Pinta: Geomet\u00aerisoitu; Ruuvikanta\/mutteriprofiili: Torx, sis\u00e4; M\u00e4\u00e4r\u00e4: 2; saatavana yleistarvikkeena katso tuote-nro.: 8DZ 355 209-991; Teknisten tietojen numero: PAG0010; Asennuspuoli: Vorderachse; LAND ROVER: RANGE ROVER SPORT LS,DISCOVERY IV LA; MINI: MINI R56,MINI R50, R53,MINI CLUBMAN R55,MINI Cabriolet R52,MINI Cabriolet R57,MINI Coupe R58,MINI Roadster R59,MINI CLUBVAN R55; SYP100241, 07136772426<\/p>\n","protected":false},"excerpt":{"rendered":"<p>HELLA Ruuvi, Jarrulevy 8DZ 355 209-101  LAND ROVER,MINI,RANGE ROVER SPORT LS,DISCOVERY IV LA,MINI R56,MINI R50, R53,MINI CLUBMAN R55<\/p>\n","protected":false},"featured_media":0,"template":"","meta":{"site-sidebar-layout":"default","site-content-layout":"default","ast-global-header-display":"","ast-main-header-display":"","ast-hfb-above-header-display":"","ast-hfb-below-header-display":"","ast-hfb-mobile-header-display":"","site-post-title":"","ast-breadcrumbs-content":"","ast-featured-img":"","footer-sml-layout":"","theme-transparent-header-meta":"","adv-header-id-meta":"","stick-header-meta":"","header-above-stick-meta":"","header-main-stick-meta":"","header-below-stick-meta":""},"pwb-brand":[24],"product_cat":[37],"product_tag":[],"class_list":{"0":"post-21479","1":"product","2":"type-product","3":"status-publish","5":"pwb-brand-hella","6":"product_cat-muut-luokat","7":"desktop-align-left","8":"tablet-align-left","9":"mobile-align-left","11":"first","12":"instock","13":"product-type-external"},"brands":[{"id":24,"name":"HELLA","slug":"hella"}],"_links":{"self":[{"href":"https:\/\/www.autonvaraosahaku.fi\/index.php?rest_route=\/wp\/v2\/product\/21479","targetHints":{"allow":["GET"]}}],"collection":[{"href":"https:\/\/www.autonvaraosahaku.fi\/index.php?rest_route=\/wp\/v2\/product"}],"about":[{"href":"https:\/\/www.autonvaraosahaku.fi\/index.php?rest_route=\/wp\/v2\/types\/product"}],"wp:attachment":[{"href":"https:\/\/www.autonvaraosahaku.fi\/index.php?rest_route=%2Fwp%2Fv2%2Fmedia&parent=21479"}],"wp:term":[{"taxonomy":"pwb-brand","embeddable":true,"href":"https:\/\/www.autonvaraosahaku.fi\/index.php?rest_route=%2Fwp%2Fv2%2Fpwb-brand&post=21479"},{"taxonomy":"product_cat","embeddable":true,"href":"https:\/\/www.autonvaraosahaku.fi\/index.php?rest_route=%2Fwp%2Fv2%2Fproduct_cat&post=21479"},{"taxonomy":"product_tag","embeddable":true,"href":"https:\/\/www.autonvaraosahaku.fi\/index.php?rest_route=%2Fwp%2Fv2%2Fproduct_tag&post=21479"}],"curies":[{"name":"wp","href":"https:\/\/api.w.org\/{rel}","templated":true}]}}