{"id":21493,"date":"2021-02-21T14:43:53","date_gmt":"2021-02-21T14:43:53","guid":{"rendered":"https:\/\/www.autonvaraosahaku.fi\/?product=master-sport-612-kf-pcs-ms-polttoainesuodatin"},"modified":"2021-02-21T14:43:55","modified_gmt":"2021-02-21T14:43:55","slug":"master-sport-612-kf-pcs-ms-polttoainesuodatin","status":"publish","type":"product","link":"https:\/\/www.autonvaraosahaku.fi\/?product=master-sport-612-kf-pcs-ms-polttoainesuodatin","title":{"rendered":"MASTER-SPORT 612-KF-PCS-MS Polttoainesuodatin"},"content":{"rendered":"<p>Ulkol\u00e4pimitta [mm]: 55; Ulkol\u00e4pimitta 1 [mm]: 62; Korkeus (mm): 137; Sis\u00e4\u00e4ntulol\u00e4pimitta [mm]: 7,9; Ulostulon l\u00e4pimitta [mm]: 7,9; Nettopaino [kg]: 0,08; Bruttopaino [kg]: 0,08; Valmistusvuosi alkaen: 07\/1996; CITRO\u00cbN: ZX N2; PEUGEOT: 306 Schr\u00e4gheck 7A, 7C, N3, N5,306 Cabriolet 7D, N3, N5,306 7B, N3, N5,308 SW II; 156785, 156793, 1567A5, 1567C6, 9673849, 9647867780, 9622617880, 9623266380, 0002591V003, 0002591V004, 16400JD51A, 156781, 156793, 1567C6, 7700845973, 0003414V002, 0003414V003, Q0003414V00300000, Q0003414V003000000<\/p>\n","protected":false},"excerpt":{"rendered":"<p>MASTER-SPORT Polttoainesuodatin 612-KF-PCS-MS  CITRO\u00cbN,PEUGEOT,ZX N2,306 Schr\u00e4gheck 7A, 7C, N3, N5,306 Cabriolet 7D, N3, N5,306 7B, N3, N5,308 SW II<\/p>\n","protected":false},"featured_media":0,"template":"","meta":{"site-sidebar-layout":"default","site-content-layout":"default","ast-global-header-display":"","ast-main-header-display":"","ast-hfb-above-header-display":"","ast-hfb-below-header-display":"","ast-hfb-mobile-header-display":"","site-post-title":"","ast-breadcrumbs-content":"","ast-featured-img":"","footer-sml-layout":"","theme-transparent-header-meta":"","adv-header-id-meta":"","stick-header-meta":"","header-above-stick-meta":"","header-main-stick-meta":"","header-below-stick-meta":""},"pwb-brand":[61],"product_cat":[29],"product_tag":[],"class_list":{"0":"post-21493","1":"product","2":"type-product","3":"status-publish","5":"pwb-brand-master-sport","6":"product_cat-polttoainesuodatin","7":"desktop-align-left","8":"tablet-align-left","9":"mobile-align-left","11":"first","12":"instock","13":"product-type-external"},"brands":[{"id":61,"name":"MASTER-SPORT","slug":"master-sport"}],"_links":{"self":[{"href":"https:\/\/www.autonvaraosahaku.fi\/index.php?rest_route=\/wp\/v2\/product\/21493","targetHints":{"allow":["GET"]}}],"collection":[{"href":"https:\/\/www.autonvaraosahaku.fi\/index.php?rest_route=\/wp\/v2\/product"}],"about":[{"href":"https:\/\/www.autonvaraosahaku.fi\/index.php?rest_route=\/wp\/v2\/types\/product"}],"wp:attachment":[{"href":"https:\/\/www.autonvaraosahaku.fi\/index.php?rest_route=%2Fwp%2Fv2%2Fmedia&parent=21493"}],"wp:term":[{"taxonomy":"pwb-brand","embeddable":true,"href":"https:\/\/www.autonvaraosahaku.fi\/index.php?rest_route=%2Fwp%2Fv2%2Fpwb-brand&post=21493"},{"taxonomy":"product_cat","embeddable":true,"href":"https:\/\/www.autonvaraosahaku.fi\/index.php?rest_route=%2Fwp%2Fv2%2Fproduct_cat&post=21493"},{"taxonomy":"product_tag","embeddable":true,"href":"https:\/\/www.autonvaraosahaku.fi\/index.php?rest_route=%2Fwp%2Fv2%2Fproduct_tag&post=21493"}],"curies":[{"name":"wp","href":"https:\/\/api.w.org\/{rel}","templated":true}]}}