{"id":21495,"date":"2021-02-21T14:43:53","date_gmt":"2021-02-21T14:43:53","guid":{"rendered":"https:\/\/www.autonvaraosahaku.fi\/?product=contitech-ct977k3-jakohihna"},"modified":"2021-02-21T14:43:55","modified_gmt":"2021-02-21T14:43:55","slug":"contitech-ct977k3-jakohihna","status":"publish","type":"product","link":"https:\/\/www.autonvaraosahaku.fi\/?product=contitech-ct977k3-jakohihna","title":{"rendered":"CONTITECH CT977K3 Jakohihna"},"content":{"rendered":"<p>Pakkauspituus [cm]: 26,5; Pakkausleveys [cm]: 16,5; Pakkauskorkeus [mm]: 9,5; Paino [kg]: 1,004; Hammasluku: 128; Leveys (mm): 27; sis\u00e4lt\u00e4\u00e4 useampia tuotteita OE-sarjana (tuote-nro.): 130C16503R, 130C12131R; Valmistusvuosi alkaen: 06\/1999; RENAULT: CLIO II BB0\/1\/2_, CB0\/1\/2_,SC\u00c9NIC I JA0\/1_,ESPACE III JE0_,MEGANE I BA0\/1_,MEGANE I Grandtour KA0\/1_,MEGANE I Cabriolet EA0\/1_,LAGUNA I B56_, 556_,LAGUNA I Grandtour K56_,MEGANE I Classic LA0\/1_,MEGANE I Coach DA0\/1_; 130C12131R, 130C16503R; Hammashihnasarja<\/p>\n","protected":false},"excerpt":{"rendered":"<p>CONTITECH Jakohihnasarja CT977K3 Hammashihnasarja RENAULT,CLIO II BB0\/1\/2_, CB0\/1\/2_,SC\u00c9NIC I JA0\/1_,ESPACE III JE0_,MEGANE I BA0\/1_<\/p>\n","protected":false},"featured_media":0,"template":"","meta":{"site-sidebar-layout":"default","site-content-layout":"default","ast-global-header-display":"","ast-main-header-display":"","ast-hfb-above-header-display":"","ast-hfb-below-header-display":"","ast-hfb-mobile-header-display":"","site-post-title":"","ast-breadcrumbs-content":"","ast-featured-img":"","footer-sml-layout":"","theme-transparent-header-meta":"","adv-header-id-meta":"","stick-header-meta":"","header-above-stick-meta":"","header-main-stick-meta":"","header-below-stick-meta":""},"pwb-brand":[187],"product_cat":[266],"product_tag":[],"class_list":{"0":"post-21495","1":"product","2":"type-product","3":"status-publish","5":"pwb-brand-contitech","6":"product_cat-jakohihna","7":"desktop-align-left","8":"tablet-align-left","9":"mobile-align-left","11":"first","12":"instock","13":"product-type-external"},"brands":[{"id":187,"name":"CONTITECH","slug":"contitech"}],"_links":{"self":[{"href":"https:\/\/www.autonvaraosahaku.fi\/index.php?rest_route=\/wp\/v2\/product\/21495","targetHints":{"allow":["GET"]}}],"collection":[{"href":"https:\/\/www.autonvaraosahaku.fi\/index.php?rest_route=\/wp\/v2\/product"}],"about":[{"href":"https:\/\/www.autonvaraosahaku.fi\/index.php?rest_route=\/wp\/v2\/types\/product"}],"wp:attachment":[{"href":"https:\/\/www.autonvaraosahaku.fi\/index.php?rest_route=%2Fwp%2Fv2%2Fmedia&parent=21495"}],"wp:term":[{"taxonomy":"pwb-brand","embeddable":true,"href":"https:\/\/www.autonvaraosahaku.fi\/index.php?rest_route=%2Fwp%2Fv2%2Fpwb-brand&post=21495"},{"taxonomy":"product_cat","embeddable":true,"href":"https:\/\/www.autonvaraosahaku.fi\/index.php?rest_route=%2Fwp%2Fv2%2Fproduct_cat&post=21495"},{"taxonomy":"product_tag","embeddable":true,"href":"https:\/\/www.autonvaraosahaku.fi\/index.php?rest_route=%2Fwp%2Fv2%2Fproduct_tag&post=21495"}],"curies":[{"name":"wp","href":"https:\/\/api.w.org\/{rel}","templated":true}]}}