{"id":21499,"date":"2021-02-21T14:43:57","date_gmt":"2021-02-21T14:43:57","guid":{"rendered":"https:\/\/www.autonvaraosahaku.fi\/?product=hella-6pv-008-496-701-anturit-sensorit"},"modified":"2021-02-21T14:43:57","modified_gmt":"2021-02-21T14:43:57","slug":"hella-6pv-008-496-701-anturit-sensorit","status":"publish","type":"product","link":"https:\/\/www.autonvaraosahaku.fi\/?product=hella-6pv-008-496-701-anturit-sensorit","title":{"rendered":"HELLA 6PV 008 496-701 Anturit (sensorit)"},"content":{"rendered":"<p>Kiinnitysreikien lukum\u00e4\u00e4r\u00e4: 3; Liittimi\u00e4: 6; Vaihteistomalli: K\u00e4sivaihteisto, Schaltgetriebe 5 Gang; Vasen \/ oikea liikenne: Ohjaus vasemmalla; VW: GOLF IV 1J1,POLO 9N_,LUPO 6X1, 6E1,POLO 6R, 6C,GOLF IV Variant 1J5,POLO 6N2,POLO 6N1,FOX 5Z1, 5Z3,BORA 1J2,NEW BEETLE 9C1, 1C1,BORA Kombi 1J6,NEW BEETLE Cabriolet 1Y7,AMAROK 2H_, S1B,POLO Stufenheck,POLO Kasten 6NF,POLO Stufenheck 9A4,POLO VIVO Schr\u00e4gheck,GOL V,POLO Stufenheck 9N4,POLO VIVO Stufenheck,AMAROK Pritsche\/Fahrgestell S1B; AUDI: A3 8L1,TT 8N3,A1 8X1, 8XF,TT Roadster 8N9,A1 Sportback 8XA, 8XK; SKODA: FABIA Combi 6Y5,FABIA,FABIA 6Y2,OCTAVIA Combi 1U5,FABIA Combi,ROOMSTER 5J,OCTAVIA 1U2,RAPID Spaceback NH1,FABIA Stufenheck 6Y3,ROOMSTER Praktik 5J,RAPID NH3,FABIA Praktik,FABIA NJ3,FABIA Kombi NJ5; SEAT: IBIZA IV 6L1,LEON 1P1,IBIZA V 6J5, 6P5,LEON 1M1,AROSA 6H,IBIZA V ST 6J8, 6P8,TOLEDO II 1M2,IBIZA V SPORTCOUPE 6J1, 6P1,CORDOBA 6L2,TOLEDO IV KG3; 6Q1721503C, 6Q1721503E, 6Q1721503F, 6Q1721503M, 6Q1721503C, 6Q1721503E, 6Q1721503F, 6Q1721503M, 6Q1721503C, 6Q1721503E, 6Q1721503F, 6Q1721503M, 6Q1721503C, 6Q1721503E, 6Q1721503F, 6Q1721503M<\/p>\n","protected":false},"excerpt":{"rendered":"<p>HELLA Tunnistin, Kaasupolkimen Asento 6PV 008 496-701  VW,AUDI,SKODA,GOLF IV 1J1,POLO 9N_,LUPO 6X1, 6E1,POLO 6R, 6C,GOLF IV Variant 1J5,POLO 6N2<\/p>\n","protected":false},"featured_media":0,"template":"","meta":{"site-sidebar-layout":"default","site-content-layout":"default","ast-global-header-display":"","ast-main-header-display":"","ast-hfb-above-header-display":"","ast-hfb-below-header-display":"","ast-hfb-mobile-header-display":"","site-post-title":"","ast-breadcrumbs-content":"","ast-featured-img":"","footer-sml-layout":"","theme-transparent-header-meta":"","adv-header-id-meta":"","stick-header-meta":"","header-above-stick-meta":"","header-main-stick-meta":"","header-below-stick-meta":""},"pwb-brand":[24],"product_cat":[98],"product_tag":[],"class_list":{"0":"post-21499","1":"product","2":"type-product","3":"status-publish","5":"pwb-brand-hella","6":"product_cat-anturit-sensorit","7":"desktop-align-left","8":"tablet-align-left","9":"mobile-align-left","11":"first","12":"instock","13":"product-type-external"},"brands":[{"id":24,"name":"HELLA","slug":"hella"}],"_links":{"self":[{"href":"https:\/\/www.autonvaraosahaku.fi\/index.php?rest_route=\/wp\/v2\/product\/21499","targetHints":{"allow":["GET"]}}],"collection":[{"href":"https:\/\/www.autonvaraosahaku.fi\/index.php?rest_route=\/wp\/v2\/product"}],"about":[{"href":"https:\/\/www.autonvaraosahaku.fi\/index.php?rest_route=\/wp\/v2\/types\/product"}],"wp:attachment":[{"href":"https:\/\/www.autonvaraosahaku.fi\/index.php?rest_route=%2Fwp%2Fv2%2Fmedia&parent=21499"}],"wp:term":[{"taxonomy":"pwb-brand","embeddable":true,"href":"https:\/\/www.autonvaraosahaku.fi\/index.php?rest_route=%2Fwp%2Fv2%2Fpwb-brand&post=21499"},{"taxonomy":"product_cat","embeddable":true,"href":"https:\/\/www.autonvaraosahaku.fi\/index.php?rest_route=%2Fwp%2Fv2%2Fproduct_cat&post=21499"},{"taxonomy":"product_tag","embeddable":true,"href":"https:\/\/www.autonvaraosahaku.fi\/index.php?rest_route=%2Fwp%2Fv2%2Fproduct_tag&post=21499"}],"curies":[{"name":"wp","href":"https:\/\/api.w.org\/{rel}","templated":true}]}}