{"id":21500,"date":"2021-02-21T14:43:57","date_gmt":"2021-02-21T14:43:57","guid":{"rendered":"https:\/\/www.autonvaraosahaku.fi\/?product=hella-6pa-009-166-811-lambda-anturi"},"modified":"2021-02-21T14:43:58","modified_gmt":"2021-02-21T14:43:58","slug":"hella-6pa-009-166-811-lambda-anturi","status":"publish","type":"product","link":"https:\/\/www.autonvaraosahaku.fi\/?product=hella-6pa-009-166-811-lambda-anturi","title":{"rendered":"HELLA 6PA 009 166-811 Lambda anturi"},"content":{"rendered":"<p>Lambdatunnistin: Laajakaista-lambdasondi; Napojen m\u00e4\u00e4r\u00e4: 6; Kaapelinmitta (mm): 600; Asennuspuoli: vorne; BMW: 3 Touring E91,3 E90,5 E60,1 E87,5 Touring E61,1 E81,3 Coupe E92,3 Cabriolet E93,7 E65, E66, E67,1 Cabriolet E88,1 Coupe E82,6 E63,6 Cabriolet E64; IVECO: DAILY V Kasten\/Kombi,DAILY V Pritsche\/Fahrgestell,DAILY V Kipper,DAILY VI Kasten\/Kombi,DAILY VI Pritsche\/Fahrgestell,DAILY VI Bus,DAILY TOURYS Bus,DAILY CITYS; MERCEDES-BENZ: C-CLASS W203,E-CLASS W211,C-CLASS W204,A-CLASS W169,B-CLASS W245,C-CLASS T-Model S204,C-CLASS T-Model S203,E-CLASS T-Model S211,E-CLASS W212,B-CLASS W246, W242,M-CLASS W164,C-CLASS Coupe CL203,E-CLASS T-Model S212,GLK-CLASS X204,VITO Bus W639,SLK R171,A-CLASS W176,CLK C209,VITO \/ MIXTO Kasten W639,SPRINTER 3,5-t Kasten 906,S-CLASS W221,CLS C219,SL R230,R-CLASS W251, V251,G-CLASS W463,E-CLASS Coupe C207,CLK Cabriolet A209,CLA Coupe C117,C-CLASS Coupe C204,SPRINTER 3,5-t Bus 906,SPRINTER 3-t Kasten 906,SLK R172,E-CLASS Cabriolet A207,CLC-CLASS CL203,GL-CLASS X164,G-CLASS W461,SPRINTER 3,5-t Pritsche\/Fahrgestell 906,S-CLASS Coupe C216,SPRINTER 3-t Bus 906,SPRINTER CLASSIC 3,5-t Kasten 909,SPRINTER 5-t Kasten 906,SPRINTER 5-t Pritsche\/Fahrgestell 906,G-CLASS Cabrio W463,SPRINTER 3-t Pritsche\/Fahrgestell 906,SLS AMG C197,SPRINTER 4,6-t Pritsche\/Fahrgestell 906,SPRINTER 4,6-t Kasten 906,SLS AMG Cabriolet A197,GLA-CLASS X156,CLA Shooting Brake X117; FIAT: SCUDO 270_,SCUDO Kasten 270_,SCUDO Pritsche\/Fahrgestell 270_; CITRO\u00cbN: C8 EA_, EB_,BERLINGO Kasten M_,JUMPY,JUMPY Kasten,JUMPY Pritsche\/Fahrgestell; ALFA ROMEO: 147 937,156 Sportwagon 932,156 932; PEUGEOT: 807 E,4007 GP_,EXPERT Tepee VF3V_,EXPERT Kasten VF3A_, VF3U_, VF3X_,EXPERT Pritsche\/Fahrgestell; 55188205, 551882050, 9682216680, 11787539123, 11787539124, 11787540168, 752312302, 7539123, 7539124, 7540168, 1618AS, 9682216680, 55188205, 551882050, 9682216680, 55188205, 551882050, 9682216680, 55188205, 551882050, 5801478830, 9682216680, 0035427018, 0045427318, A0035427018, A0045427318, 1618AS, A0045427318, 1821379J80, 1821379J80000; Lambdatunnistin,Happianturi<\/p>\n","protected":false},"excerpt":{"rendered":"<p>HELLA Lambda Anturi 6PA 009 166-811 Lambdatunnistin,Happianturi BMW,IVECO,MERCEDES-BENZ,3 Touring E91,3 E90,5 E60,1 E87,5 Touring E61,1 E81<\/p>\n","protected":false},"featured_media":0,"template":"","meta":{"site-sidebar-layout":"default","site-content-layout":"default","ast-global-header-display":"","ast-main-header-display":"","ast-hfb-above-header-display":"","ast-hfb-below-header-display":"","ast-hfb-mobile-header-display":"","site-post-title":"","ast-breadcrumbs-content":"","ast-featured-img":"","footer-sml-layout":"","theme-transparent-header-meta":"","adv-header-id-meta":"","stick-header-meta":"","header-above-stick-meta":"","header-main-stick-meta":"","header-below-stick-meta":""},"pwb-brand":[24],"product_cat":[264],"product_tag":[],"class_list":{"0":"post-21500","1":"product","2":"type-product","3":"status-publish","5":"pwb-brand-hella","6":"product_cat-lambda-anturi","7":"desktop-align-left","8":"tablet-align-left","9":"mobile-align-left","11":"first","12":"instock","13":"product-type-external"},"brands":[{"id":24,"name":"HELLA","slug":"hella"}],"_links":{"self":[{"href":"https:\/\/www.autonvaraosahaku.fi\/index.php?rest_route=\/wp\/v2\/product\/21500","targetHints":{"allow":["GET"]}}],"collection":[{"href":"https:\/\/www.autonvaraosahaku.fi\/index.php?rest_route=\/wp\/v2\/product"}],"about":[{"href":"https:\/\/www.autonvaraosahaku.fi\/index.php?rest_route=\/wp\/v2\/types\/product"}],"wp:attachment":[{"href":"https:\/\/www.autonvaraosahaku.fi\/index.php?rest_route=%2Fwp%2Fv2%2Fmedia&parent=21500"}],"wp:term":[{"taxonomy":"pwb-brand","embeddable":true,"href":"https:\/\/www.autonvaraosahaku.fi\/index.php?rest_route=%2Fwp%2Fv2%2Fpwb-brand&post=21500"},{"taxonomy":"product_cat","embeddable":true,"href":"https:\/\/www.autonvaraosahaku.fi\/index.php?rest_route=%2Fwp%2Fv2%2Fproduct_cat&post=21500"},{"taxonomy":"product_tag","embeddable":true,"href":"https:\/\/www.autonvaraosahaku.fi\/index.php?rest_route=%2Fwp%2Fv2%2Fproduct_tag&post=21500"}],"curies":[{"name":"wp","href":"https:\/\/api.w.org\/{rel}","templated":true}]}}