{"id":21503,"date":"2021-02-21T14:43:57","date_gmt":"2021-02-21T14:43:57","guid":{"rendered":"https:\/\/www.autonvaraosahaku.fi\/?product=ridex-273c1158-alatukivarsi"},"modified":"2021-02-21T14:43:58","modified_gmt":"2021-02-21T14:43:58","slug":"ridex-273c1158-alatukivarsi","status":"publish","type":"product","link":"https:\/\/www.autonvaraosahaku.fi\/?product=ridex-273c1158-alatukivarsi","title":{"rendered":"RIDEX 273C1158 Alatukivarsi"},"content":{"rendered":"<p>Kartiomitta (mm): 15; Ohjausmalli: Pitkitt\u00e4istukivarsi; Alustanumerosta: 1G075422; SUZUKI: WAGON R+ MM,IGNIS FH,IGNIS II,LIANA Schr\u00e4gheck,LIANA ER,WAGON R; SUBARU: JUSTY III G3X; OPEL: AGILA A H00; 4520076G00, 4520076G20, 4520076G21, 4520076G22, 4520085E00; Tukivarsi,Tukivarsi, Py\u00f6r\u00e4ntuenta<\/p>\n","protected":false},"excerpt":{"rendered":"<p>RIDEX Alatukivarsi 273C1158 Tukivarsi,Tukivarsi, Py\u00f6r\u00e4ntuenta SUZUKI,SUBARU,OPEL,WAGON R+ MM,IGNIS FH,IGNIS II,LIANA Schr\u00e4gheck,LIANA ER,WAGON R<\/p>\n","protected":false},"featured_media":0,"template":"","meta":{"site-sidebar-layout":"default","site-content-layout":"default","ast-global-header-display":"","ast-main-header-display":"","ast-hfb-above-header-display":"","ast-hfb-below-header-display":"","ast-hfb-mobile-header-display":"","site-post-title":"","ast-breadcrumbs-content":"","ast-featured-img":"","footer-sml-layout":"","theme-transparent-header-meta":"","adv-header-id-meta":"","stick-header-meta":"","header-above-stick-meta":"","header-main-stick-meta":"","header-below-stick-meta":""},"pwb-brand":[157],"product_cat":[62],"product_tag":[],"class_list":{"0":"post-21503","1":"product","2":"type-product","3":"status-publish","5":"pwb-brand-ridex","6":"product_cat-alatukivarsi","7":"desktop-align-left","8":"tablet-align-left","9":"mobile-align-left","11":"first","12":"instock","13":"product-type-external"},"brands":[{"id":157,"name":"RIDEX","slug":"ridex"}],"_links":{"self":[{"href":"https:\/\/www.autonvaraosahaku.fi\/index.php?rest_route=\/wp\/v2\/product\/21503","targetHints":{"allow":["GET"]}}],"collection":[{"href":"https:\/\/www.autonvaraosahaku.fi\/index.php?rest_route=\/wp\/v2\/product"}],"about":[{"href":"https:\/\/www.autonvaraosahaku.fi\/index.php?rest_route=\/wp\/v2\/types\/product"}],"wp:attachment":[{"href":"https:\/\/www.autonvaraosahaku.fi\/index.php?rest_route=%2Fwp%2Fv2%2Fmedia&parent=21503"}],"wp:term":[{"taxonomy":"pwb-brand","embeddable":true,"href":"https:\/\/www.autonvaraosahaku.fi\/index.php?rest_route=%2Fwp%2Fv2%2Fpwb-brand&post=21503"},{"taxonomy":"product_cat","embeddable":true,"href":"https:\/\/www.autonvaraosahaku.fi\/index.php?rest_route=%2Fwp%2Fv2%2Fproduct_cat&post=21503"},{"taxonomy":"product_tag","embeddable":true,"href":"https:\/\/www.autonvaraosahaku.fi\/index.php?rest_route=%2Fwp%2Fv2%2Fproduct_tag&post=21503"}],"curies":[{"name":"wp","href":"https:\/\/api.w.org\/{rel}","templated":true}]}}