{"id":21526,"date":"2021-02-21T14:44:01","date_gmt":"2021-02-21T14:44:01","guid":{"rendered":"https:\/\/www.autonvaraosahaku.fi\/?product=eibach-s1-1-12-25-26-19-pyoranpultit"},"modified":"2021-02-21T14:44:03","modified_gmt":"2021-02-21T14:44:03","slug":"eibach-s1-1-12-25-26-19-pyoranpultit","status":"publish","type":"product","link":"https:\/\/www.autonvaraosahaku.fi\/?product=eibach-s1-1-12-25-26-19-pyoranpultit","title":{"rendered":"EIBACH S1-1-12-25-26-19 Py\u00f6r\u00e4npultit"},"content":{"rendered":"<p>Kierremitta: M12x1,25; Avainv\u00e4li: 19; Py\u00f6r\u00e4n kiinnitys: Kartiolaippa F; Runkopituus [mm]: 26; Tuning: 1; Vanteet: f\u00fcr Leichtmetallfelgen; CITRO\u00cbN: BERLINGO MF,XSARA PICASSO N68,SAXO S0, S1,BERLINGO Kasten M_,XSARA N1,XSARA Break N2,XANTIA X2,XSARA Coupe N0,XANTIA X1,AX ZA-_,XANTIA Break X2,ZX N2,BX XB-_,XM Y3,XANTIA Break X1,ZX Break N2,BX Break XB-_,C15 VD-_,XM Break Y3; PEUGEOT: 206 Schr\u00e4gheck 2A\/C,206 CC 2D,106 II 1,306 Schr\u00e4gheck 7A, 7C, N3, N5,306 Cabriolet 7D, N3, N5,406 Break 8E\/F,PARTNER Combispace 5F,106 I 1A, 1C,205 II 20A\/C,PARTNER Kasten 5,406 Coupe 8C,306 Break 7E, N3, N5,406 8B,306 7B, N3, N5,205 I Cabriolet 741B, 20D,309 II 3C, 3A,205 I 741A\/C,405 I 15B,605 6B,405 II 4B,106 Van 1_,309 I 10C, 10A,306 Van N_, 7_,405 II Break 4E,405 I Break 15E,205 Kasten,306 Kasten\/Schr\u00e4gheck; 540555; Py\u00f6r\u00e4nruuvi<\/p>\n","protected":false},"excerpt":{"rendered":"<p>EIBACH Py\u00f6r\u00e4npultit OE replacement S1-1-12-25-26-19 Py\u00f6r\u00e4nruuvi CITRO\u00cbN,PEUGEOT,BERLINGO MF,XSARA PICASSO N68,SAXO S0, S1,BERLINGO Kasten M_,XSARA N1<\/p>\n","protected":false},"featured_media":0,"template":"","meta":{"site-sidebar-layout":"default","site-content-layout":"default","ast-global-header-display":"","ast-main-header-display":"","ast-hfb-above-header-display":"","ast-hfb-below-header-display":"","ast-hfb-mobile-header-display":"","site-post-title":"","ast-breadcrumbs-content":"","ast-featured-img":"","footer-sml-layout":"","theme-transparent-header-meta":"","adv-header-id-meta":"","stick-header-meta":"","header-above-stick-meta":"","header-main-stick-meta":"","header-below-stick-meta":""},"pwb-brand":[328],"product_cat":[51],"product_tag":[],"class_list":{"0":"post-21526","1":"product","2":"type-product","3":"status-publish","5":"pwb-brand-eibach","6":"product_cat-pyoranpultit","7":"desktop-align-left","8":"tablet-align-left","9":"mobile-align-left","11":"first","12":"instock","13":"product-type-external"},"brands":[{"id":328,"name":"EIBACH","slug":"eibach"}],"_links":{"self":[{"href":"https:\/\/www.autonvaraosahaku.fi\/index.php?rest_route=\/wp\/v2\/product\/21526","targetHints":{"allow":["GET"]}}],"collection":[{"href":"https:\/\/www.autonvaraosahaku.fi\/index.php?rest_route=\/wp\/v2\/product"}],"about":[{"href":"https:\/\/www.autonvaraosahaku.fi\/index.php?rest_route=\/wp\/v2\/types\/product"}],"wp:attachment":[{"href":"https:\/\/www.autonvaraosahaku.fi\/index.php?rest_route=%2Fwp%2Fv2%2Fmedia&parent=21526"}],"wp:term":[{"taxonomy":"pwb-brand","embeddable":true,"href":"https:\/\/www.autonvaraosahaku.fi\/index.php?rest_route=%2Fwp%2Fv2%2Fpwb-brand&post=21526"},{"taxonomy":"product_cat","embeddable":true,"href":"https:\/\/www.autonvaraosahaku.fi\/index.php?rest_route=%2Fwp%2Fv2%2Fproduct_cat&post=21526"},{"taxonomy":"product_tag","embeddable":true,"href":"https:\/\/www.autonvaraosahaku.fi\/index.php?rest_route=%2Fwp%2Fv2%2Fproduct_tag&post=21526"}],"curies":[{"name":"wp","href":"https:\/\/api.w.org\/{rel}","templated":true}]}}