{"id":21567,"date":"2021-02-21T14:44:10","date_gmt":"2021-02-21T14:44:10","guid":{"rendered":"https:\/\/www.autonvaraosahaku.fi\/?product=filtron-op-520-oljynsuodatin"},"modified":"2021-02-21T14:44:12","modified_gmt":"2021-02-21T14:44:12","slug":"filtron-op-520-oljynsuodatin","status":"publish","type":"product","link":"https:\/\/www.autonvaraosahaku.fi\/?product=filtron-op-520-oljynsuodatin","title":{"rendered":"FILTRON OP 520 \u00d6ljynsuodatin"},"content":{"rendered":"<p>Korkeus (mm): 89,5; Kierremitta: 3\/4-16 UNF; Ulkol\u00e4pimitta [mm]: 93,5; Sis\u00e4l\u00e4pimitta 1 [mm]: 72,5, 72,5; Sis\u00e4l\u00e4pimitta 2 [mm]: 62,5, 62,5; Korvaava tuote\/korvaava tiedote 2: yhdell\u00e4 peruutuksenestoventtiilill\u00e4; Valmistusvuosi alkaen: 10\/1972; SKODA: 105,120 742,105,120 744,130; SEAT: 127 127A,133; LADA: NIVA 2121,1200-1600,1200-1500 Kombi,SAMARA 2108, 2109, 2115, 2113, 2114,NOVA 2105,TOSCANA 2107,NOVA Kombi 2104; SAAB: 95 Station Wagon; OPEL: COMMODORE A,COMMODORE A Coupe; LANCIA: DELTA II 836; FIAT: 124 Spider,127,125,131,124 Coupe,124,CAMPAGNOLA,131 Familiare\/Panorama; ALFA ROMEO: SPIDER 115,75 162B,164 164,155 167,SPIDER 105,GT,GTV 116,ALFETTA GT 116,1750-2000,ALFETTA 116,GIULIETTA 116,90 162,SZ,RZ; PEUGEOT: 505 551A,504 Coupe,604 561A_; RENAULT: 25 B29_,MASTER I Kasten T__,TRAFIC Kasten T1, T3, T4,TRAFIC Bus T5, T6, T7,18 134_,18 Variable 135_,FUEGO 136_,MASTER I Bus T__,20 127_,MASTER I Pritsche\/Fahrgestell P__; PF13, SF, X18, X19, X35, X522, X64, X72, 116120603000, 116440603000, 510313, 510889, 530388, 534372, 60507080, 2650396, X3549957, 4126435, 4158728, 4160703, 4199523, 4286050, 4286052, 4323062, 4335880, 4343591, 4343597, 7300943, 5018355, 870X6714UA, 210101012005, 21011012005, 210110120051, 210501012005, 82342881, 110929, 110931, 110945, 110946, 110955, 110978, 1109A0, 7700640165, 7701020783, 7701348110, 7701542286, 7701020783, 7701348110, 834940, 8349409, 0003897992, 3897992, 7910246815, 2101101200520, 2101101200520A, 9975161, 0003897992, 3897992<\/p>\n","protected":false},"excerpt":{"rendered":"<p>FILTRON \u00d6ljynsuodatin OP 520  SKODA,SEAT,LADA,105,120 742,105,120 744,130,127 127A,133,NIVA 2121,1200-1600,1200-1500 Kombi<\/p>\n","protected":false},"featured_media":0,"template":"","meta":{"site-sidebar-layout":"default","site-content-layout":"default","ast-global-header-display":"","ast-main-header-display":"","ast-hfb-above-header-display":"","ast-hfb-below-header-display":"","ast-hfb-mobile-header-display":"","site-post-title":"","ast-breadcrumbs-content":"","ast-featured-img":"","footer-sml-layout":"","theme-transparent-header-meta":"","adv-header-id-meta":"","stick-header-meta":"","header-above-stick-meta":"","header-main-stick-meta":"","header-below-stick-meta":""},"pwb-brand":[359],"product_cat":[30],"product_tag":[],"class_list":{"0":"post-21567","1":"product","2":"type-product","3":"status-publish","5":"pwb-brand-filtron","6":"product_cat-oljynsuodatin","7":"desktop-align-left","8":"tablet-align-left","9":"mobile-align-left","11":"first","12":"instock","13":"product-type-external"},"brands":[{"id":359,"name":"FILTRON","slug":"filtron"}],"_links":{"self":[{"href":"https:\/\/www.autonvaraosahaku.fi\/index.php?rest_route=\/wp\/v2\/product\/21567","targetHints":{"allow":["GET"]}}],"collection":[{"href":"https:\/\/www.autonvaraosahaku.fi\/index.php?rest_route=\/wp\/v2\/product"}],"about":[{"href":"https:\/\/www.autonvaraosahaku.fi\/index.php?rest_route=\/wp\/v2\/types\/product"}],"wp:attachment":[{"href":"https:\/\/www.autonvaraosahaku.fi\/index.php?rest_route=%2Fwp%2Fv2%2Fmedia&parent=21567"}],"wp:term":[{"taxonomy":"pwb-brand","embeddable":true,"href":"https:\/\/www.autonvaraosahaku.fi\/index.php?rest_route=%2Fwp%2Fv2%2Fpwb-brand&post=21567"},{"taxonomy":"product_cat","embeddable":true,"href":"https:\/\/www.autonvaraosahaku.fi\/index.php?rest_route=%2Fwp%2Fv2%2Fproduct_cat&post=21567"},{"taxonomy":"product_tag","embeddable":true,"href":"https:\/\/www.autonvaraosahaku.fi\/index.php?rest_route=%2Fwp%2Fv2%2Fproduct_tag&post=21567"}],"curies":[{"name":"wp","href":"https:\/\/api.w.org\/{rel}","templated":true}]}}