{"id":21572,"date":"2021-02-21T14:44:10","date_gmt":"2021-02-21T14:44:10","guid":{"rendered":"https:\/\/www.autonvaraosahaku.fi\/?product=meyle-100-615-0021-kallistuksenvakaajan-puslat"},"modified":"2021-02-21T14:44:12","modified_gmt":"2021-02-21T14:44:12","slug":"meyle-100-615-0021-kallistuksenvakaajan-puslat","status":"publish","type":"product","link":"https:\/\/www.autonvaraosahaku.fi\/?product=meyle-100-615-0021-kallistuksenvakaajan-puslat","title":{"rendered":"MEYLE 100 615 0021 Kallistuksenvakaajan puslat"},"content":{"rendered":"<p>Asennuspuoli: Etuakseli; Sis\u00e4l\u00e4pimitta [mm]: 25; Korvaava tuote\/korvaava tiedote 2: Kuorilla, mutterilla; M\u00e4\u00e4r\u00e4yksikk\u00f6: Sarja; Alustarakenne: f\u00fcr Fahrzeuge mit Standard Fahrwerk; VW: PASSAT 3B2,PASSAT 3B3; AUDI: A4 Avant 8K5, B8,A4 8D2, B5,A4 8K2, B8,A6 Avant 4G5, C7, 4GD,A5 8T3,A5 Sportback 8TA,A8 4D2, 4D8,A6 4G2, C7, 4GC,A7 Sportback 4GA, 4GF,A4 Allroad 8KH, B8,A5 Cabriolet 8F7,A4 Avant 8W5, B9,A4 8W2, B9,A5 Sportback F5A,A5 F53,A4 Allroad 8WH, B9; SKODA: SUPERB 3U4; 4D0411327E, 4D0411327G, 4D0411327G, 4D0411327E, 4D0411327G<\/p>\n","protected":false},"excerpt":{"rendered":"<p>MEYLE Korjaussarja, Vakaajan Hela MEYLE-ORIGINAL: True to OE. 100 615 0021  VW,AUDI,SKODA,PASSAT 3B2,PASSAT 3B3,A4 Avant 8K5, B8,A4 8D2, B5,A4 8K2, B8<\/p>\n","protected":false},"featured_media":0,"template":"","meta":{"site-sidebar-layout":"default","site-content-layout":"default","ast-global-header-display":"","ast-main-header-display":"","ast-hfb-above-header-display":"","ast-hfb-below-header-display":"","ast-hfb-mobile-header-display":"","site-post-title":"","ast-breadcrumbs-content":"","ast-featured-img":"","footer-sml-layout":"","theme-transparent-header-meta":"","adv-header-id-meta":"","stick-header-meta":"","header-above-stick-meta":"","header-main-stick-meta":"","header-below-stick-meta":""},"pwb-brand":[84],"product_cat":[82],"product_tag":[],"class_list":{"0":"post-21572","1":"product","2":"type-product","3":"status-publish","5":"pwb-brand-meyle","6":"product_cat-kallistuksenvakaajan-puslat","7":"desktop-align-left","8":"tablet-align-left","9":"mobile-align-left","11":"first","12":"instock","13":"product-type-external"},"brands":[{"id":84,"name":"MEYLE","slug":"meyle"}],"_links":{"self":[{"href":"https:\/\/www.autonvaraosahaku.fi\/index.php?rest_route=\/wp\/v2\/product\/21572","targetHints":{"allow":["GET"]}}],"collection":[{"href":"https:\/\/www.autonvaraosahaku.fi\/index.php?rest_route=\/wp\/v2\/product"}],"about":[{"href":"https:\/\/www.autonvaraosahaku.fi\/index.php?rest_route=\/wp\/v2\/types\/product"}],"wp:attachment":[{"href":"https:\/\/www.autonvaraosahaku.fi\/index.php?rest_route=%2Fwp%2Fv2%2Fmedia&parent=21572"}],"wp:term":[{"taxonomy":"pwb-brand","embeddable":true,"href":"https:\/\/www.autonvaraosahaku.fi\/index.php?rest_route=%2Fwp%2Fv2%2Fpwb-brand&post=21572"},{"taxonomy":"product_cat","embeddable":true,"href":"https:\/\/www.autonvaraosahaku.fi\/index.php?rest_route=%2Fwp%2Fv2%2Fproduct_cat&post=21572"},{"taxonomy":"product_tag","embeddable":true,"href":"https:\/\/www.autonvaraosahaku.fi\/index.php?rest_route=%2Fwp%2Fv2%2Fproduct_tag&post=21572"}],"curies":[{"name":"wp","href":"https:\/\/api.w.org\/{rel}","templated":true}]}}