{"id":21577,"date":"2021-02-21T14:44:10","date_gmt":"2021-02-21T14:44:10","guid":{"rendered":"https:\/\/www.autonvaraosahaku.fi\/?product=nrf-342053-lammityslaitteen-puhaltimen-vastus"},"modified":"2021-02-21T14:44:13","modified_gmt":"2021-02-21T14:44:13","slug":"nrf-342053-lammityslaitteen-puhaltimen-vastus","status":"publish","type":"product","link":"https:\/\/www.autonvaraosahaku.fi\/?product=nrf-342053-lammityslaitteen-puhaltimen-vastus","title":{"rendered":"NRF 342053 L\u00e4mmityslaitteen puhaltimen vastus"},"content":{"rendered":"<p>Napojen m\u00e4\u00e4r\u00e4: 8; J\u00e4nnite (V): 12; Rakennemalli: Modus; NISSAN: MICRA III K12,NOTE E11,MICRA C+C K12; CITRO\u00cbN: C2 JM_,C3 I FC_,C5 I DC_,C5 I Break DE_,C2 ENTERPRISE; PEUGEOT: 207 WA_, WC_,207 CC WD_,207 SW WK_,607 9D, 9U,406 Break 8E\/F,1007 KM_,406 Coupe 8C,406 8B,207 Stufenheck,207 Van; RENAULT: CLIO III BR0\/1, CR0\/1,SC\u00c9NIC II JM0\/1_,TWINGO II CN0_,MODUS \/ GRAND MODUS F\/JP0_,MEGANE II Kombi KM0\/1_,MEGANE II Coup\u00e9-Cabriolet EM0\/1_,MEGANE II BM0\/1_, CM0\/1_,CLIO Grandtour KR0\/1_,MEGANE II Stufenheck LM0\/1_,CLIO III Kasten SB_, SR_,MEGANE II Kasten\/Kombi KM_,MEGANE II Hatchback Van KM0\/2_; 6441L2, 27761AX010, 6441L2, 7701048390, 7701207718; Vastus, Sis\u00e4ilmantuuletin<\/p>\n","protected":false},"excerpt":{"rendered":"<p>NRF L\u00e4mmityslaitteen Puhaltimen Vastus 342053 Vastus, Sis\u00e4ilmantuuletin NISSAN,CITRO\u00cbN,PEUGEOT,MICRA III K12,NOTE E11,MICRA C+C K12,C2 JM_,C3 I FC_<\/p>\n","protected":false},"featured_media":0,"template":"","meta":{"site-sidebar-layout":"default","site-content-layout":"default","ast-global-header-display":"","ast-main-header-display":"","ast-hfb-above-header-display":"","ast-hfb-below-header-display":"","ast-hfb-mobile-header-display":"","site-post-title":"","ast-breadcrumbs-content":"","ast-featured-img":"","footer-sml-layout":"","theme-transparent-header-meta":"","adv-header-id-meta":"","stick-header-meta":"","header-above-stick-meta":"","header-main-stick-meta":"","header-below-stick-meta":""},"pwb-brand":[85],"product_cat":[134],"product_tag":[],"class_list":{"0":"post-21577","1":"product","2":"type-product","3":"status-publish","5":"pwb-brand-nrf","6":"product_cat-lammityslaitteen-puhaltimen-vastus","7":"desktop-align-left","8":"tablet-align-left","9":"mobile-align-left","11":"first","12":"instock","13":"product-type-external"},"brands":[{"id":85,"name":"NRF","slug":"nrf"}],"_links":{"self":[{"href":"https:\/\/www.autonvaraosahaku.fi\/index.php?rest_route=\/wp\/v2\/product\/21577","targetHints":{"allow":["GET"]}}],"collection":[{"href":"https:\/\/www.autonvaraosahaku.fi\/index.php?rest_route=\/wp\/v2\/product"}],"about":[{"href":"https:\/\/www.autonvaraosahaku.fi\/index.php?rest_route=\/wp\/v2\/types\/product"}],"wp:attachment":[{"href":"https:\/\/www.autonvaraosahaku.fi\/index.php?rest_route=%2Fwp%2Fv2%2Fmedia&parent=21577"}],"wp:term":[{"taxonomy":"pwb-brand","embeddable":true,"href":"https:\/\/www.autonvaraosahaku.fi\/index.php?rest_route=%2Fwp%2Fv2%2Fpwb-brand&post=21577"},{"taxonomy":"product_cat","embeddable":true,"href":"https:\/\/www.autonvaraosahaku.fi\/index.php?rest_route=%2Fwp%2Fv2%2Fproduct_cat&post=21577"},{"taxonomy":"product_tag","embeddable":true,"href":"https:\/\/www.autonvaraosahaku.fi\/index.php?rest_route=%2Fwp%2Fv2%2Fproduct_tag&post=21577"}],"curies":[{"name":"wp","href":"https:\/\/api.w.org\/{rel}","templated":true}]}}