{"id":21601,"date":"2021-02-21T14:44:19","date_gmt":"2021-02-21T14:44:19","guid":{"rendered":"https:\/\/www.autonvaraosahaku.fi\/?product=hr-125001-pyoranpultit"},"modified":"2021-02-21T14:44:19","modified_gmt":"2021-02-21T14:44:19","slug":"hr-125001-pyoranpultit","status":"publish","type":"product","link":"https:\/\/www.autonvaraosahaku.fi\/?product=hr-125001-pyoranpultit","title":{"rendered":"H&#038;R 125001 Py\u00f6r\u00e4npultit"},"content":{"rendered":"<p>Paksuus [mm]: 18,0; Sis\u00e4kierre (mm): M12 x 1,5; Avainv\u00e4li: 19; Py\u00f6r\u00e4n kiinnitys: Kuula istukka A\/G; Asennuspuoli: Etuakseli, Taka-akseli; Paino [kg]: 0,03; Tuning: 1; Vuosimallista: 1993; HONDA: CIVIC VIII Hatchback FN, FK,JAZZ II GD,JAZZ III GE,CIVIC VI Hatchback EJ, EK,ACCORD VI CG, CK,CRX III EH, EG,CIVIC V Hatchback EG,PRELUDE V BB,ACCORD VI Hatchback CH,CIVIC VIII Stufenheck FD, FA,JAZZ Stufenheck,INSIGHT ZE_,CIVIC VI Stufenheck EJ, EK,PRELUDE IV BB,CIVIC VII Stufenheck ES,ACCORD IV CB,CIVIC V Stufenheck EG, EH,ACCORD V Aerodeck CE,LEGEND III KA9,CONCERTO HW,LEGEND II Coupe KA8,ACCORD IV Aerodeck CB,CONCERTO Stufenheck HWW,LEGEND II KA7,INSIGHT ZE,ACCORD IV Coupe CB, CC,CITY Stufenheck GD8\/GD9,JAZZ IV GK,CITY Stufenheck GM6; Py\u00f6r\u00e4n Mutteri<\/p>\n","protected":false},"excerpt":{"rendered":"<p>H&#038;R Py\u00f6r\u00e4nmutterit 125001 Py\u00f6r\u00e4n Mutteri HONDA,CIVIC VIII Hatchback FN, FK,JAZZ II GD,JAZZ III GE,CIVIC VI Hatchback EJ, EK,ACCORD VI CG, CK<\/p>\n","protected":false},"featured_media":0,"template":"","meta":{"site-sidebar-layout":"default","site-content-layout":"default","ast-global-header-display":"","ast-main-header-display":"","ast-hfb-above-header-display":"","ast-hfb-below-header-display":"","ast-hfb-mobile-header-display":"","site-post-title":"","ast-breadcrumbs-content":"","ast-featured-img":"","footer-sml-layout":"","theme-transparent-header-meta":"","adv-header-id-meta":"","stick-header-meta":"","header-above-stick-meta":"","header-main-stick-meta":"","header-below-stick-meta":""},"pwb-brand":[423],"product_cat":[51],"product_tag":[],"class_list":{"0":"post-21601","1":"product","2":"type-product","3":"status-publish","5":"pwb-brand-hr","6":"product_cat-pyoranpultit","7":"desktop-align-left","8":"tablet-align-left","9":"mobile-align-left","11":"first","12":"instock","13":"product-type-external"},"brands":[{"id":423,"name":"H&amp;R","slug":"hr"}],"_links":{"self":[{"href":"https:\/\/www.autonvaraosahaku.fi\/index.php?rest_route=\/wp\/v2\/product\/21601","targetHints":{"allow":["GET"]}}],"collection":[{"href":"https:\/\/www.autonvaraosahaku.fi\/index.php?rest_route=\/wp\/v2\/product"}],"about":[{"href":"https:\/\/www.autonvaraosahaku.fi\/index.php?rest_route=\/wp\/v2\/types\/product"}],"wp:attachment":[{"href":"https:\/\/www.autonvaraosahaku.fi\/index.php?rest_route=%2Fwp%2Fv2%2Fmedia&parent=21601"}],"wp:term":[{"taxonomy":"pwb-brand","embeddable":true,"href":"https:\/\/www.autonvaraosahaku.fi\/index.php?rest_route=%2Fwp%2Fv2%2Fpwb-brand&post=21601"},{"taxonomy":"product_cat","embeddable":true,"href":"https:\/\/www.autonvaraosahaku.fi\/index.php?rest_route=%2Fwp%2Fv2%2Fproduct_cat&post=21601"},{"taxonomy":"product_tag","embeddable":true,"href":"https:\/\/www.autonvaraosahaku.fi\/index.php?rest_route=%2Fwp%2Fv2%2Fproduct_tag&post=21601"}],"curies":[{"name":"wp","href":"https:\/\/api.w.org\/{rel}","templated":true}]}}