{"id":21614,"date":"2021-02-21T14:44:19","date_gmt":"2021-02-21T14:44:19","guid":{"rendered":"https:\/\/www.autonvaraosahaku.fi\/?product=meyle-314-152-2102-hd-kardaanin-kuminivel"},"modified":"2021-02-21T14:44:21","modified_gmt":"2021-02-21T14:44:21","slug":"meyle-314-152-2102-hd-kardaanin-kuminivel","status":"publish","type":"product","link":"https:\/\/www.autonvaraosahaku.fi\/?product=meyle-314-152-2102-hd-kardaanin-kuminivel","title":{"rendered":"MEYLE 314 152 2102\/HD Kardaanin kuminivel"},"content":{"rendered":"<p>L\u00e4pimitta [mm]: 110; Lis\u00e4tarvike\/lis\u00e4tieto: Asennusmateriaalilla; Nivelmalli: Kumi-\/Hardynivel; Reikien m\u00e4\u00e4r\u00e4: 6; Reik\u00e4ympyr\u00e4-\u00d8 [mm]: 78; M\u00e4\u00e4r\u00e4yksikk\u00f6: Sarja; Vahvistettu malli: ; lis\u00e4tieto: Quality; Asennuspuoli: vorne; BMW: 3 E46,3 Touring E91,3 E90,5 E60,1 E87,5 Touring E61,3 Touring E46,3 Compact E46,3 Coupe E46,X1 E84,1 E81,3 Compact E36,3 E36,3 E30,3 Coupe E92,3 Cabriolet E46,3 Coupe E36,Z3 E36,Z4 E85,5 E34,3 Cabriolet E93,3 Cabriolet E30,3 Cabriolet E36,3 Touring E36,1 Cabriolet E88,1 Coupe E82,5 Touring E34,5 E28,3 E21,3 Touring E30,5 E12,Z1; OPEL: OMEGA A 16_, 17_, 19_,OMEGA B Caravan 21_, 22_, 23_,OMEGA B 25_, 26_, 27_,OMEGA A Caravan 66_, 67_; VAUXHALL: OMEGA B,OMEGA B Estate,CARLTON Mk III; 26111204294, 26111207785, 26111225624, 0458364, 458364, 458364; R\u00e4ttinivel,Nivel, Pitkitt\u00e4isakseli<\/p>\n","protected":false},"excerpt":{"rendered":"<p>MEYLE Kardaanin Kuminivel 314 152 2102\/HD R\u00e4ttinivel,Nivel, Pitkitt\u00e4isakseli BMW,OPEL,VAUXHALL,3 E46,3 Touring E91,3 E90,5 E60,1 E87,5 Touring E61<\/p>\n","protected":false},"featured_media":0,"template":"","meta":{"site-sidebar-layout":"default","site-content-layout":"default","ast-global-header-display":"","ast-main-header-display":"","ast-hfb-above-header-display":"","ast-hfb-below-header-display":"","ast-hfb-mobile-header-display":"","site-post-title":"","ast-breadcrumbs-content":"","ast-featured-img":"","footer-sml-layout":"","theme-transparent-header-meta":"","adv-header-id-meta":"","stick-header-meta":"","header-above-stick-meta":"","header-main-stick-meta":"","header-below-stick-meta":""},"pwb-brand":[84],"product_cat":[56],"product_tag":[],"class_list":{"0":"post-21614","1":"product","2":"type-product","3":"status-publish","5":"pwb-brand-meyle","6":"product_cat-kardaanin-kuminivel","7":"desktop-align-left","8":"tablet-align-left","9":"mobile-align-left","11":"first","12":"instock","13":"product-type-external"},"brands":[{"id":84,"name":"MEYLE","slug":"meyle"}],"_links":{"self":[{"href":"https:\/\/www.autonvaraosahaku.fi\/index.php?rest_route=\/wp\/v2\/product\/21614","targetHints":{"allow":["GET"]}}],"collection":[{"href":"https:\/\/www.autonvaraosahaku.fi\/index.php?rest_route=\/wp\/v2\/product"}],"about":[{"href":"https:\/\/www.autonvaraosahaku.fi\/index.php?rest_route=\/wp\/v2\/types\/product"}],"wp:attachment":[{"href":"https:\/\/www.autonvaraosahaku.fi\/index.php?rest_route=%2Fwp%2Fv2%2Fmedia&parent=21614"}],"wp:term":[{"taxonomy":"pwb-brand","embeddable":true,"href":"https:\/\/www.autonvaraosahaku.fi\/index.php?rest_route=%2Fwp%2Fv2%2Fpwb-brand&post=21614"},{"taxonomy":"product_cat","embeddable":true,"href":"https:\/\/www.autonvaraosahaku.fi\/index.php?rest_route=%2Fwp%2Fv2%2Fproduct_cat&post=21614"},{"taxonomy":"product_tag","embeddable":true,"href":"https:\/\/www.autonvaraosahaku.fi\/index.php?rest_route=%2Fwp%2Fv2%2Fproduct_tag&post=21614"}],"curies":[{"name":"wp","href":"https:\/\/api.w.org\/{rel}","templated":true}]}}