{"id":21621,"date":"2021-02-21T14:44:23","date_gmt":"2021-02-21T14:44:23","guid":{"rendered":"https:\/\/www.autonvaraosahaku.fi\/?product=kavo-parts-ebl-3002-jarruvalokytkin"},"modified":"2021-02-21T14:44:23","modified_gmt":"2021-02-21T14:44:23","slug":"kavo-parts-ebl-3002-jarruvalokytkin","status":"publish","type":"product","link":"https:\/\/www.autonvaraosahaku.fi\/?product=kavo-parts-ebl-3002-jarruvalokytkin","title":{"rendered":"KAVO PARTS EBL-3002 Jarruvalokytkin"},"content":{"rendered":"<p>Kierremitta: M10x1.25; K\u00e4ytt\u00f6: Mekaaninen; Avainv\u00e4li: M14; Napojen m\u00e4\u00e4r\u00e4: 4; TECDOC-moottorinumero: 24881; KIA: SORENTO I JC,PICANTO BA,SPORTAGE SL,CEE&#8217;D SW ED,CEE&#8217;D Schr\u00e4gheck ED,SPORTAGE JE_, KM_,VENGA YN,SORENTO II XM,RIO II JB,CARENS III UN,CARNIVAL \/ GRAND CARNIVAL III VQ,PRO CEE&#8217;D ED,SOUL AM,CERATO LD,MAGENTIS GD,MAGENTIS MG,OPIRUS GH,CERATO Stufenheck LD,RIO II Stufenheck JB,CERATO YD Stufenheck; HYUNDAI: ix35 LM, EL, ELH,i30 FD,GETZ TB,i10 PA,i20 PB, PBT,TUCSON JM,i30 CW FD,i40 CW VF,SANTA F\u00c9 I SM,SANTA F\u00c9 II CM,ix20 JC,MATRIX FC,TERRACAN HP,COUPE GK,H-1 Travel TQ,TRAJET FO,SONATA V NF,ix55,SONATA IV EF,GENESIS Coupe,i40 VF,H-1 Kasten,H-1 Cargo TQ,ACCENT III MC,H-1 \/ STAREX,ELANTRA XD,ACCENT III Stufenheck MC,ELANTRA Stufenheck XD,GRANDEUR TG,XG XG,LANTRA II J-2,TIBURON Coupe,GENESIS BH; 938101C800, 938102H000, 9381038100, 9381038110, 938103K000, 938101C800, 938102H000, 9381038100, 9381038110, 938103K000; Jarruvalokatkaisin<\/p>\n","protected":false},"excerpt":{"rendered":"<p>KAVO PARTS Jarruvalokytkin EBL-3002 Jarruvalokatkaisin KIA,HYUNDAI,SORENTO I JC,PICANTO BA,SPORTAGE SL,CEE&#8217;D SW ED,CEE&#8217;D Schr\u00e4gheck ED<\/p>\n","protected":false},"featured_media":0,"template":"","meta":{"site-sidebar-layout":"default","site-content-layout":"default","ast-global-header-display":"","ast-main-header-display":"","ast-hfb-above-header-display":"","ast-hfb-below-header-display":"","ast-hfb-mobile-header-display":"","site-post-title":"","ast-breadcrumbs-content":"","ast-featured-img":"","footer-sml-layout":"","theme-transparent-header-meta":"","adv-header-id-meta":"","stick-header-meta":"","header-above-stick-meta":"","header-main-stick-meta":"","header-below-stick-meta":""},"pwb-brand":[419],"product_cat":[117],"product_tag":[],"class_list":{"0":"post-21621","1":"product","2":"type-product","3":"status-publish","5":"pwb-brand-kavo-parts","6":"product_cat-jarruvalokytkin","7":"desktop-align-left","8":"tablet-align-left","9":"mobile-align-left","11":"first","12":"instock","13":"product-type-external"},"brands":[{"id":419,"name":"KAVO PARTS","slug":"kavo-parts"}],"_links":{"self":[{"href":"https:\/\/www.autonvaraosahaku.fi\/index.php?rest_route=\/wp\/v2\/product\/21621","targetHints":{"allow":["GET"]}}],"collection":[{"href":"https:\/\/www.autonvaraosahaku.fi\/index.php?rest_route=\/wp\/v2\/product"}],"about":[{"href":"https:\/\/www.autonvaraosahaku.fi\/index.php?rest_route=\/wp\/v2\/types\/product"}],"wp:attachment":[{"href":"https:\/\/www.autonvaraosahaku.fi\/index.php?rest_route=%2Fwp%2Fv2%2Fmedia&parent=21621"}],"wp:term":[{"taxonomy":"pwb-brand","embeddable":true,"href":"https:\/\/www.autonvaraosahaku.fi\/index.php?rest_route=%2Fwp%2Fv2%2Fpwb-brand&post=21621"},{"taxonomy":"product_cat","embeddable":true,"href":"https:\/\/www.autonvaraosahaku.fi\/index.php?rest_route=%2Fwp%2Fv2%2Fproduct_cat&post=21621"},{"taxonomy":"product_tag","embeddable":true,"href":"https:\/\/www.autonvaraosahaku.fi\/index.php?rest_route=%2Fwp%2Fv2%2Fproduct_tag&post=21621"}],"curies":[{"name":"wp","href":"https:\/\/api.w.org\/{rel}","templated":true}]}}