{"id":21652,"date":"2021-02-21T14:44:27","date_gmt":"2021-02-21T14:44:27","guid":{"rendered":"https:\/\/www.autonvaraosahaku.fi\/?product=vaico-v20-3223-ohjainrulla"},"modified":"2021-02-21T14:44:29","modified_gmt":"2021-02-21T14:44:29","slug":"vaico-v20-3223-ohjainrulla","status":"publish","type":"product","link":"https:\/\/www.autonvaraosahaku.fi\/?product=vaico-v20-3223-ohjainrulla","title":{"rendered":"VAICO V20-3223 Ohjainrulla"},"content":{"rendered":"<p>Materiaali: Polyamidi 6, Polyamidi 6.6; Leveys (mm): 28; Paino [kg]: 0,193; Sis\u00e4l\u00e4pimitta [mm]: 8; Ulkol\u00e4pimitta [mm]: 55; Pakkausleveys [cm]: 5,5; Pakkauskorkeus [mm]: 3,7; Pakkaussyvyys [cm]: 5,6; lis\u00e4tieto: CST99; Apulaitteet: angetr. Agg.: Generator; BMW: 3 Touring E91,3 E90,5 E60,1 E87,5 Touring E61,X3 E83,5 Touring F11,5 F10, F18,X1 E84,1 E81,X5 E70,3 Coupe E92,3 Cabriolet E93,1 Cabriolet E88,7 F01, F02, F03, F04,1 Coupe E82,5 Gran Turismo F07,X6 E71, E72; 11287800562, 7800562; Ohjainrulla, Moniurahihna<\/p>\n","protected":false},"excerpt":{"rendered":"<p>VAICO Ohjainrulla V20-3223 Ohjainrulla, Moniurahihna BMW,3 Touring E91,3 E90,5 E60,1 E87,5 Touring E61,X3 E83,5 Touring F11,5 F10, F18,X1 E84,1 E81<\/p>\n","protected":false},"featured_media":0,"template":"","meta":{"site-sidebar-layout":"default","site-content-layout":"default","ast-global-header-display":"","ast-main-header-display":"","ast-hfb-above-header-display":"","ast-hfb-below-header-display":"","ast-hfb-mobile-header-display":"","site-post-title":"","ast-breadcrumbs-content":"","ast-featured-img":"","footer-sml-layout":"","theme-transparent-header-meta":"","adv-header-id-meta":"","stick-header-meta":"","header-above-stick-meta":"","header-main-stick-meta":"","header-below-stick-meta":""},"pwb-brand":[330],"product_cat":[308],"product_tag":[],"class_list":{"0":"post-21652","1":"product","2":"type-product","3":"status-publish","5":"pwb-brand-vaico","6":"product_cat-ohjainrulla","7":"desktop-align-left","8":"tablet-align-left","9":"mobile-align-left","11":"first","12":"instock","13":"product-type-external"},"brands":[{"id":330,"name":"VAICO","slug":"vaico"}],"_links":{"self":[{"href":"https:\/\/www.autonvaraosahaku.fi\/index.php?rest_route=\/wp\/v2\/product\/21652","targetHints":{"allow":["GET"]}}],"collection":[{"href":"https:\/\/www.autonvaraosahaku.fi\/index.php?rest_route=\/wp\/v2\/product"}],"about":[{"href":"https:\/\/www.autonvaraosahaku.fi\/index.php?rest_route=\/wp\/v2\/types\/product"}],"wp:attachment":[{"href":"https:\/\/www.autonvaraosahaku.fi\/index.php?rest_route=%2Fwp%2Fv2%2Fmedia&parent=21652"}],"wp:term":[{"taxonomy":"pwb-brand","embeddable":true,"href":"https:\/\/www.autonvaraosahaku.fi\/index.php?rest_route=%2Fwp%2Fv2%2Fpwb-brand&post=21652"},{"taxonomy":"product_cat","embeddable":true,"href":"https:\/\/www.autonvaraosahaku.fi\/index.php?rest_route=%2Fwp%2Fv2%2Fproduct_cat&post=21652"},{"taxonomy":"product_tag","embeddable":true,"href":"https:\/\/www.autonvaraosahaku.fi\/index.php?rest_route=%2Fwp%2Fv2%2Fproduct_tag&post=21652"}],"curies":[{"name":"wp","href":"https:\/\/api.w.org\/{rel}","templated":true}]}}