{"id":21669,"date":"2021-02-21T14:44:31","date_gmt":"2021-02-21T14:44:31","guid":{"rendered":"https:\/\/www.autonvaraosahaku.fi\/?product=jp-group-1243602110-vetonivelen-suojakumi"},"modified":"2021-02-21T14:44:32","modified_gmt":"2021-02-21T14:44:32","slug":"jp-group-1243602110-vetonivelen-suojakumi","status":"publish","type":"product","link":"https:\/\/www.autonvaraosahaku.fi\/?product=jp-group-1243602110-vetonivelen-suojakumi","title":{"rendered":"JP GROUP 1243602110 Vetonivelen suojakumi"},"content":{"rendered":"<p>Asennuspuoli: Py\u00f6r\u00e4n puoli; L\u00e4pimitta 1\/l\u00e4pimitta 2 [mm]: A=24 \/ C=83; Pituus (mm): 101; Materiaali: Neopreni; Valmistusvuoteen: 08\/1996; MAZDA: FAMILIA V BA; NISSAN: PRIMERA P11,PRIMERA Traveller WP11,PRIMERA Hatchback P11,SUNNY II Coupe B12,SUNNY III N14,PULSAR V Schr\u00e4gheck N14,SUNNY III Liftback N14,SUNNY II Hatchback N13,SUNNY III Traveller Y10,SUNNY Kasten Y10; OPEL: FRONTERA B 6B_,CAMPO TF_; MITSUBISHI: SIGMA F2_A, F1_A,SIGMA Station Wagon F0_W; 44333SB2981, 44333SK7J02, 44333SK7J03, 44333SK7J12, 44333SK7J13, 0K01122530, 0K2A522530, 0K2A622530, 0K2C022530, 0K55222530, 0K55822530, GS0122530, GS0122530A, MB837332, 3924153J25, 3924153J26, 3924153J27, 3924153J28, 392415M325, 392419E025, 0301710, 0374075, 301710, 374075<\/p>\n","protected":false},"excerpt":{"rendered":"<p>JP GROUP Paljekumisarja, Vetoakseli JP Group 1243602110  MAZDA,NISSAN,OPEL,FAMILIA V BA,PRIMERA P11,PRIMERA Traveller WP11,PRIMERA Hatchback P11<\/p>\n","protected":false},"featured_media":0,"template":"","meta":{"site-sidebar-layout":"default","site-content-layout":"default","ast-global-header-display":"","ast-main-header-display":"","ast-hfb-above-header-display":"","ast-hfb-below-header-display":"","ast-hfb-mobile-header-display":"","site-post-title":"","ast-breadcrumbs-content":"","ast-featured-img":"","footer-sml-layout":"","theme-transparent-header-meta":"","adv-header-id-meta":"","stick-header-meta":"","header-above-stick-meta":"","header-main-stick-meta":"","header-below-stick-meta":""},"pwb-brand":[131],"product_cat":[42],"product_tag":[],"class_list":{"0":"post-21669","1":"product","2":"type-product","3":"status-publish","5":"pwb-brand-jp-group","6":"product_cat-vetonivelen-suojakumi","7":"desktop-align-left","8":"tablet-align-left","9":"mobile-align-left","11":"first","12":"instock","13":"product-type-external"},"brands":[{"id":131,"name":"JP GROUP","slug":"jp-group"}],"_links":{"self":[{"href":"https:\/\/www.autonvaraosahaku.fi\/index.php?rest_route=\/wp\/v2\/product\/21669","targetHints":{"allow":["GET"]}}],"collection":[{"href":"https:\/\/www.autonvaraosahaku.fi\/index.php?rest_route=\/wp\/v2\/product"}],"about":[{"href":"https:\/\/www.autonvaraosahaku.fi\/index.php?rest_route=\/wp\/v2\/types\/product"}],"wp:attachment":[{"href":"https:\/\/www.autonvaraosahaku.fi\/index.php?rest_route=%2Fwp%2Fv2%2Fmedia&parent=21669"}],"wp:term":[{"taxonomy":"pwb-brand","embeddable":true,"href":"https:\/\/www.autonvaraosahaku.fi\/index.php?rest_route=%2Fwp%2Fv2%2Fpwb-brand&post=21669"},{"taxonomy":"product_cat","embeddable":true,"href":"https:\/\/www.autonvaraosahaku.fi\/index.php?rest_route=%2Fwp%2Fv2%2Fproduct_cat&post=21669"},{"taxonomy":"product_tag","embeddable":true,"href":"https:\/\/www.autonvaraosahaku.fi\/index.php?rest_route=%2Fwp%2Fv2%2Fproduct_tag&post=21669"}],"curies":[{"name":"wp","href":"https:\/\/api.w.org\/{rel}","templated":true}]}}