{"id":21700,"date":"2021-02-21T14:44:39","date_gmt":"2021-02-21T14:44:39","guid":{"rendered":"https:\/\/www.autonvaraosahaku.fi\/?product=as-pl-afp0020-laturin-vapaakytkin"},"modified":"2021-02-21T14:44:39","modified_gmt":"2021-02-21T14:44:39","slug":"as-pl-afp0020-laturin-vapaakytkin","status":"publish","type":"product","link":"https:\/\/www.autonvaraosahaku.fi\/?product=as-pl-afp0020-laturin-vapaakytkin","title":{"rendered":"AS-PL AFP0020 Laturin vapaakytkin"},"content":{"rendered":"<p>Ulkol\u00e4pimitta [mm]: 54,40; Sis\u00e4l\u00e4pimitta [mm]: 17,00; Pituus 1 (mm): 38,30; Rihloja (kpl): 6; Kierremitta: M16x1,5; Pituus 2 (mm): 8,10; Valmistusvuosi alkaen: 02\/2007; FORD: MONDEO IV Turnier BA7,MONDEO IV BA7,MONDEO IV Stufenheck BA7; RENAULT: MEGANE II Kombi KM0\/1_; FIAT: DUCATO Kasten 244,DUCATO Pritsche\/Fahrgestell 244,SCUDO 270_,ULYSSE 179AX,DUCATO Bus 244, Z_,SCUDO Kasten 270_,SCUDO Kasten 220L,SCUDO Pritsche\/Fahrgestell 270_,SCUDO Pritsche\/Fahrgestell 220_; PEUGEOT: 206 Schr\u00e4gheck 2A\/C,206 CC 2D,207 WA_, WC_,307 SW 3H,207 CC WD_,307 CC 3B,407 SW 6E_,307 3A\/C,207 SW WK_,308 SW,206 SW 2E\/K,807 E,206+ T3E,308 4A_, 4C_,5008,307 Break 3E,607 9D, 9U,407 6D_,3008,406 Break 8E\/F,PARTNER Tepee,308 CC,1007 KM_,PARTNER Combispace 5F,PARTNER Kasten 5,406 Coupe 8C,406 8B,806 221,407 Coupe 6C_,EXPERT Tepee VF3V_,BOXER Kasten 230L,EXPERT Kasten VF3A_, VF3U_, VF3X_,BOXER Kasten 244,PARTNER Kasten,EXPERT Kasten 222,206 Stufenheck,BOXER Bus 244, Z_,206 Van,EXPERT 224,BOXER Pritsche\/Fahrgestell 244,EXPERT Pritsche\/Fahrgestell 223,207 Van,EXPERT Pritsche\/Fahrgestell,PARTNER Pritsche\/Fahrgestell; CITRO\u00cbN: BERLINGO MF,XSARA PICASSO N68,C2 JM_,C3 I FC_,BERLINGO B9,C5 III Break TD_,C4 Picasso I UD_,C4 Grand Picasso I UA_,C8 EA_, EB_,C4 I LC_,BERLINGO Kasten M_,C5 II Break RE_,C3 Picasso,C5 I DC_,C5 I Break DE_,C5 III RD_,C3 II,C4 Coupe LA_,C3 Pluriel HB_,C5 II RC_,JUMPY,BERLINGO Kasten B9,JUMPER Kasten 244,JUMPY Kasten,EVASION 22, U6,C4 Stufenheck L,JUMPY U6U,JUMPY Kasten BS_, BT_, BY_, BZ_,JUMPER Kasten 230L,JUMPER Bus 244, Z_,C2 ENTERPRISE,JUMPER Pritsche\/Fahrgestell 244,BERLINGO Pritsche\/Fahrgestell B9,JUMPY Pritsche\/Fahrgestell BU_, BV_, BW_, BX_; VOLVO: V70 III BW,S80 II AS; SUZUKI: GRAND VITARA I FT; LANCIA: PHEDRA 179; Laturin Hihnapy\u00f6r\u00e4,Vapaakytkin<\/p>\n","protected":false},"excerpt":{"rendered":"<p>AS-PL Laturin Vapaakytkin Brand new AS-PL Alternator LR1100501 AFP0020 Laturin Hihnapy\u00f6r\u00e4,Vapaakytkin FORD,RENAULT,FIAT,MONDEO IV Turnier BA7<\/p>\n","protected":false},"featured_media":0,"template":"","meta":{"site-sidebar-layout":"default","site-content-layout":"default","ast-global-header-display":"","ast-main-header-display":"","ast-hfb-above-header-display":"","ast-hfb-below-header-display":"","ast-hfb-mobile-header-display":"","site-post-title":"","ast-breadcrumbs-content":"","ast-featured-img":"","footer-sml-layout":"","theme-transparent-header-meta":"","adv-header-id-meta":"","stick-header-meta":"","header-above-stick-meta":"","header-main-stick-meta":"","header-below-stick-meta":""},"pwb-brand":[347],"product_cat":[443],"product_tag":[],"class_list":{"0":"post-21700","1":"product","2":"type-product","3":"status-publish","5":"pwb-brand-as-pl","6":"product_cat-laturin-vapaakytkin","7":"desktop-align-left","8":"tablet-align-left","9":"mobile-align-left","11":"first","12":"instock","13":"product-type-external"},"brands":[{"id":347,"name":"AS-PL","slug":"as-pl"}],"_links":{"self":[{"href":"https:\/\/www.autonvaraosahaku.fi\/index.php?rest_route=\/wp\/v2\/product\/21700","targetHints":{"allow":["GET"]}}],"collection":[{"href":"https:\/\/www.autonvaraosahaku.fi\/index.php?rest_route=\/wp\/v2\/product"}],"about":[{"href":"https:\/\/www.autonvaraosahaku.fi\/index.php?rest_route=\/wp\/v2\/types\/product"}],"wp:attachment":[{"href":"https:\/\/www.autonvaraosahaku.fi\/index.php?rest_route=%2Fwp%2Fv2%2Fmedia&parent=21700"}],"wp:term":[{"taxonomy":"pwb-brand","embeddable":true,"href":"https:\/\/www.autonvaraosahaku.fi\/index.php?rest_route=%2Fwp%2Fv2%2Fpwb-brand&post=21700"},{"taxonomy":"product_cat","embeddable":true,"href":"https:\/\/www.autonvaraosahaku.fi\/index.php?rest_route=%2Fwp%2Fv2%2Fproduct_cat&post=21700"},{"taxonomy":"product_tag","embeddable":true,"href":"https:\/\/www.autonvaraosahaku.fi\/index.php?rest_route=%2Fwp%2Fv2%2Fproduct_tag&post=21700"}],"curies":[{"name":"wp","href":"https:\/\/api.w.org\/{rel}","templated":true}]}}