{"id":21712,"date":"2021-02-21T14:44:39","date_gmt":"2021-02-21T14:44:39","guid":{"rendered":"https:\/\/www.autonvaraosahaku.fi\/?product=maxgear-72-2953-koiranluu"},"modified":"2021-02-21T14:44:41","modified_gmt":"2021-02-21T14:44:41","slug":"maxgear-72-2953-koiranluu","status":"publish","type":"product","link":"https:\/\/www.autonvaraosahaku.fi\/?product=maxgear-72-2953-koiranluu","title":{"rendered":"MAXGEAR 72-2953 Koiranluu"},"content":{"rendered":"<p>Pituus (mm): 335; Ulkokierre [mm]: M10 x 1,5; Avainv\u00e4li: 17; V\u00e4ri: Hopea; Materiaali: Alumiini; Tanko \/ tuki: Yhdystanko; Asennuspuoli: etuakseli molemminpuoleinen, Etuakseli; Tarvittava kappalem\u00e4\u00e4r\u00e4: 2; Paino [kg]: 0,3; OE-numerolle: 9804947480; Organisaationumeroon: 13110; CITRO\u00cbN: BERLINGO MF,BERLINGO B9,C4 I LC_,BERLINGO Kasten M_,C4 Coupe LA_,BERLINGO Kasten B9,DS4,DS5,BERLINGO Pritsche\/Fahrgestell B9; PEUGEOT: 307 SW 3H,307 CC 3B,307 3A\/C,308 SW,308 4A_, 4C_,5008,307 Break 3E,3008,PARTNER Tepee,RCZ,308 CC,PARTNER Kasten; DS: DS5,DS 4 \/ DS 4 CROSSBACK; 508750, 508757, 508762, 508764, 508777, 9804947480, 508750, 508762, 508764, 508777, 9804947480, 508750, 508757, 508762, 508764, 508777, 9804947480; Kallistuksenvakaajan Yhdystanko,Tanko, Kallistuksenvaimennin<\/p>\n","protected":false},"excerpt":{"rendered":"<p>MAXGEAR Koiranluu 72-2953 Kallistuksenvakaajan Yhdystanko,Tanko, Kallistuksenvaimennin CITRO\u00cbN,PEUGEOT,DS,BERLINGO MF,BERLINGO B9,C4 I LC_<\/p>\n","protected":false},"featured_media":0,"template":"","meta":{"site-sidebar-layout":"default","site-content-layout":"default","ast-global-header-display":"","ast-main-header-display":"","ast-hfb-above-header-display":"","ast-hfb-below-header-display":"","ast-hfb-mobile-header-display":"","site-post-title":"","ast-breadcrumbs-content":"","ast-featured-img":"","footer-sml-layout":"","theme-transparent-header-meta":"","adv-header-id-meta":"","stick-header-meta":"","header-above-stick-meta":"","header-main-stick-meta":"","header-below-stick-meta":""},"pwb-brand":[48],"product_cat":[38],"product_tag":[],"class_list":{"0":"post-21712","1":"product","2":"type-product","3":"status-publish","5":"pwb-brand-maxgear","6":"product_cat-koiranluu","7":"desktop-align-left","8":"tablet-align-left","9":"mobile-align-left","11":"first","12":"instock","13":"product-type-external"},"brands":[{"id":48,"name":"MAXGEAR","slug":"maxgear"}],"_links":{"self":[{"href":"https:\/\/www.autonvaraosahaku.fi\/index.php?rest_route=\/wp\/v2\/product\/21712","targetHints":{"allow":["GET"]}}],"collection":[{"href":"https:\/\/www.autonvaraosahaku.fi\/index.php?rest_route=\/wp\/v2\/product"}],"about":[{"href":"https:\/\/www.autonvaraosahaku.fi\/index.php?rest_route=\/wp\/v2\/types\/product"}],"wp:attachment":[{"href":"https:\/\/www.autonvaraosahaku.fi\/index.php?rest_route=%2Fwp%2Fv2%2Fmedia&parent=21712"}],"wp:term":[{"taxonomy":"pwb-brand","embeddable":true,"href":"https:\/\/www.autonvaraosahaku.fi\/index.php?rest_route=%2Fwp%2Fv2%2Fpwb-brand&post=21712"},{"taxonomy":"product_cat","embeddable":true,"href":"https:\/\/www.autonvaraosahaku.fi\/index.php?rest_route=%2Fwp%2Fv2%2Fproduct_cat&post=21712"},{"taxonomy":"product_tag","embeddable":true,"href":"https:\/\/www.autonvaraosahaku.fi\/index.php?rest_route=%2Fwp%2Fv2%2Fproduct_tag&post=21712"}],"curies":[{"name":"wp","href":"https:\/\/api.w.org\/{rel}","templated":true}]}}