{"id":21714,"date":"2021-02-21T14:44:39","date_gmt":"2021-02-21T14:44:39","guid":{"rendered":"https:\/\/www.autonvaraosahaku.fi\/?product=hella-8dt-355-302-931-jarrurumpu"},"modified":"2021-02-21T14:44:41","modified_gmt":"2021-02-21T14:44:41","slug":"hella-8dt-355-302-931-jarrurumpu","status":"publish","type":"product","link":"https:\/\/www.autonvaraosahaku.fi\/?product=hella-8dt-355-302-931-jarrurumpu","title":{"rendered":"HELLA 8DT 355 302-931 Jarrurumpu"},"content":{"rendered":"<p>Rumpul\u00e4pimitta: 200; J-rumpu sis\u00e4leveys [mm]: 54; Jarrurummun ulkol\u00e4pim. [mm]: 238; J-rumpu ulkoleveys [mm]: 81,5; Reik\u00e4kuvio\/-m\u00e4\u00e4r\u00e4: 04\/04; Reik\u00e4ympyr\u00e4-\u00d8 [mm]: 100; Suurin mahdollinen rummun sis\u00e4mitta (mm): 201; keskitt\u00e4misl\u00e4pimitta [mm]: 58,1; Paino [kg]: 5,56; Korvaava tuote\/korvaava tiedote 2: Py\u00f6r\u00e4nnavalla, ilman py\u00f6r\u00e4nlaakeria, Ilman py\u00f6r\u00e4nkiinnityspultteja; Teknisten tietojen numero: 61433; Asennuspuoli: Hinterachse; SUZUKI: SWIFT III MZ, EZ,SPLASH; OPEL: AGILA B H08; VAUXHALL: AGILA Mk II B; 4708277, 93193100, 4351162J00, 4351163J10, 4351162J00, 4351162J00000, 4351162J10, 4351162J10000, 4351162J11, 4708277, 93193100<\/p>\n","protected":false},"excerpt":{"rendered":"<p>HELLA Jarrurumpu 8DT 355 302-931  SUZUKI,OPEL,VAUXHALL,SWIFT III MZ, EZ,SPLASH,AGILA B H08,AGILA Mk II B<\/p>\n","protected":false},"featured_media":0,"template":"","meta":{"site-sidebar-layout":"default","site-content-layout":"default","ast-global-header-display":"","ast-main-header-display":"","ast-hfb-above-header-display":"","ast-hfb-below-header-display":"","ast-hfb-mobile-header-display":"","site-post-title":"","ast-breadcrumbs-content":"","ast-featured-img":"","footer-sml-layout":"","theme-transparent-header-meta":"","adv-header-id-meta":"","stick-header-meta":"","header-above-stick-meta":"","header-main-stick-meta":"","header-below-stick-meta":""},"pwb-brand":[24],"product_cat":[304],"product_tag":[],"class_list":{"0":"post-21714","1":"product","2":"type-product","3":"status-publish","5":"pwb-brand-hella","6":"product_cat-jarrurumpu","7":"desktop-align-left","8":"tablet-align-left","9":"mobile-align-left","11":"first","12":"instock","13":"product-type-external"},"brands":[{"id":24,"name":"HELLA","slug":"hella"}],"_links":{"self":[{"href":"https:\/\/www.autonvaraosahaku.fi\/index.php?rest_route=\/wp\/v2\/product\/21714","targetHints":{"allow":["GET"]}}],"collection":[{"href":"https:\/\/www.autonvaraosahaku.fi\/index.php?rest_route=\/wp\/v2\/product"}],"about":[{"href":"https:\/\/www.autonvaraosahaku.fi\/index.php?rest_route=\/wp\/v2\/types\/product"}],"wp:attachment":[{"href":"https:\/\/www.autonvaraosahaku.fi\/index.php?rest_route=%2Fwp%2Fv2%2Fmedia&parent=21714"}],"wp:term":[{"taxonomy":"pwb-brand","embeddable":true,"href":"https:\/\/www.autonvaraosahaku.fi\/index.php?rest_route=%2Fwp%2Fv2%2Fpwb-brand&post=21714"},{"taxonomy":"product_cat","embeddable":true,"href":"https:\/\/www.autonvaraosahaku.fi\/index.php?rest_route=%2Fwp%2Fv2%2Fproduct_cat&post=21714"},{"taxonomy":"product_tag","embeddable":true,"href":"https:\/\/www.autonvaraosahaku.fi\/index.php?rest_route=%2Fwp%2Fv2%2Fproduct_tag&post=21714"}],"curies":[{"name":"wp","href":"https:\/\/api.w.org\/{rel}","templated":true}]}}