{"id":21741,"date":"2021-02-21T14:44:47","date_gmt":"2021-02-21T14:44:47","guid":{"rendered":"https:\/\/www.autonvaraosahaku.fi\/?product=meyle-614-899-0038-jaahdytysnesteen-lampotila-anturi"},"modified":"2021-02-21T14:44:47","modified_gmt":"2021-02-21T14:44:47","slug":"meyle-614-899-0038-jaahdytysnesteen-lampotila-anturi","status":"publish","type":"product","link":"https:\/\/www.autonvaraosahaku.fi\/?product=meyle-614-899-0038-jaahdytysnesteen-lampotila-anturi","title":{"rendered":"MEYLE 614 899 0038 J\u00e4\u00e4hdytysnesteen l\u00e4mp\u00f6tila anturi"},"content":{"rendered":"<p>K\u00e4ytt\u00f6j\u00e4nnite [V]: 12; Tunnistinmalli: NTC-anturi; Kytkent\u00e4piste (\u00b0C): 150, -40; Kierremitta: M12 x 1,5; Avainv\u00e4li: 19; V\u00e4ri: Harmaa; Napojen m\u00e4\u00e4r\u00e4: 2; lis\u00e4tieto: ORIGINAL Quality; Alustanumerosta: W3000001; HONDA: CIVIC VIII Hatchback FN, FK,CR-V III RE,CIVIC VII Hatchback EU, EP, EV,CR-V II RD_,ACCORD VII CL,FR-V BE,ACCORD VII Tourer CM; LANCIA: LYBRA SW 839BX,KAPPA 838A,LYBRA 839AX,KAPPA SW 838B; OPEL: CORSA D,CORSA C F08, F68,ZAFIRA B A05,ASTRA H Caravan L35,MERIVA,ZAFIRA A F75_,ASTRA G CC F48_, F08_,ASTRA H L48,ASTRA G Caravan F35_,CORSA B 73_, 78_, 79_,VECTRA C Caravan,ASTRA H GTC L08,SIGNUM,VECTRA C,AGILA A H00,VECTRA B 36_,OMEGA B Caravan 21_, 22_, 23_,OMEGA B 25_, 26_, 27_,VECTRA C GTS,ANTARA,TIGRA TwinTop,VECTRA B Caravan 31_,ASTRA H TwinTop L67,ASTRA G Cabriolet F67,FRONTERA B 6B_,ASTRA G Coupe F07_,COMBO Kasten\/Kombi,ASTRA G Stufenheck F69_,VECTRA B CC 38_,COMBO Tour,SINTRA,TIGRA 95_,CORSA C Kasten F08, W5L,COMBO 71_,SPEEDSTER,CORSA B Kasten 73_,ASTRA G Kasten F70; IVECO: EUROSTAR,STRALIS,TRAKKER; VOLVO: 7900,8900,9700,9900,B7,B9,FE II,FH,FH II,FH16,FH16 II,FL II,FL III,FM,FMX,FMX II; SAAB: 9-3 YS3F,9-5 Kombi YS3E,9-3 Kombi YS3F,9-3 YS3D,9-5 YS3E,9-3 Cabriolet YS3F,9-3 Cabriolet YS3D,9000 Schr\u00e4gheck,900 II Cabriolet,900 II,9000,900 II Coupe; ALFA ROMEO: 159 Sportwagon 939,156 Sportwagon 932,156 932,159 939,166 936,BRERA,SPIDER 939,145 930,146 930; FIAT: DUCATO Kasten 250,DUCATO Pritsche\/Fahrgestell 250,DUCATO Pritsche\/Fahrgestell 230,DUCATO Bus 250,DUCATO Bus 230,DUCATO Kasten 244,DUCATO Pritsche\/Fahrgestell 244,DUCATO Kasten 230L,DUCATO Bus 244, Z_,MULTIPLA 186,BRAVO I 182,MAREA Weekend 185,MAREA 185; CITRO\u00cbN: JUMPER Kasten,JUMPER Kasten 244,JUMPER Bus,JUMPER Pritsche\/Fahrgestell,JUMPER Kasten 230L,JUMPER Bus 244, Z_,JUMPER Bus 230P,JUMPER Pritsche\/Fahrgestell 244,JUMPER Pritsche\/Fahrgestell 230; PEUGEOT: BOXER Kasten,BOXER Kasten 230L,BOXER Kasten 244,BOXER Bus,BOXER Pritsche\/Fahrgestell,BOXER Bus 230P,BOXER Bus 244, Z_,BOXER Pritsche\/Fahrgestell ZCT_,BOXER Pritsche\/Fahrgestell 244; 46469865, 46472179, 500382599, 55187822, 60814715, 71739856, 71741090, 99455420, 1338C7, 1338F9, 46469865, 46472179, 500382599, 55187822, 60814715, 71739856, 71741090, 99455420, 37870PLZD00, 37870RBDE01, 500382599, 46469865, 46472179, 500382599, 55187822, 60814715, 71739856, 71741090, 99455420, 1338467, 1338511, 1342567, 4660585, 4772307, 4773586, 6235605, 6238179, 6238266, 6238422, 6238935, 6338486, 1338C7, 1338F9, 5010412450, 7420513340, 7421531072, 7485137860, 12566778, 15393755, 24436779, 4660585, 4772208, 4772307, 4773586, 5341391, 5959283, 90541937, 20513340, 21531072; J\u00e4\u00e4hdytysnestel\u00e4mp\u00f6tilan Sensori<\/p>\n","protected":false},"excerpt":{"rendered":"<p>MEYLE J\u00e4\u00e4hdytysnesteen L\u00e4mp\u00f6tila Anturi 614 899 0038 J\u00e4\u00e4hdytysnestel\u00e4mp\u00f6tilan Sensori HONDA,LANCIA,OPEL,CIVIC VIII Hatchback FN, FK,CR-V III RE<\/p>\n","protected":false},"featured_media":0,"template":"","meta":{"site-sidebar-layout":"default","site-content-layout":"default","ast-global-header-display":"","ast-main-header-display":"","ast-hfb-above-header-display":"","ast-hfb-below-header-display":"","ast-hfb-mobile-header-display":"","site-post-title":"","ast-breadcrumbs-content":"","ast-featured-img":"","footer-sml-layout":"","theme-transparent-header-meta":"","adv-header-id-meta":"","stick-header-meta":"","header-above-stick-meta":"","header-main-stick-meta":"","header-below-stick-meta":""},"pwb-brand":[84],"product_cat":[200],"product_tag":[],"class_list":{"0":"post-21741","1":"product","2":"type-product","3":"status-publish","5":"pwb-brand-meyle","6":"product_cat-jaahdytysnesteen-lampotila-anturi","7":"desktop-align-left","8":"tablet-align-left","9":"mobile-align-left","11":"first","12":"instock","13":"product-type-external"},"brands":[{"id":84,"name":"MEYLE","slug":"meyle"}],"_links":{"self":[{"href":"https:\/\/www.autonvaraosahaku.fi\/index.php?rest_route=\/wp\/v2\/product\/21741","targetHints":{"allow":["GET"]}}],"collection":[{"href":"https:\/\/www.autonvaraosahaku.fi\/index.php?rest_route=\/wp\/v2\/product"}],"about":[{"href":"https:\/\/www.autonvaraosahaku.fi\/index.php?rest_route=\/wp\/v2\/types\/product"}],"wp:attachment":[{"href":"https:\/\/www.autonvaraosahaku.fi\/index.php?rest_route=%2Fwp%2Fv2%2Fmedia&parent=21741"}],"wp:term":[{"taxonomy":"pwb-brand","embeddable":true,"href":"https:\/\/www.autonvaraosahaku.fi\/index.php?rest_route=%2Fwp%2Fv2%2Fpwb-brand&post=21741"},{"taxonomy":"product_cat","embeddable":true,"href":"https:\/\/www.autonvaraosahaku.fi\/index.php?rest_route=%2Fwp%2Fv2%2Fproduct_cat&post=21741"},{"taxonomy":"product_tag","embeddable":true,"href":"https:\/\/www.autonvaraosahaku.fi\/index.php?rest_route=%2Fwp%2Fv2%2Fproduct_tag&post=21741"}],"curies":[{"name":"wp","href":"https:\/\/api.w.org\/{rel}","templated":true}]}}