{"id":21754,"date":"2021-02-21T14:44:47","date_gmt":"2021-02-21T14:44:47","guid":{"rendered":"https:\/\/www.autonvaraosahaku.fi\/?product=meat-doria-76007e-polttoainepumppu"},"modified":"2021-02-21T14:44:49","modified_gmt":"2021-02-21T14:44:49","slug":"meat-doria-76007e-polttoainepumppu","status":"publish","type":"product","link":"https:\/\/www.autonvaraosahaku.fi\/?product=meat-doria-76007e-polttoainepumppu","title":{"rendered":"MEAT &#038; DORIA 76007E Polttoainepumppu"},"content":{"rendered":"<p>K\u00e4ytt\u00f6: S\u00e4hk\u00f6inen; K\u00e4ytt\u00f6paine (bar): 5; Siirtom\u00e4\u00e4r\u00e4 (l\/h): 150; Laatu: EQUIVALENT; Valmistusvuosi alkaen: 09\/1978; VW: GOLF I Cabriolet 155,SCIROCCO 53B,GOLF I 17,CADDY I 14,PASSAT Variant 32B,PASSAT 32B,SCIROCCO 53,JETTA I 16,PASSAT 32,PASSAT Variant 33; AUDI: 80 81, 85, B2,80 80, 82, B1,100 43, C2,100 Avant 43, C2; BMW: 3 E30,5 E28,3 E21,5 E12; VOLVO: 240 Kombi P245,740 Kombi 745,740 744,240 P242, P244,260 P262, P264,260 Coupe P262,260 Kombi P265; SAAB: 9000 Schr\u00e4gheck,900 I Combi Coupe,900 I AC4, AM4,9000; PEUGEOT: 505 551A,505 Break 551D; RENAULT: 25 B29_; MITSUBISHI: STARION A18_A; PORSCHE: 924,911,928,911 964,911 993,911 Targa,911 Cabriolet,911 Cabriolet 964,911 Cabriolet 993,911 Targa 993,911 Targa 964,911 Speedster 964; 171906091A, 321906091, 431906091, 431906091A, 431906091B, 431906091C, 431906091D, 810906091B, 810906091C, 893906091, 893906091B, 893906091D, 91160810202, 16121116315, 16121150201, 145054, 145070, 91507308, 9150730880, 91513794, 9151379480, 91538807, 06167PE7741, 16700PD6661, 16700PD6662, 16700PE7734, 16700PE7736, 16700PE7747, 16700PE7748, 16700PG7661, 16700PG7664, 16700PJ5621, 16700PJ5622, N30413350C, MD062978, MD069189, MD074182, MD074602, 025115054, 0815007, 090220118, 25115054, 815007, 90220118, 145054, 145070, 91507308, 9150730880, 91513794, 9151379480, 9151819080, 91538807, 9153880780, 91160810202, 92809460801, 92860810402, 92860810403, 94460810203, 94460810206, 96462010400, 6001000470, 7700260678, 7700266206, 7700267774, 9999163575, UR22696, 7536923, 8318859, 9361015, 9393935, 171906091A, 321906091, 431906091, 431906091A, 431906091B, 431906091C, 431906091D, 810906091B, 810906091C, 893906091, 893906091B, 893906091D, 91160810202, 171906091A, 321906091, 431906091, 431906091A, 4319&#8230;<\/p>\n","protected":false},"excerpt":{"rendered":"<p>MEAT &#038; DORIA Polttoainepumppu 76007E  VW,AUDI,BMW,GOLF I Cabriolet 155,SCIROCCO 53B,GOLF I 17,CADDY I 14,PASSAT Variant 32B,PASSAT 32B,SCIROCCO 53<\/p>\n","protected":false},"featured_media":0,"template":"","meta":{"site-sidebar-layout":"default","site-content-layout":"default","ast-global-header-display":"","ast-main-header-display":"","ast-hfb-above-header-display":"","ast-hfb-below-header-display":"","ast-hfb-mobile-header-display":"","site-post-title":"","ast-breadcrumbs-content":"","ast-featured-img":"","footer-sml-layout":"","theme-transparent-header-meta":"","adv-header-id-meta":"","stick-header-meta":"","header-above-stick-meta":"","header-main-stick-meta":"","header-below-stick-meta":""},"pwb-brand":[448],"product_cat":[73],"product_tag":[],"class_list":{"0":"post-21754","1":"product","2":"type-product","3":"status-publish","5":"pwb-brand-meat-doria","6":"product_cat-polttoainepumppu","7":"desktop-align-left","8":"tablet-align-left","9":"mobile-align-left","11":"first","12":"instock","13":"product-type-external"},"brands":[{"id":448,"name":"MEAT &amp; DORIA","slug":"meat-doria"}],"_links":{"self":[{"href":"https:\/\/www.autonvaraosahaku.fi\/index.php?rest_route=\/wp\/v2\/product\/21754","targetHints":{"allow":["GET"]}}],"collection":[{"href":"https:\/\/www.autonvaraosahaku.fi\/index.php?rest_route=\/wp\/v2\/product"}],"about":[{"href":"https:\/\/www.autonvaraosahaku.fi\/index.php?rest_route=\/wp\/v2\/types\/product"}],"wp:attachment":[{"href":"https:\/\/www.autonvaraosahaku.fi\/index.php?rest_route=%2Fwp%2Fv2%2Fmedia&parent=21754"}],"wp:term":[{"taxonomy":"pwb-brand","embeddable":true,"href":"https:\/\/www.autonvaraosahaku.fi\/index.php?rest_route=%2Fwp%2Fv2%2Fpwb-brand&post=21754"},{"taxonomy":"product_cat","embeddable":true,"href":"https:\/\/www.autonvaraosahaku.fi\/index.php?rest_route=%2Fwp%2Fv2%2Fproduct_cat&post=21754"},{"taxonomy":"product_tag","embeddable":true,"href":"https:\/\/www.autonvaraosahaku.fi\/index.php?rest_route=%2Fwp%2Fv2%2Fproduct_tag&post=21754"}],"curies":[{"name":"wp","href":"https:\/\/api.w.org\/{rel}","templated":true}]}}