{"id":21761,"date":"2021-02-21T14:44:51","date_gmt":"2021-02-21T14:44:51","guid":{"rendered":"https:\/\/www.autonvaraosahaku.fi\/?product=hella-8dd-355-126-911-jarrulevyt"},"modified":"2021-02-21T14:44:52","modified_gmt":"2021-02-21T14:44:52","slug":"hella-8dd-355-126-911-jarrulevyt","status":"publish","type":"product","link":"https:\/\/www.autonvaraosahaku.fi\/?product=hella-8dd-355-126-911-jarrulevyt","title":{"rendered":"HELLA 8DD 355 126-911 Jarrulevyt"},"content":{"rendered":"<p>Jarrulevytyyppi: Vakiomalli; Ulkol\u00e4pimitta [mm]: 302; Jarrulevyn paksuus (mm): 10; V\u00e4himm\u00e4ispaksuus (mm): 8; Korkeus (mm): 54,7; Reik\u00e4kuvio\/-m\u00e4\u00e4r\u00e4: 05\/08; Reik\u00e4ympyr\u00e4-\u00d8 [mm]: 114,3; keskitt\u00e4misl\u00e4pimitta [mm]: 76; Paino [kg]: 5,3; Korvaava tuote\/korvaava tiedote 2: Ilman py\u00f6r\u00e4nnapaa, Ilman py\u00f6r\u00e4nkiinnityspultteja; Pinta: pinnoitettu; Teknisten tietojen numero: 55949PRO; Asennuspuoli: Hinterachse; KIA: SPORTAGE QL; HYUNDAI: TUCSON; 58411D7000; Jarrulevy<\/p>\n","protected":false},"excerpt":{"rendered":"<p>HELLA Jarrulevyt PRO 8DD 355 126-911 Jarrulevy KIA,HYUNDAI,SPORTAGE QL,TUCSON<\/p>\n","protected":false},"featured_media":0,"template":"","meta":{"site-sidebar-layout":"default","site-content-layout":"default","ast-global-header-display":"","ast-main-header-display":"","ast-hfb-above-header-display":"","ast-hfb-below-header-display":"","ast-hfb-mobile-header-display":"","site-post-title":"","ast-breadcrumbs-content":"","ast-featured-img":"","footer-sml-layout":"","theme-transparent-header-meta":"","adv-header-id-meta":"","stick-header-meta":"","header-above-stick-meta":"","header-main-stick-meta":"","header-below-stick-meta":""},"pwb-brand":[24],"product_cat":[66],"product_tag":[],"class_list":{"0":"post-21761","1":"product","2":"type-product","3":"status-publish","5":"pwb-brand-hella","6":"product_cat-jarrulevyt","7":"desktop-align-left","8":"tablet-align-left","9":"mobile-align-left","11":"first","12":"instock","13":"product-type-external"},"brands":[{"id":24,"name":"HELLA","slug":"hella"}],"_links":{"self":[{"href":"https:\/\/www.autonvaraosahaku.fi\/index.php?rest_route=\/wp\/v2\/product\/21761","targetHints":{"allow":["GET"]}}],"collection":[{"href":"https:\/\/www.autonvaraosahaku.fi\/index.php?rest_route=\/wp\/v2\/product"}],"about":[{"href":"https:\/\/www.autonvaraosahaku.fi\/index.php?rest_route=\/wp\/v2\/types\/product"}],"wp:attachment":[{"href":"https:\/\/www.autonvaraosahaku.fi\/index.php?rest_route=%2Fwp%2Fv2%2Fmedia&parent=21761"}],"wp:term":[{"taxonomy":"pwb-brand","embeddable":true,"href":"https:\/\/www.autonvaraosahaku.fi\/index.php?rest_route=%2Fwp%2Fv2%2Fpwb-brand&post=21761"},{"taxonomy":"product_cat","embeddable":true,"href":"https:\/\/www.autonvaraosahaku.fi\/index.php?rest_route=%2Fwp%2Fv2%2Fproduct_cat&post=21761"},{"taxonomy":"product_tag","embeddable":true,"href":"https:\/\/www.autonvaraosahaku.fi\/index.php?rest_route=%2Fwp%2Fv2%2Fproduct_tag&post=21761"}],"curies":[{"name":"wp","href":"https:\/\/api.w.org\/{rel}","templated":true}]}}